{"id":989113,"date":"2025-03-22T23:16:35","date_gmt":"2025-03-22T23:16:35","guid":{"rendered":"https:\/\/agrovetazerbaijan.az\/?post_type=product&#038;p=989113"},"modified":"2025-06-16T20:58:37","modified_gmt":"2025-06-16T20:58:37","slug":"dexid-400","status":"publish","type":"product","link":"https:\/\/agrovetazerbaijan.az\/en\/product\/dexid-400\/","title":{"rendered":"Dexide-400"},"content":{"rendered":"<div class=\"vgblk-rw-wrapper limit-wrapper\">\n<div class=\"product-shop columns large-7 medium-7 small-12\">\n<h3 data-start=\"109\" data-end=\"126\"><strong data-start=\"113\" data-end=\"126\">Dexide-400<\/strong><\/h3>\n<p data-start=\"128\" data-end=\"141\"><strong data-start=\"128\" data-end=\"139\">Ingredients<\/strong><\/p>\n<ul data-start=\"142\" data-end=\"247\">\n<li data-start=\"142\" data-end=\"183\">\n<p data-start=\"144\" data-end=\"183\">Quaternary ammonium compounds \u2013 25%<\/p>\n<\/li>\n<li data-start=\"184\" data-end=\"207\">\n<p data-start=\"186\" data-end=\"207\">Glutaraldehyde \u2013 10%<\/p>\n<\/li>\n<li data-start=\"208\" data-end=\"229\">\n<p data-start=\"210\" data-end=\"229\">Isopropanol \u2013 13%<\/p>\n<\/li>\n<li data-start=\"230\" data-end=\"247\">\n<p data-start=\"232\" data-end=\"247\">Pine oil \u2013 0.3%<\/p>\n<\/li>\n<\/ul>\n<hr data-start=\"249\" data-end=\"252\" \/>\n<h3 data-start=\"254\" data-end=\"271\"><strong data-start=\"258\" data-end=\"269\">Description<\/strong><\/h3>\n<p data-start=\"272\" data-end=\"975\">Dexid-400 is a powerful and high-performance final disinfectant based on an optimized mixture of glutaraldehyde and quaternary ammonium compounds (QAB) in aqueous solution. It combines the soil penetration, cleaning and rapid microbicidal properties of QABs with the broad-spectrum action of glutaraldehyde. Dexid-400 is intended for use in poultry incubators, livestock buildings, equipment, shoe disinfection baths and wheel washing systems. It is effective against bacteria, viruses and fungi and serves to effectively protect animal health and hygiene. It is used as a final disinfectant for cleaned and washed surfaces.<\/p>\n<hr data-start=\"977\" data-end=\"980\" \/>\n<h3 data-start=\"982\" data-end=\"1011\"><strong data-start=\"986\" data-end=\"1011\">Instructions for use<\/strong><\/h3>\n<h4 data-start=\"1013\" data-end=\"1060\"><strong data-start=\"1018\" data-end=\"1059\">Livestock buildings and incubators<\/strong>:<\/h4>\n<ul data-start=\"1061\" data-end=\"1499\">\n<li data-start=\"1061\" data-end=\"1107\">\n<p data-start=\"1063\" data-end=\"1107\">Clean the surfaces with a suitable detergent.<\/p>\n<\/li>\n<li data-start=\"1108\" data-end=\"1307\">\n<p data-start=\"1110\" data-end=\"1307\">After washing and drying, apply Dexid-400 by spraying the surfaces at a ratio of 0.25% (if there is no disease; 1:400) or 0.5% (in case of disease; 1:200) (approximately 1 liter of solution per 4 m\u00b2 area).<\/p>\n<\/li>\n<li data-start=\"1308\" data-end=\"1375\">\n<p data-start=\"1310\" data-end=\"1375\">For fogging: 1 L Dexid-400 + 4 L water per 1000 m\u00b3.<\/p>\n<\/li>\n<li data-start=\"1376\" data-end=\"1499\">\n<p data-start=\"1378\" data-end=\"1499\">After a minimum of 20 minutes of contact, rinse the area thoroughly and allow it to dry completely before returning the animals.<\/p>\n<\/li>\n<\/ul>\n<h4 data-start=\"1501\" data-end=\"1575\"><strong data-start=\"1506\" data-end=\"1574\">Trucks and trailers used for animal transportation<\/strong>:<\/h4>\n<ul data-start=\"1576\" data-end=\"1780\">\n<li data-start=\"1576\" data-end=\"1606\">\n<p data-start=\"1578\" data-end=\"1606\">Clean with a suitable detergent.<\/p>\n<\/li>\n<li data-start=\"1607\" data-end=\"1671\">\n<p data-start=\"1609\" data-end=\"1671\">After washing and rinsing, spray with 0.5% (1:200) Dexid-400.<\/p>\n<\/li>\n<li data-start=\"1672\" data-end=\"1704\">\n<p data-start=\"1674\" data-end=\"1704\">Wash after the contact period.<\/p>\n<\/li>\n<li data-start=\"1705\" data-end=\"1780\">\n<p data-start=\"1707\" data-end=\"1780\">Use the same concentration (0.5%; 1:200) for wheel baths.<\/p>\n<\/li>\n<\/ul>\n<h4 data-start=\"1782\" data-end=\"1844\"><strong data-start=\"1787\" data-end=\"1843\">Storage and processing areas for feed and food products<\/strong>:<\/h4>\n<ul data-start=\"1845\" data-end=\"2013\">\n<li data-start=\"1845\" data-end=\"1884\">\n<p data-start=\"1847\" data-end=\"1884\">Clean the surfaces with a suitable detergent.<\/p>\n<\/li>\n<li data-start=\"1885\" data-end=\"1962\">\n<p data-start=\"1887\" data-end=\"1962\">After washing and rinsing, apply 0.25 \u2013 0.5% (1:400 \u2013 1:200) Dexid-400.<\/p>\n<\/li>\n<li data-start=\"1963\" data-end=\"2013\">\n<p data-start=\"1965\" data-end=\"2013\">Rinse thoroughly after contact for at least 20 minutes.<\/p>\n<\/li>\n<\/ul>\n<h4 data-start=\"2015\" data-end=\"2074\"><strong data-start=\"2020\" data-end=\"2073\">Vehicles transporting food products<\/strong>:<\/h4>\n<ul data-start=\"2075\" data-end=\"2215\">\n<li data-start=\"2075\" data-end=\"2105\">\n<p data-start=\"2077\" data-end=\"2105\">Clean with a suitable detergent.<\/p>\n<\/li>\n<li data-start=\"2106\" data-end=\"2183\">\n<p data-start=\"2108\" data-end=\"2183\">After washing and rinsing, apply 0.25 \u2013 0.5% (1:400 \u2013 1:200) Dexid-400.<\/p>\n<\/li>\n<li data-start=\"2184\" data-end=\"2215\">\n<p data-start=\"2186\" data-end=\"2215\">Wash off after at least 20 minutes.<\/p>\n<\/li>\n<\/ul>\n<h4 data-start=\"2217\" data-end=\"2258\"><strong data-start=\"2222\" data-end=\"2257\">Shoe disinfection baths<\/strong>:<\/h4>\n<ul data-start=\"2259\" data-end=\"2385\">\n<li data-start=\"2259\" data-end=\"2316\">\n<p data-start=\"2261\" data-end=\"2316\">Dilute Dexid-400 product at a ratio of 0.5% (1:200).<\/p>\n<\/li>\n<li data-start=\"2317\" data-end=\"2385\">\n<p data-start=\"2319\" data-end=\"2385\">Renew 2\u20133 times a week, or daily for better results.<\/p>\n<\/li>\n<\/ul>\n<p data-start=\"2387\" data-end=\"2559\"><strong data-start=\"2387\" data-end=\"2395\">Note<\/strong>: Dexid-400 is biodegradable and works effectively in both soft and hard water conditions. The product can be applied by soaking, spraying and fogging methods.<\/p>\n<hr data-start=\"2561\" data-end=\"2564\" \/>\n<h3 data-start=\"2566\" data-end=\"2603\"><strong data-start=\"2570\" data-end=\"2603\">Contraindications and dangers<\/strong><\/h3>\n<ul data-start=\"2605\" data-end=\"2924\">\n<li data-start=\"2605\" data-end=\"2630\">\n<p data-start=\"2607\" data-end=\"2630\">Harmful if swallowed.<\/p>\n<\/li>\n<li data-start=\"2631\" data-end=\"2695\">\n<p data-start=\"2633\" data-end=\"2695\">It can cause serious skin burns and eye damage.<\/p>\n<\/li>\n<li data-start=\"2696\" data-end=\"2745\">\n<p data-start=\"2698\" data-end=\"2745\">May cause allergic skin reactions.<\/p>\n<\/li>\n<li data-start=\"2746\" data-end=\"2831\">\n<p data-start=\"2748\" data-end=\"2831\">When inhaled, it can cause allergic asthma symptoms and breathing difficulties.<\/p>\n<\/li>\n<li data-start=\"2832\" data-end=\"2888\">\n<p data-start=\"2834\" data-end=\"2888\">It is very harmful to the aquatic environment and has long-term effects.<\/p>\n<\/li>\n<li data-start=\"2889\" data-end=\"2924\">\n<p data-start=\"2891\" data-end=\"2924\">Do not breathe dust or fumes.<\/p>\n<\/li>\n<\/ul>\n<p data-start=\"2926\" data-end=\"2957\"><strong data-start=\"2926\" data-end=\"2954\">Security measures<\/strong>:<\/p>\n<ul data-start=\"2958\" data-end=\"3191\">\n<li data-start=\"2958\" data-end=\"3005\">\n<p data-start=\"2960\" data-end=\"3005\">Wash your hands thoroughly after use.<\/p>\n<\/li>\n<li data-start=\"3006\" data-end=\"3074\">\n<p data-start=\"3008\" data-end=\"3074\">Do not eat, drink or smoke during use.<\/p>\n<\/li>\n<li data-start=\"3075\" data-end=\"3116\">\n<p data-start=\"3077\" data-end=\"3116\">Avoid release to the environment.<\/p>\n<\/li>\n<li data-start=\"3117\" data-end=\"3191\">\n<p data-start=\"3119\" data-end=\"3191\">Use protective gloves, clothing, goggles and face shield.<\/p>\n<\/li>\n<\/ul>\n<p data-start=\"3193\" data-end=\"3233\"><strong data-start=\"3193\" data-end=\"3230\">Emergency instructions<\/strong>:<\/p>\n<ul data-start=\"3234\" data-end=\"3695\">\n<li data-start=\"3234\" data-end=\"3367\">\n<p data-start=\"3236\" data-end=\"3367\"><strong data-start=\"3236\" data-end=\"3249\">When swallowed<\/strong>: If you feel unwell, call a poison control center or doctor immediately. Rinse mouth, do not induce vomiting.<\/p>\n<\/li>\n<li data-start=\"3368\" data-end=\"3414\">\n<p data-start=\"3370\" data-end=\"3414\"><strong data-start=\"3370\" data-end=\"3386\">Skin contact<\/strong>: Wash with plenty of water and soap.<\/p>\n<\/li>\n<li data-start=\"3415\" data-end=\"3496\">\n<p data-start=\"3417\" data-end=\"3496\"><strong data-start=\"3417\" data-end=\"3444\">Contact with skin or hair<\/strong>: Remove contaminated clothing, rinse skin with water.<\/p>\n<\/li>\n<li data-start=\"3497\" data-end=\"3567\">\n<p data-start=\"3499\" data-end=\"3567\"><strong data-start=\"3499\" data-end=\"3514\">Inhalation<\/strong>: Remove to fresh air, make breathing easier.<\/p>\n<\/li>\n<li data-start=\"3568\" data-end=\"3695\">\n<p data-start=\"3570\" data-end=\"3695\"><strong data-start=\"3570\" data-end=\"3585\">Eye contact<\/strong>: Rinse thoroughly with plenty of water. If lenses are present and can be easily removed, remove them and continue rinsing.<\/p>\n<\/li>\n<\/ul>\n<p data-start=\"3697\" data-end=\"3845\"><strong data-start=\"3697\" data-end=\"3707\">Disposal<\/strong>:<br data-start=\"3708\" data-end=\"3711\" \/>Dispose of the product and packaging contents to a special hazardous waste facility in accordance with national and international regulations.<\/p>\n<p data-start=\"3847\" data-end=\"3889\"><strong data-start=\"3847\" data-end=\"3889\">Keep out of reach of children.<\/strong><\/p>\n<hr data-start=\"3891\" data-end=\"3894\" \/>\n<h3 data-start=\"3896\" data-end=\"3915\"><strong data-start=\"3900\" data-end=\"3915\">Packaging<\/strong><\/h3>\n<ul data-start=\"3916\" data-end=\"3999\">\n<li data-start=\"3916\" data-end=\"3938\">\n<p data-start=\"3918\" data-end=\"3938\">1 liter glass jar<\/p>\n<\/li>\n<li data-start=\"3939\" data-end=\"3970\">\n<p data-start=\"3941\" data-end=\"3970\">5, 10 and 20 liter canisters<\/p>\n<\/li>\n<li data-start=\"3971\" data-end=\"3999\">\n<p data-start=\"3973\" data-end=\"3999\">200 and 1000 liter drums<\/p>\n<\/li>\n<\/ul>\n<\/div>\n<\/div>\n<p><!-- .vgblk-rw-wrapper --><\/p>","protected":false},"excerpt":{"rendered":"<p>Dexid-400 T\u0259rkibi Kvaterner ammonium birl\u0259\u015fm\u0259l\u0259ri \u2013 25% Qlutaraldegid \u2013 10% \u0130zopropanol \u2013 13% \u015eam ya\u011f\u0131 \u2013 0.3% T\u0259sviri Dexid-400, sulu m\u0259hlulda qlutaraldegid v\u0259 kvaterner ammonium birl\u0259\u015fm\u0259l\u0259rinin (QAB) optimalla\u015fd\u0131r\u0131lm\u0131\u015f qar\u0131\u015f\u0131\u011f\u0131na \u0259saslanan g\u00fccl\u00fc v\u0259 y\u00fcks\u0259k performansl\u0131 son dezinfeksiyaedici vasit\u0259dir. Qlutaraldegidin geni\u015f spektrli t\u0259siri il\u0259 QAB-lar\u0131n torpa\u011fa n\u00fcfuzetm\u0259, t\u0259mizl\u0259m\u0259 v\u0259 s\u00fcr\u0259tli mikrob\u00f6ld\u00fcr\u00fcc\u00fc x\u00fcsusiyy\u0259tl\u0259rini birl\u0259\u015fdirir. Dexid-400 qu\u015f\u00e7uluq inkubatorlar\u0131nda, heyvandarl\u0131q&#8230;<\/p>","protected":false},"featured_media":989114,"comment_status":"closed","ping_status":"closed","template":"","meta":{"nf_dc_page":"","_monsterinsights_skip_tracking":false,"_monsterinsights_sitenote_active":false,"_monsterinsights_sitenote_note":"","_monsterinsights_sitenote_category":0},"product_brand":[],"product_cat":[147,16],"product_tag":[],"class_list":{"0":"post-989113","1":"product","2":"type-product","3":"status-publish","4":"has-post-thumbnail","6":"product_cat-disinfectants","7":"product_cat-uncategorized","9":"first","10":"instock","11":"shipping-taxable","12":"product-type-simple"},"jetpack_sharing_enabled":true,"_links":{"self":[{"href":"https:\/\/agrovetazerbaijan.az\/en\/wp-json\/wp\/v2\/product\/989113","targetHints":{"allow":["GET"]}}],"collection":[{"href":"https:\/\/agrovetazerbaijan.az\/en\/wp-json\/wp\/v2\/product"}],"about":[{"href":"https:\/\/agrovetazerbaijan.az\/en\/wp-json\/wp\/v2\/types\/product"}],"replies":[{"embeddable":true,"href":"https:\/\/agrovetazerbaijan.az\/en\/wp-json\/wp\/v2\/comments?post=989113"}],"version-history":[{"count":2,"href":"https:\/\/agrovetazerbaijan.az\/en\/wp-json\/wp\/v2\/product\/989113\/revisions"}],"predecessor-version":[{"id":989610,"href":"https:\/\/agrovetazerbaijan.az\/en\/wp-json\/wp\/v2\/product\/989113\/revisions\/989610"}],"wp:featuredmedia":[{"embeddable":true,"href":"https:\/\/agrovetazerbaijan.az\/en\/wp-json\/wp\/v2\/media\/989114"}],"wp:attachment":[{"href":"https:\/\/agrovetazerbaijan.az\/en\/wp-json\/wp\/v2\/media?parent=989113"}],"wp:term":[{"taxonomy":"product_brand","embeddable":true,"href":"https:\/\/agrovetazerbaijan.az\/en\/wp-json\/wp\/v2\/product_brand?post=989113"},{"taxonomy":"product_cat","embeddable":true,"href":"https:\/\/agrovetazerbaijan.az\/en\/wp-json\/wp\/v2\/product_cat?post=989113"},{"taxonomy":"product_tag","embeddable":true,"href":"https:\/\/agrovetazerbaijan.az\/en\/wp-json\/wp\/v2\/product_tag?post=989113"}],"curies":[{"name":"wp","href":"https:\/\/api.w.org\/{rel}","templated":true}]}}