{"id":989110,"date":"2025-03-22T23:15:36","date_gmt":"2025-03-22T23:15:36","guid":{"rendered":"https:\/\/agrovetazerbaijan.az\/?post_type=product&#038;p=989110"},"modified":"2025-06-16T21:00:07","modified_gmt":"2025-06-16T21:00:07","slug":"dexid-200","status":"publish","type":"product","link":"https:\/\/agrovetazerbaijan.az\/en\/product\/dexid-200\/","title":{"rendered":"Dexide-200"},"content":{"rendered":"<div class=\"vgblk-rw-wrapper limit-wrapper\">\n<div class=\"product-shop columns large-7 medium-7 small-12\">\n<p data-start=\"98\" data-end=\"111\"><strong data-start=\"98\" data-end=\"111\">Dexide-200<\/strong><\/p>\n<p data-start=\"113\" data-end=\"126\"><strong data-start=\"113\" data-end=\"124\">Ingredients<\/strong><\/p>\n<ul data-start=\"127\" data-end=\"233\">\n<li data-start=\"127\" data-end=\"170\">\n<p data-start=\"129\" data-end=\"170\">Quaternary ammonium compounds \u2013 12.5%<\/p>\n<\/li>\n<li data-start=\"171\" data-end=\"193\">\n<p data-start=\"173\" data-end=\"193\">Glutaraldehyde \u2013 5%<\/p>\n<\/li>\n<li data-start=\"194\" data-end=\"215\">\n<p data-start=\"196\" data-end=\"215\">Isopropanol \u2013 13%<\/p>\n<\/li>\n<li data-start=\"216\" data-end=\"233\">\n<p data-start=\"218\" data-end=\"233\">Pine oil \u2013 0.3%<\/p>\n<\/li>\n<\/ul>\n<hr data-start=\"235\" data-end=\"238\" \/>\n<p data-start=\"240\" data-end=\"815\"><strong data-start=\"240\" data-end=\"251\">Description<\/strong><br data-start=\"251\" data-end=\"254\" \/>Dexid-200 is a disinfectant based on an optimized mixture of glutaraldehyde and quaternary ammonium compounds (QAB) in aqueous solution. This product combines the powerful, broad-spectrum action of glutaraldehyde with the soil-penetrating, cleaning and rapid microbicidal properties of QABs. Dexid-200 is effective against microorganisms such as bacteria, viruses and fungi and is effectively used to protect animal health and hygiene. It is intended as a final disinfectant for thoroughly cleaned and washed surfaces.<\/p>\n<hr data-start=\"817\" data-end=\"820\" \/>\n<p data-start=\"822\" data-end=\"847\"><strong data-start=\"822\" data-end=\"847\">Instructions for use<\/strong><\/p>\n<p data-start=\"849\" data-end=\"891\"><strong data-start=\"849\" data-end=\"890\">Livestock buildings and incubators<\/strong>:<\/p>\n<ul data-start=\"892\" data-end=\"1324\">\n<li data-start=\"892\" data-end=\"938\">\n<p data-start=\"894\" data-end=\"938\">Clean the surfaces with a suitable detergent.<\/p>\n<\/li>\n<li data-start=\"939\" data-end=\"1131\">\n<p data-start=\"941\" data-end=\"1131\">After washing and drying, apply Dexid-200 solution at a ratio of 0.5% (without disease: 1:200) or 1% (with disease spread: 1:100) by spraying on the surfaces (approximately 1 liter of solution per 4 m\u00b2).<\/p>\n<\/li>\n<li data-start=\"1132\" data-end=\"1200\">\n<p data-start=\"1134\" data-end=\"1200\">For fogging: 2 L Dexid-200 + 3 L water per 1000 m\u00b3.<\/p>\n<\/li>\n<li data-start=\"1201\" data-end=\"1324\">\n<p data-start=\"1203\" data-end=\"1324\">After a minimum of 20 minutes of contact, rinse the area thoroughly and allow it to dry completely before returning the animals.<\/p>\n<\/li>\n<\/ul>\n<p data-start=\"1326\" data-end=\"1358\"><strong data-start=\"1326\" data-end=\"1357\">Trucks and trailers<\/strong>:<\/p>\n<ul data-start=\"1359\" data-end=\"1553\">\n<li data-start=\"1359\" data-end=\"1389\">\n<p data-start=\"1361\" data-end=\"1389\">Clean with a suitable detergent.<\/p>\n<\/li>\n<li data-start=\"1390\" data-end=\"1469\">\n<p data-start=\"1392\" data-end=\"1469\">After washing and rinsing, spray Dexid-200 solution at a ratio of 1% (1:100).<\/p>\n<\/li>\n<li data-start=\"1470\" data-end=\"1494\">\n<p data-start=\"1472\" data-end=\"1494\">Wash off after 20 minutes.<\/p>\n<\/li>\n<li data-start=\"1495\" data-end=\"1553\">\n<p data-start=\"1497\" data-end=\"1553\">Also use 1% (1:100) solution for wheel baths.<\/p>\n<\/li>\n<\/ul>\n<p data-start=\"1555\" data-end=\"1621\"><strong data-start=\"1555\" data-end=\"1620\">Areas where feed and food products are stored and processed<\/strong>:<\/p>\n<ul data-start=\"1622\" data-end=\"1785\">\n<li data-start=\"1622\" data-end=\"1668\">\n<p data-start=\"1624\" data-end=\"1668\">Clean the surfaces with a suitable detergent.<\/p>\n<\/li>\n<li data-start=\"1669\" data-end=\"1743\">\n<p data-start=\"1671\" data-end=\"1743\">After washing and rinsing, apply 0.5 \u2013 1% (1:200 \u2013 1:100) Dexid-200.<\/p>\n<\/li>\n<li data-start=\"1744\" data-end=\"1785\">\n<p data-start=\"1746\" data-end=\"1785\">Wash after contact for at least 20 minutes.<\/p>\n<\/li>\n<\/ul>\n<p data-start=\"1787\" data-end=\"1833\"><strong data-start=\"1787\" data-end=\"1832\">Vehicles for food transportation<\/strong>:<\/p>\n<ul data-start=\"1834\" data-end=\"1984\">\n<li data-start=\"1834\" data-end=\"1878\">\n<p data-start=\"1836\" data-end=\"1878\">Clean the cars with a suitable detergent.<\/p>\n<\/li>\n<li data-start=\"1879\" data-end=\"1953\">\n<p data-start=\"1881\" data-end=\"1953\">After washing and rinsing, apply 0.5 \u2013 1% (1:200 \u2013 1:100) Dexid-200.<\/p>\n<\/li>\n<li data-start=\"1954\" data-end=\"1984\">\n<p data-start=\"1956\" data-end=\"1984\">Wash off after at least 20 minutes.<\/p>\n<\/li>\n<\/ul>\n<p data-start=\"1986\" data-end=\"2022\"><strong data-start=\"1986\" data-end=\"2021\">Shoe disinfection baths<\/strong>:<\/p>\n<ul data-start=\"2023\" data-end=\"2168\">\n<li data-start=\"2023\" data-end=\"2168\">\n<p data-start=\"2025\" data-end=\"2168\">Dilute Dexid-200 in a ratio of 1% (1:100) and refresh the bath regularly (every 2\u20133 days, or daily for better results).<\/p>\n<\/li>\n<\/ul>\n<p data-start=\"2170\" data-end=\"2338\"><strong data-start=\"2170\" data-end=\"2178\">Note<\/strong>: Dexid-200 is biodegradable and works effectively in both soft and hard water. The solution can be used by soaking, spraying and fogging methods.<\/p>\n<\/div>\n<\/div>\n<p><!-- .vgblk-rw-wrapper --><\/p>","protected":false},"excerpt":{"rendered":"<p>Dexid-200 T\u0259rkibi Kvaterner ammonium birl\u0259\u015fm\u0259l\u0259ri \u2013 12.5% Qlutaraldegid \u2013 5% \u0130zopropanol \u2013 13% \u015eam ya\u011f\u0131 \u2013 0.3% T\u0259sviriDexid-200, sulu m\u0259hlulda qlutaraldegid v\u0259 kvaterner ammonium birl\u0259\u015fm\u0259l\u0259rinin (QAB) optimalla\u015fd\u0131r\u0131lm\u0131\u015f qar\u0131\u015f\u0131\u011f\u0131na \u0259saslanan bir dezinfeksiyaedici vasit\u0259dir. Bu m\u0259hsul qlutaraldegidin g\u00fccl\u00fc, geni\u015f spektrli t\u0259sirini QAB-lar\u0131n torpa\u011fa n\u00fcfuzetm\u0259, t\u0259mizl\u0259m\u0259 v\u0259 s\u00fcr\u0259tli mikrob\u00f6ld\u00fcr\u00fcc\u00fc x\u00fcsusiyy\u0259tl\u0259ri il\u0259 birl\u0259\u015fdirir. Dexid-200 bakteriya, virus v\u0259 g\u00f6b\u0259l\u0259k kimi&#8230;<\/p>","protected":false},"featured_media":989111,"comment_status":"closed","ping_status":"closed","template":"","meta":{"nf_dc_page":"","_monsterinsights_skip_tracking":false,"_monsterinsights_sitenote_active":false,"_monsterinsights_sitenote_note":"","_monsterinsights_sitenote_category":0},"product_brand":[],"product_cat":[147,16],"product_tag":[],"class_list":{"0":"post-989110","1":"product","2":"type-product","3":"status-publish","4":"has-post-thumbnail","6":"product_cat-disinfectants","7":"product_cat-uncategorized","9":"first","10":"instock","11":"shipping-taxable","12":"product-type-simple"},"jetpack_sharing_enabled":true,"_links":{"self":[{"href":"https:\/\/agrovetazerbaijan.az\/en\/wp-json\/wp\/v2\/product\/989110","targetHints":{"allow":["GET"]}}],"collection":[{"href":"https:\/\/agrovetazerbaijan.az\/en\/wp-json\/wp\/v2\/product"}],"about":[{"href":"https:\/\/agrovetazerbaijan.az\/en\/wp-json\/wp\/v2\/types\/product"}],"replies":[{"embeddable":true,"href":"https:\/\/agrovetazerbaijan.az\/en\/wp-json\/wp\/v2\/comments?post=989110"}],"version-history":[{"count":3,"href":"https:\/\/agrovetazerbaijan.az\/en\/wp-json\/wp\/v2\/product\/989110\/revisions"}],"predecessor-version":[{"id":989611,"href":"https:\/\/agrovetazerbaijan.az\/en\/wp-json\/wp\/v2\/product\/989110\/revisions\/989611"}],"wp:featuredmedia":[{"embeddable":true,"href":"https:\/\/agrovetazerbaijan.az\/en\/wp-json\/wp\/v2\/media\/989111"}],"wp:attachment":[{"href":"https:\/\/agrovetazerbaijan.az\/en\/wp-json\/wp\/v2\/media?parent=989110"}],"wp:term":[{"taxonomy":"product_brand","embeddable":true,"href":"https:\/\/agrovetazerbaijan.az\/en\/wp-json\/wp\/v2\/product_brand?post=989110"},{"taxonomy":"product_cat","embeddable":true,"href":"https:\/\/agrovetazerbaijan.az\/en\/wp-json\/wp\/v2\/product_cat?post=989110"},{"taxonomy":"product_tag","embeddable":true,"href":"https:\/\/agrovetazerbaijan.az\/en\/wp-json\/wp\/v2\/product_tag?post=989110"}],"curies":[{"name":"wp","href":"https:\/\/api.w.org\/{rel}","templated":true}]}}