{"id":989106,"date":"2025-03-22T23:12:08","date_gmt":"2025-03-22T23:12:08","guid":{"rendered":"https:\/\/agrovetazerbaijan.az\/?post_type=product&#038;p=989106"},"modified":"2025-06-16T20:55:00","modified_gmt":"2025-06-16T20:55:00","slug":"aquapure-1000","status":"publish","type":"product","link":"https:\/\/agrovetazerbaijan.az\/en\/product\/aquapure-1000\/","title":{"rendered":"Aquapure-1000"},"content":{"rendered":"<div class=\"vgblk-rw-wrapper limit-wrapper\">\n<p data-start=\"93\" data-end=\"120\"><strong data-start=\"93\" data-end=\"120\">Aquapure-1000 \u2013 60 pieces<\/strong><\/p>\n<p data-start=\"122\" data-end=\"172\"><strong data-start=\"122\" data-end=\"133\">Ingredients<\/strong><br data-start=\"133\" data-end=\"136\" \/>Sodium dichloroisocyanurate \u2013 8680 mg<\/p>\n<p data-start=\"174\" data-end=\"631\"><strong data-start=\"174\" data-end=\"185\">Description<\/strong><br data-start=\"185\" data-end=\"188\" \/>Aquapure-1000 are effervescent tablets used primarily for water disinfection on farms. Water treated with Aquapure-1000 is microbiologically safe for use by all farm animals. Aquapure-1000 tablets are also used for surface and equipment disinfection on farms. Aquapure-1000 tablets are effective against a broad spectrum of bacteria, fungi, spores, viruses and protozoa.<\/p>\n<p data-start=\"633\" data-end=\"758\"><strong data-start=\"633\" data-end=\"658\">Instructions for use<\/strong><br data-start=\"658\" data-end=\"661\" \/>It is recommended to treat the water with Aquapure-1000 for at least 30 minutes before use.<\/p>\n<ul data-start=\"760\" data-end=\"1224\">\n<li data-start=\"760\" data-end=\"935\">\n<p data-start=\"762\" data-end=\"935\"><strong data-start=\"762\" data-end=\"775\">Drinking water<\/strong>: Used to provide clean and safe drinking water for farm animals. 1 tablet per 1000 liters of drinking water (5 mg of active chlorine per 1 liter of water).<\/p>\n<\/li>\n<li data-start=\"936\" data-end=\"1224\">\n<p data-start=\"938\" data-end=\"982\"><strong data-start=\"938\" data-end=\"979\">Disinfection of surfaces and equipment<\/strong>:<\/p>\n<ul data-start=\"985\" data-end=\"1224\">\n<li data-start=\"985\" data-end=\"1063\">\n<p data-start=\"987\" data-end=\"1063\"><em data-start=\"987\" data-end=\"1006\">Porous surfaces<\/em>: 1 tablet per 10 liters of water (500 mg of active chlorine in 1 liter of water)<\/p>\n<\/li>\n<li data-start=\"1066\" data-end=\"1150\">\n<p data-start=\"1068\" data-end=\"1150\"><em data-start=\"1068\" data-end=\"1093\">Non-porous surfaces<\/em>: 1 tablet per 15 liters of water (350 mg of active chlorine in 1 liter of water)<\/p>\n<\/li>\n<li data-start=\"1153\" data-end=\"1224\">\n<p data-start=\"1155\" data-end=\"1224\"><em data-start=\"1155\" data-end=\"1169\">Equipment<\/em>: 1 tablet per 10 liters of water (500 mg of active chlorine in 1 liter of water)<\/p>\n<\/li>\n<\/ul>\n<\/li>\n<\/ul>\n<p data-start=\"1226\" data-end=\"1598\"><strong data-start=\"1226\" data-end=\"1245\">Contraindications<\/strong><br data-start=\"1245\" data-end=\"1248\" \/>May cause serious eye irritation. May cause respiratory irritation. May have long-term and very toxic effects in the aquatic environment. May liberate toxic gases in contact with acids. Keep out of reach of children. Avoid breathing dust, vapor, gas, mist, spray. Wash hands thoroughly after use.<\/p>\n<ul data-start=\"1600\" data-end=\"2235\">\n<li data-start=\"1600\" data-end=\"1803\">\n<p data-start=\"1602\" data-end=\"1803\"><strong data-start=\"1602\" data-end=\"1624\">IF IN EYE CONTACT<\/strong>: Rinse cautiously with water for several minutes. Remove contact lenses, if present and easy to remove, and continue rinsing. If eye irritation persists, seek medical attention.<\/p>\n<\/li>\n<li data-start=\"1804\" data-end=\"1881\">\n<p data-start=\"1806\" data-end=\"1881\">Use protective gloves, clothing, eye and face protection.<\/p>\n<\/li>\n<li data-start=\"1882\" data-end=\"1923\">\n<p data-start=\"1884\" data-end=\"1923\">Avoid release to the environment.<\/p>\n<\/li>\n<li data-start=\"1924\" data-end=\"2034\">\n<p data-start=\"1926\" data-end=\"2034\">Dispose of the product and packaging at a special hazardous waste facility, in accordance with local\/legal requirements.<\/p>\n<\/li>\n<li data-start=\"2035\" data-end=\"2135\">\n<p data-start=\"2037\" data-end=\"2135\">Avoid mixing with vaccines, antibiotics, vitamins and other easily oxidized substances.<\/p>\n<\/li>\n<li data-start=\"2136\" data-end=\"2235\">\n<p data-start=\"2138\" data-end=\"2235\">Do not use with other products \u2013 this may cause the formation of dangerous gases.<\/p>\n<\/li>\n<\/ul>\n<p data-start=\"2237\" data-end=\"2272\"><strong data-start=\"2237\" data-end=\"2252\">Packaging<\/strong><br data-start=\"2252\" data-end=\"2255\" \/>Bottle of 60 tablets.<\/p>\n<\/div>\n<p><!-- .vgblk-rw-wrapper --><\/p>","protected":false},"excerpt":{"rendered":"<p>Aquapure-1000 \u2013 60 \u0259d\u0259d T\u0259rkibiNatrium dixlorizosiyanurat \u2013 8680 mq T\u0259sviriAquapure-1000 \u0259sas\u0259n fermalarda suyun dezinfeksiyas\u0131 \u00fc\u00e7\u00fcn istifad\u0259 olunan efervesan tabletl\u0259rdir. Aquapure-1000 il\u0259 t\u0259mizl\u0259nmi\u015f su b\u00fct\u00fcn ferm\u0259 heyvanlar\u0131n\u0131n istifad\u0259si \u00fc\u00e7\u00fcn mikrobioloji c\u0259h\u0259td\u0259n t\u0259hl\u00fck\u0259siz olur. Aquapure-1000 tabletl\u0259ri h\u0259m\u00e7inin fermalarda s\u0259thl\u0259rin v\u0259 avadanl\u0131qlar\u0131n dezinfeksiyas\u0131 \u00fc\u00e7\u00fcn istifad\u0259 olunur. Aquapure-1000 tabletl\u0259ri geni\u015f spektrli bakteriyalara, g\u00f6b\u0259l\u0259kl\u0259r\u0259, sporlara, viruslara v\u0259 protozoalara qar\u015f\u0131 t\u0259sirlidir&#8230;.<\/p>","protected":false},"featured_media":989107,"comment_status":"closed","ping_status":"closed","template":"","meta":{"nf_dc_page":"","_monsterinsights_skip_tracking":false,"_monsterinsights_sitenote_active":false,"_monsterinsights_sitenote_note":"","_monsterinsights_sitenote_category":0},"product_brand":[],"product_cat":[16,147],"product_tag":[],"class_list":{"0":"post-989106","1":"product","2":"type-product","3":"status-publish","4":"has-post-thumbnail","6":"product_cat-uncategorized","7":"product_cat-disinfectants","9":"first","10":"instock","11":"shipping-taxable","12":"product-type-simple"},"jetpack_sharing_enabled":true,"_links":{"self":[{"href":"https:\/\/agrovetazerbaijan.az\/en\/wp-json\/wp\/v2\/product\/989106","targetHints":{"allow":["GET"]}}],"collection":[{"href":"https:\/\/agrovetazerbaijan.az\/en\/wp-json\/wp\/v2\/product"}],"about":[{"href":"https:\/\/agrovetazerbaijan.az\/en\/wp-json\/wp\/v2\/types\/product"}],"replies":[{"embeddable":true,"href":"https:\/\/agrovetazerbaijan.az\/en\/wp-json\/wp\/v2\/comments?post=989106"}],"version-history":[{"count":2,"href":"https:\/\/agrovetazerbaijan.az\/en\/wp-json\/wp\/v2\/product\/989106\/revisions"}],"predecessor-version":[{"id":989608,"href":"https:\/\/agrovetazerbaijan.az\/en\/wp-json\/wp\/v2\/product\/989106\/revisions\/989608"}],"wp:featuredmedia":[{"embeddable":true,"href":"https:\/\/agrovetazerbaijan.az\/en\/wp-json\/wp\/v2\/media\/989107"}],"wp:attachment":[{"href":"https:\/\/agrovetazerbaijan.az\/en\/wp-json\/wp\/v2\/media?parent=989106"}],"wp:term":[{"taxonomy":"product_brand","embeddable":true,"href":"https:\/\/agrovetazerbaijan.az\/en\/wp-json\/wp\/v2\/product_brand?post=989106"},{"taxonomy":"product_cat","embeddable":true,"href":"https:\/\/agrovetazerbaijan.az\/en\/wp-json\/wp\/v2\/product_cat?post=989106"},{"taxonomy":"product_tag","embeddable":true,"href":"https:\/\/agrovetazerbaijan.az\/en\/wp-json\/wp\/v2\/product_tag?post=989106"}],"curies":[{"name":"wp","href":"https:\/\/api.w.org\/{rel}","templated":true}]}}