{"id":989096,"date":"2025-03-22T23:05:39","date_gmt":"2025-03-22T23:05:39","guid":{"rendered":"https:\/\/agrovetazerbaijan.az\/?post_type=product&#038;p=989096"},"modified":"2025-07-14T10:03:26","modified_gmt":"2025-07-14T10:03:26","slug":"vitol-86-ws","status":"publish","type":"product","link":"https:\/\/agrovetazerbaijan.az\/en\/product\/vitol-86-ws\/","title":{"rendered":"Vitol-86 WS"},"content":{"rendered":"<div class=\"vgblk-rw-wrapper limit-wrapper\">\n<div class=\"product-shop columns large-7 medium-7 small-12\">\n<h3 data-start=\"112\" data-end=\"142\"><strong data-start=\"116\" data-end=\"140\">Vita AD\u2083E 20\/6\/60 WS<\/strong><\/h3>\n<p data-start=\"143\" data-end=\"183\"><strong data-start=\"143\" data-end=\"183\">Vitamin-containing, water-soluble powder<\/strong><\/p>\n<hr data-start=\"185\" data-end=\"188\" \/>\n<h3 data-start=\"190\" data-end=\"219\"><strong data-start=\"194\" data-end=\"217\">Ingredients (in 1 gram):<\/strong><\/h3>\n<ul data-start=\"220\" data-end=\"354\">\n<li data-start=\"220\" data-end=\"263\">\n<p data-start=\"222\" data-end=\"263\">Vitamin A (Retinol Acetate) \u2013 20,000 IU<\/p>\n<\/li>\n<li data-start=\"264\" data-end=\"307\">\n<p data-start=\"266\" data-end=\"307\">Vitamin D\u2083 (Cholecalciferol) \u2013 6,000 IU<\/p>\n<\/li>\n<li data-start=\"308\" data-end=\"354\">\n<p data-start=\"310\" data-end=\"354\">Vitamin E (Alpha-tocopherol acetate) \u2013 60 mg<\/p>\n<\/li>\n<\/ul>\n<hr data-start=\"356\" data-end=\"359\" \/>\n<h3 data-start=\"361\" data-end=\"379\"><strong data-start=\"365\" data-end=\"377\">Description:<\/strong><\/h3>\n<p data-start=\"380\" data-end=\"541\"><strong data-start=\"380\" data-end=\"396\">Vita AD\u2083E WS<\/strong> Although the powder is a balanced vitamin complex intended for birds and pigs, it can also be used in other herbivorous animals.<\/p>\n<ul data-start=\"542\" data-end=\"818\">\n<li data-start=\"542\" data-end=\"641\">\n<p data-start=\"544\" data-end=\"641\">Vitamins A and E are antioxidants that protect cells from free radical damage.<\/p>\n<\/li>\n<li data-start=\"642\" data-end=\"741\">\n<p data-start=\"644\" data-end=\"741\">Vitamin D\u2083 regulates calcium-phosphorus metabolism and is important for the development of the skeleton and teeth.<\/p>\n<\/li>\n<li data-start=\"742\" data-end=\"818\">\n<p data-start=\"744\" data-end=\"818\">It is important for the normal functioning of the immune and reproductive systems.<\/p>\n<\/li>\n<\/ul>\n<hr data-start=\"820\" data-end=\"823\" \/>\n<h3 data-start=\"825\" data-end=\"847\"><strong data-start=\"829\" data-end=\"845\">Indications:<\/strong><\/h3>\n<ul data-start=\"848\" data-end=\"947\">\n<li data-start=\"848\" data-end=\"884\">\n<p data-start=\"850\" data-end=\"884\">Vitamin A, D\u2083 and E deficiency<\/p>\n<\/li>\n<li data-start=\"885\" data-end=\"920\">\n<p data-start=\"887\" data-end=\"920\">Recovery period after illness<\/p>\n<\/li>\n<li data-start=\"921\" data-end=\"947\">\n<p data-start=\"923\" data-end=\"947\">Reproductive problems<\/p>\n<\/li>\n<\/ul>\n<hr data-start=\"949\" data-end=\"952\" \/>\n<h3 data-start=\"954\" data-end=\"996\"><strong data-start=\"958\" data-end=\"994\">Dosage (oral, with drinking water):<\/strong><\/h3>\n<ul data-start=\"997\" data-end=\"1174\">\n<li data-start=\"997\" data-end=\"1060\">\n<p data-start=\"999\" data-end=\"1060\"><strong data-start=\"999\" data-end=\"1022\">Calf, sheep, goat:<\/strong> 1 g \/ 40 kg body weight, 3\u20135 days<\/p>\n<\/li>\n<li data-start=\"1061\" data-end=\"1114\">\n<p data-start=\"1063\" data-end=\"1114\"><strong data-start=\"1063\" data-end=\"1076\">Cattle:<\/strong> 1 g \/ 80 kg body weight, 3\u20135 days<\/p>\n<\/li>\n<li data-start=\"1115\" data-end=\"1174\">\n<p data-start=\"1117\" data-end=\"1174\"><strong data-start=\"1117\" data-end=\"1137\">Pigs and birds:<\/strong> 1 kg \/ 4000 L of drinking water, 3\u20135 days<\/p>\n<\/li>\n<\/ul>\n<hr data-start=\"1176\" data-end=\"1179\" \/>\n<h3 data-start=\"1181\" data-end=\"1203\"><strong data-start=\"1185\" data-end=\"1201\">Packaging:<\/strong><\/h3>\n<p data-start=\"1204\" data-end=\"1247\">100 g packages and 1000 g jars<\/p>\n<\/div>\n<\/div>\n<p><!-- .vgblk-rw-wrapper --><\/p>","protected":false},"excerpt":{"rendered":"<p>Vita AD\u2083E 20\/6\/60 WS Vitamin t\u0259rkibli, suda h\u0259ll olan toz T\u0259rkibi (1 qramda): A vitamini (Retinol asetat) \u2013 20 000 BV D\u2083 vitamini (Kolekalsiferol) \u2013 6 000 BV E vitamini (Alfa-tokoferol asetat) \u2013 60 mq T\u0259sviri: Vita AD\u2083E WS tozu qu\u015flar v\u0259 donuzlar \u00fc\u00e7\u00fcn n\u0259z\u0259rd\u0259 tutulmu\u015f balansla\u015fd\u0131r\u0131lm\u0131\u015f vitamin kompleksi olsa da, dig\u0259r ot yey\u0259n heyvanlarda&#8230;<\/p>","protected":false},"featured_media":989097,"comment_status":"closed","ping_status":"closed","template":"","meta":{"nf_dc_page":"","_monsterinsights_skip_tracking":false,"_monsterinsights_sitenote_active":false,"_monsterinsights_sitenote_note":"","_monsterinsights_sitenote_category":0},"product_brand":[],"product_cat":[108,251,160,114,68],"product_tag":[],"class_list":{"0":"post-989096","1":"product","2":"type-product","3":"status-publish","4":"has-post-thumbnail","6":"product_cat-cow","7":"product_cat-veterinary-products","8":"product_cat-nutrients","9":"product_cat-sheep","10":"product_cat-poultry","12":"first","13":"instock","14":"shipping-taxable","15":"product-type-simple"},"jetpack_sharing_enabled":true,"_links":{"self":[{"href":"https:\/\/agrovetazerbaijan.az\/en\/wp-json\/wp\/v2\/product\/989096","targetHints":{"allow":["GET"]}}],"collection":[{"href":"https:\/\/agrovetazerbaijan.az\/en\/wp-json\/wp\/v2\/product"}],"about":[{"href":"https:\/\/agrovetazerbaijan.az\/en\/wp-json\/wp\/v2\/types\/product"}],"replies":[{"embeddable":true,"href":"https:\/\/agrovetazerbaijan.az\/en\/wp-json\/wp\/v2\/comments?post=989096"}],"version-history":[{"count":2,"href":"https:\/\/agrovetazerbaijan.az\/en\/wp-json\/wp\/v2\/product\/989096\/revisions"}],"predecessor-version":[{"id":989946,"href":"https:\/\/agrovetazerbaijan.az\/en\/wp-json\/wp\/v2\/product\/989096\/revisions\/989946"}],"wp:featuredmedia":[{"embeddable":true,"href":"https:\/\/agrovetazerbaijan.az\/en\/wp-json\/wp\/v2\/media\/989097"}],"wp:attachment":[{"href":"https:\/\/agrovetazerbaijan.az\/en\/wp-json\/wp\/v2\/media?parent=989096"}],"wp:term":[{"taxonomy":"product_brand","embeddable":true,"href":"https:\/\/agrovetazerbaijan.az\/en\/wp-json\/wp\/v2\/product_brand?post=989096"},{"taxonomy":"product_cat","embeddable":true,"href":"https:\/\/agrovetazerbaijan.az\/en\/wp-json\/wp\/v2\/product_cat?post=989096"},{"taxonomy":"product_tag","embeddable":true,"href":"https:\/\/agrovetazerbaijan.az\/en\/wp-json\/wp\/v2\/product_tag?post=989096"}],"curies":[{"name":"wp","href":"https:\/\/api.w.org\/{rel}","templated":true}]}}