{"id":989087,"date":"2025-03-22T22:58:49","date_gmt":"2025-03-22T22:58:49","guid":{"rendered":"https:\/\/agrovetazerbaijan.az\/?post_type=product&#038;p=989087"},"modified":"2025-07-14T10:07:43","modified_gmt":"2025-07-14T10:07:43","slug":"introvit-k-200-ws","status":"publish","type":"product","link":"https:\/\/agrovetazerbaijan.az\/en\/product\/introvit-k-200-ws\/","title":{"rendered":"Introvit-K-200 WS"},"content":{"rendered":"<div class=\"vgblk-rw-wrapper limit-wrapper\">\n<h3 data-start=\"106\" data-end=\"130\"><strong data-start=\"110\" data-end=\"128\">Vita-K\u2083 10% WS<\/strong><\/h3>\n<p data-start=\"131\" data-end=\"166\"><strong data-start=\"131\" data-end=\"166\">Water-soluble vitamin K\u2083 powder<\/strong><\/p>\n<hr data-start=\"168\" data-end=\"171\" \/>\n<h3 data-start=\"173\" data-end=\"202\"><strong data-start=\"177\" data-end=\"200\">Ingredients (in 1 gram):<\/strong><\/h3>\n<ul data-start=\"203\" data-end=\"254\">\n<li data-start=\"203\" data-end=\"254\">\n<p data-start=\"205\" data-end=\"254\">Menadione sodium bisulfite (Vitamin K\u2083) \u2013 200 mg<\/p>\n<\/li>\n<\/ul>\n<hr data-start=\"256\" data-end=\"259\" \/>\n<h3 data-start=\"261\" data-end=\"279\"><strong data-start=\"265\" data-end=\"277\">Description:<\/strong><\/h3>\n<p data-start=\"280\" data-end=\"357\"><strong data-start=\"280\" data-end=\"294\">Vita-K\u2083 WS<\/strong> It is a source of vitamin K, which is essential for blood clotting.<\/p>\n<ul data-start=\"358\" data-end=\"614\">\n<li data-start=\"358\" data-end=\"446\">\n<p data-start=\"360\" data-end=\"446\">Participates in the synthesis of prothrombin (factor II), factors VII, IX, X, and proteins C and S<\/p>\n<\/li>\n<li data-start=\"447\" data-end=\"537\">\n<p data-start=\"449\" data-end=\"537\">Vitamin K deficiency can result in bleeding, hematomas, and hemolytic jaundice.<\/p>\n<\/li>\n<li data-start=\"538\" data-end=\"614\">\n<p data-start=\"540\" data-end=\"614\">Menadione is absorbed in the intestine, converted to the active form and excreted from the body.<\/p>\n<\/li>\n<\/ul>\n<hr data-start=\"616\" data-end=\"619\" \/>\n<h3 data-start=\"621\" data-end=\"643\"><strong data-start=\"625\" data-end=\"641\">Indications:<\/strong><\/h3>\n<ul data-start=\"644\" data-end=\"767\">\n<li data-start=\"644\" data-end=\"694\">\n<p data-start=\"646\" data-end=\"694\">Eliminating vitamin K deficiency<\/p>\n<\/li>\n<li data-start=\"695\" data-end=\"737\">\n<p data-start=\"697\" data-end=\"737\">Normalization of blood clotting<\/p>\n<\/li>\n<li data-start=\"738\" data-end=\"767\">\n<p data-start=\"740\" data-end=\"767\">Easy application with drinking water<\/p>\n<\/li>\n<\/ul>\n<hr data-start=\"769\" data-end=\"772\" \/>\n<h3 data-start=\"774\" data-end=\"816\"><strong data-start=\"778\" data-end=\"814\">Dosage (oral, with drinking water):<\/strong><\/h3>\n<ul data-start=\"817\" data-end=\"997\">\n<li data-start=\"817\" data-end=\"895\">\n<p data-start=\"819\" data-end=\"895\"><strong data-start=\"819\" data-end=\"852\">Cattle, calves, sheep, goats:<\/strong> 1 g \/ 50\u2013100 kg body weight, 3\u201321 days<\/p>\n<\/li>\n<li data-start=\"896\" data-end=\"942\">\n<p data-start=\"898\" data-end=\"942\"><strong data-start=\"898\" data-end=\"909\">Birds:<\/strong> 1 kg \/ 12,000 L of water, 3\u201321 days<\/p>\n<\/li>\n<li data-start=\"943\" data-end=\"997\">\n<p data-start=\"945\" data-end=\"997\"><strong data-start=\"945\" data-end=\"958\">Pigs:<\/strong> 1 kg \/ 5,000\u201310,000 L of water, 3\u201321 days<\/p>\n<\/li>\n<\/ul>\n<hr data-start=\"999\" data-end=\"1002\" \/>\n<h3 data-start=\"1004\" data-end=\"1026\"><strong data-start=\"1008\" data-end=\"1024\">Packaging:<\/strong><\/h3>\n<p data-start=\"1027\" data-end=\"1062\">100g pack and 1000g jar<\/p>\n<\/div>\n<p><!-- .vgblk-rw-wrapper --><\/p>","protected":false},"excerpt":{"rendered":"<p>Vita-K\u2083 10% WS Suda h\u0259ll olan K\u2083 vitamini tozu T\u0259rkibi (1 qramda): Menadion natrium bisulfit (Vitamin K\u2083) \u2013 200 mq T\u0259sviri: Vita-K\u2083 WS qan\u0131n laxtalanmas\u0131 \u00fc\u00e7\u00fcn vacib olan K vitamininin m\u0259nb\u0259yidir. Protronbin (faktor II), faktor VII, IX, X v\u0259 z\u00fclallar C v\u0259 S sintezind\u0259 i\u015ftirak edir K vitamini \u00e7at\u0131\u015fmazl\u0131\u011f\u0131 qanaxmalar, hematomlar v\u0259 hemolitik sar\u0131l\u0131qla n\u0259tic\u0259l\u0259n\u0259&#8230;<\/p>","protected":false},"featured_media":989088,"comment_status":"closed","ping_status":"closed","template":"","meta":{"nf_dc_page":"","_monsterinsights_skip_tracking":false,"_monsterinsights_sitenote_active":false,"_monsterinsights_sitenote_note":"","_monsterinsights_sitenote_category":0},"product_brand":[],"product_cat":[251,108,160,114,68],"product_tag":[],"class_list":{"0":"post-989087","1":"product","2":"type-product","3":"status-publish","4":"has-post-thumbnail","6":"product_cat-veterinary-products","7":"product_cat-cow","8":"product_cat-nutrients","9":"product_cat-sheep","10":"product_cat-poultry","12":"first","13":"instock","14":"shipping-taxable","15":"product-type-simple"},"jetpack_sharing_enabled":true,"_links":{"self":[{"href":"https:\/\/agrovetazerbaijan.az\/en\/wp-json\/wp\/v2\/product\/989087","targetHints":{"allow":["GET"]}}],"collection":[{"href":"https:\/\/agrovetazerbaijan.az\/en\/wp-json\/wp\/v2\/product"}],"about":[{"href":"https:\/\/agrovetazerbaijan.az\/en\/wp-json\/wp\/v2\/types\/product"}],"replies":[{"embeddable":true,"href":"https:\/\/agrovetazerbaijan.az\/en\/wp-json\/wp\/v2\/comments?post=989087"}],"version-history":[{"count":2,"href":"https:\/\/agrovetazerbaijan.az\/en\/wp-json\/wp\/v2\/product\/989087\/revisions"}],"predecessor-version":[{"id":989948,"href":"https:\/\/agrovetazerbaijan.az\/en\/wp-json\/wp\/v2\/product\/989087\/revisions\/989948"}],"wp:featuredmedia":[{"embeddable":true,"href":"https:\/\/agrovetazerbaijan.az\/en\/wp-json\/wp\/v2\/media\/989088"}],"wp:attachment":[{"href":"https:\/\/agrovetazerbaijan.az\/en\/wp-json\/wp\/v2\/media?parent=989087"}],"wp:term":[{"taxonomy":"product_brand","embeddable":true,"href":"https:\/\/agrovetazerbaijan.az\/en\/wp-json\/wp\/v2\/product_brand?post=989087"},{"taxonomy":"product_cat","embeddable":true,"href":"https:\/\/agrovetazerbaijan.az\/en\/wp-json\/wp\/v2\/product_cat?post=989087"},{"taxonomy":"product_tag","embeddable":true,"href":"https:\/\/agrovetazerbaijan.az\/en\/wp-json\/wp\/v2\/product_tag?post=989087"}],"curies":[{"name":"wp","href":"https:\/\/api.w.org\/{rel}","templated":true}]}}