{"id":989047,"date":"2025-03-20T11:20:05","date_gmt":"2025-03-20T11:20:05","guid":{"rendered":"https:\/\/agrovetazerbaijan.az\/?post_type=product&#038;p=989047"},"modified":"2025-06-30T23:48:48","modified_gmt":"2025-06-30T23:48:48","slug":"nilzash-s-forte-suspension","status":"publish","type":"product","link":"https:\/\/agrovetazerbaijan.az\/en\/product\/nilzash-s-forte-suspension\/","title":{"rendered":"NILZASH S FORTE Suspension"},"content":{"rendered":"<div class=\"vgblk-rw-wrapper limit-wrapper\">\n<p data-start=\"0\" data-end=\"12\"><strong data-start=\"0\" data-end=\"12\">COMPOSITION:<\/strong><\/p>\n<p data-start=\"14\" data-end=\"26\">In each ml:<\/p>\n<ul data-start=\"27\" data-end=\"216\">\n<li data-start=\"27\" data-end=\"62\">\n<p data-start=\"29\" data-end=\"62\">Levamisole HCl \u2026\u2026\u2026\u2026\u2026\u2026\u2026\u2026\u2026\u2026\u2026 30 mg<\/p>\n<\/li>\n<li data-start=\"63\" data-end=\"98\">\n<p data-start=\"65\" data-end=\"98\">Oxyclozanide \u2026\u2026\u2026\u2026\u2026\u2026\u2026\u2026\u2026\u2026\u2026\u2026 60 mg<\/p>\n<\/li>\n<li data-start=\"99\" data-end=\"137\">\n<p data-start=\"101\" data-end=\"137\">Fragrant juicy base \u2026\u2026\u2026\u2026\u2026\u2026\u2026\u2026\u2026\u2026 qs<\/p>\n<\/li>\n<li data-start=\"138\" data-end=\"181\">\n<p data-start=\"140\" data-end=\"181\">Color: Approved color used<\/p>\n<\/li>\n<li data-start=\"182\" data-end=\"216\">\n<p data-start=\"184\" data-end=\"216\">Excipients \u2026\u2026\u2026\u2026\u2026\u2026\u2026\u2026\u2026\u2026 qs<\/p>\n<\/li>\n<\/ul>\n<hr data-start=\"218\" data-end=\"221\" \/>\n<p data-start=\"223\" data-end=\"239\"><strong data-start=\"223\" data-end=\"239\">INDICATIONS:<\/strong><\/p>\n<p data-start=\"241\" data-end=\"509\">It is used in cattle, sheep and goats for the treatment of liver fluke, roundworms and lungworms. It is also used for the treatment and control of gastrointestinal and lung nematode infections and chronic fascioliasis.<\/p>\n<p data-start=\"511\" data-end=\"651\">Eliminates adult and developing larval stages of various nematode species. Effective against the following worms and tapeworms:<\/p>\n<ul data-start=\"653\" data-end=\"921\">\n<li data-start=\"653\" data-end=\"728\">\n<p data-start=\"655\" data-end=\"728\">In the cultured abomasum: Haemonchus, Ostertagia and Trichostrongylus species<\/p>\n<\/li>\n<li data-start=\"729\" data-end=\"837\">\n<p data-start=\"731\" data-end=\"837\">In the intestines: Trichostrongylus, Cooperia, Nematodirus, Oesophagostomum, Chabertia and Bunostomum species<\/p>\n<\/li>\n<li data-start=\"838\" data-end=\"921\">\n<p data-start=\"840\" data-end=\"921\">In the lungs: Dictyocaulus species, including D. viviparus larvae in cows<\/p>\n<\/li>\n<\/ul>\n<p data-start=\"923\" data-end=\"1025\">Eliminates almost all tapeworms (Fasciola spp.) present in the bile ducts of the liver.<\/p>\n<hr data-start=\"1027\" data-end=\"1030\" \/>\n<p data-start=\"1032\" data-end=\"1060\"><strong data-start=\"1032\" data-end=\"1060\">DOSAGE AND APPLICATION PROCEDURE:<\/strong><\/p>\n<ul data-start=\"1062\" data-end=\"1157\">\n<li data-start=\"1062\" data-end=\"1105\">\n<p data-start=\"1064\" data-end=\"1105\"><strong data-start=\"1064\" data-end=\"1073\">Cow:<\/strong> 2.5 ml per 10 kg of live weight<\/p>\n<\/li>\n<li data-start=\"1106\" data-end=\"1157\">\n<p data-start=\"1108\" data-end=\"1157\"><strong data-start=\"1108\" data-end=\"1126\">Sheep and goats:<\/strong> 0.5 ml per 2 kg of live weight<\/p>\n<\/li>\n<\/ul>\n<\/div>\n<p><!-- .vgblk-rw-wrapper --><\/p>","protected":false},"excerpt":{"rendered":"<p>T\u018fRK\u0130B\u0130: H\u0259r ml-d\u0259: Levamizol HCl \u2026\u2026\u2026\u2026\u2026\u2026\u2026\u2026\u2026\u2026\u2026 30 mq Oksiklozanid \u2026\u2026\u2026\u2026\u2026\u2026\u2026\u2026\u2026\u2026\u2026\u2026 60 mq \u018ftirli \u015fir\u0259li baza \u2026\u2026\u2026\u2026\u2026\u2026\u2026\u2026\u2026\u2026 q.s. R\u0259ng: T\u0259sdiql\u0259nmi\u015f r\u0259ng istifad\u0259 olunur K\u00f6m\u0259k\u00e7i madd\u0259l\u0259r \u2026\u2026\u2026\u2026\u2026\u2026\u2026\u2026\u2026\u2026 q.s. G\u00d6ST\u018fR\u0130\u015eL\u018fR: \u0130n\u0259k, qoyun v\u0259 ke\u00e7il\u0259rd\u0259 qaraciy\u0259r f\u0259s\u0259l\u0259rinin (liver fluke), yumruqurdlar\u0131n v\u0259 a\u011fciy\u0259r qurdlar\u0131n\u0131n m\u00fcalic\u0259si \u00fc\u00e7\u00fcn istifad\u0259 olunur. H\u0259m\u00e7inin m\u0259d\u0259-ba\u011f\u0131rsaq v\u0259 a\u011fciy\u0259r nematodlar\u0131n\u0131n infeksiyalar\u0131n\u0131n v\u0259 xroniki fasciolyaz\u0131n m\u00fcalic\u0259si v\u0259 n\u0259zar\u0259ti&#8230;<\/p>","protected":false},"featured_media":989048,"comment_status":"closed","ping_status":"closed","template":"","meta":{"nf_dc_page":"","_monsterinsights_skip_tracking":false,"_monsterinsights_sitenote_active":false,"_monsterinsights_sitenote_note":"","_monsterinsights_sitenote_category":0},"product_brand":[],"product_cat":[108,251,114],"product_tag":[],"class_list":{"0":"post-989047","1":"product","2":"type-product","3":"status-publish","4":"has-post-thumbnail","6":"product_cat-cow","7":"product_cat-veterinary-products","8":"product_cat-sheep","10":"first","11":"instock","12":"shipping-taxable","13":"product-type-simple"},"jetpack_sharing_enabled":true,"_links":{"self":[{"href":"https:\/\/agrovetazerbaijan.az\/en\/wp-json\/wp\/v2\/product\/989047","targetHints":{"allow":["GET"]}}],"collection":[{"href":"https:\/\/agrovetazerbaijan.az\/en\/wp-json\/wp\/v2\/product"}],"about":[{"href":"https:\/\/agrovetazerbaijan.az\/en\/wp-json\/wp\/v2\/types\/product"}],"replies":[{"embeddable":true,"href":"https:\/\/agrovetazerbaijan.az\/en\/wp-json\/wp\/v2\/comments?post=989047"}],"version-history":[{"count":2,"href":"https:\/\/agrovetazerbaijan.az\/en\/wp-json\/wp\/v2\/product\/989047\/revisions"}],"predecessor-version":[{"id":989777,"href":"https:\/\/agrovetazerbaijan.az\/en\/wp-json\/wp\/v2\/product\/989047\/revisions\/989777"}],"wp:featuredmedia":[{"embeddable":true,"href":"https:\/\/agrovetazerbaijan.az\/en\/wp-json\/wp\/v2\/media\/989048"}],"wp:attachment":[{"href":"https:\/\/agrovetazerbaijan.az\/en\/wp-json\/wp\/v2\/media?parent=989047"}],"wp:term":[{"taxonomy":"product_brand","embeddable":true,"href":"https:\/\/agrovetazerbaijan.az\/en\/wp-json\/wp\/v2\/product_brand?post=989047"},{"taxonomy":"product_cat","embeddable":true,"href":"https:\/\/agrovetazerbaijan.az\/en\/wp-json\/wp\/v2\/product_cat?post=989047"},{"taxonomy":"product_tag","embeddable":true,"href":"https:\/\/agrovetazerbaijan.az\/en\/wp-json\/wp\/v2\/product_tag?post=989047"}],"curies":[{"name":"wp","href":"https:\/\/api.w.org\/{rel}","templated":true}]}}