{"id":989041,"date":"2025-03-20T11:13:16","date_gmt":"2025-03-20T11:13:16","guid":{"rendered":"https:\/\/agrovetazerbaijan.az\/?post_type=product&#038;p=989041"},"modified":"2025-06-30T23:53:55","modified_gmt":"2025-06-30T23:53:55","slug":"murtryp-rtu-injection","status":"publish","type":"product","link":"https:\/\/agrovetazerbaijan.az\/en\/product\/murtryp-rtu-injection\/","title":{"rendered":"MURTRYP RTU Injection"},"content":{"rendered":"<div class=\"vgblk-rw-wrapper limit-wrapper\">\n<p data-start=\"0\" data-end=\"12\"><strong data-start=\"0\" data-end=\"12\">COMPOSITION:<\/strong><\/p>\n<p data-start=\"14\" data-end=\"26\">In each ml:<\/p>\n<ul data-start=\"27\" data-end=\"124\">\n<li data-start=\"27\" data-end=\"61\">\n<p data-start=\"29\" data-end=\"61\">Diminazene Aceturate \u2026\u2026\u2026\u2026\u202670 mg<\/p>\n<\/li>\n<li data-start=\"62\" data-end=\"92\">\n<p data-start=\"64\" data-end=\"92\">Phenazone \u2026\u2026\u2026\u2026\u2026\u2026\u2026\u2026\u2026\u2026\u2026\u2026375 mg<\/p>\n<\/li>\n<li data-start=\"93\" data-end=\"124\">\n<p data-start=\"95\" data-end=\"124\">Water for injection \u2026\u2026\u2026\u2026\u2026\u2026\u2026qs<\/p>\n<\/li>\n<\/ul>\n<hr data-start=\"126\" data-end=\"129\" \/>\n<p data-start=\"131\" data-end=\"147\"><strong data-start=\"131\" data-end=\"147\">INDICATIONS:<\/strong><\/p>\n<p data-start=\"149\" data-end=\"193\">Target species: Cows, sheep, goats, horses and dogs<\/p>\n<p data-start=\"195\" data-end=\"266\"><strong data-start=\"195\" data-end=\"210\">MURTRYP RTU<\/strong> It is used to treat the following diseases:<\/p>\n<ul data-start=\"268\" data-end=\"577\">\n<li data-start=\"268\" data-end=\"354\">\n<p data-start=\"270\" data-end=\"354\">Trypanosoma congolense, T. vivax, T. brucei and T. evansi, which cause trypanosomiasis<\/p>\n<\/li>\n<li data-start=\"355\" data-end=\"447\">\n<p data-start=\"357\" data-end=\"447\">Babesia bovis, B. bigemina, B. ovis, B. motasi, B. canis, and B. equi, which cause babesiosis<\/p>\n<\/li>\n<li data-start=\"448\" data-end=\"523\">\n<p data-start=\"450\" data-end=\"523\">Theileria annulata, which causes theileriosis (with appropriate antibiotics)<\/p>\n<\/li>\n<li data-start=\"524\" data-end=\"577\">\n<p data-start=\"526\" data-end=\"577\">Fever of unknown origin (pyrexia) in cows<\/p>\n<\/li>\n<\/ul>\n<p data-start=\"579\" data-end=\"692\"><strong data-start=\"579\" data-end=\"594\">MURTRYP RTU<\/strong> It can be used for 2-3 weeks as a prophylactic against trypanosomiasis and babesiosis.<\/p>\n<hr data-start=\"694\" data-end=\"697\" \/>\n<p data-start=\"699\" data-end=\"727\"><strong data-start=\"699\" data-end=\"727\">DOSAGE AND APPLICATION PROCEDURE:<\/strong><\/p>\n<p data-start=\"729\" data-end=\"808\">It is recommended to administer the drug by injection deep into the neck muscle (intramuscularly).<\/p>\n<ul data-start=\"810\" data-end=\"1059\" data-is-last-node=\"\" data-is-only-node=\"\">\n<li data-start=\"810\" data-end=\"950\">\n<p data-start=\"812\" data-end=\"950\">Recommended dose: 3.5-5 mg Diminazene aceturate per 1 kg of live weight, which is 1-2 ml per 20 kg of live weight. <strong data-start=\"920\" data-end=\"935\">MURTRYP RTU<\/strong>is equal to.<\/p>\n<\/li>\n<li data-start=\"952\" data-end=\"1059\" data-is-last-node=\"\">\n<p data-start=\"954\" data-end=\"1059\" data-is-last-node=\"\">\n<\/li>\n<\/ul>\n<\/div>\n<p><!-- .vgblk-rw-wrapper --><\/p>","protected":false},"excerpt":{"rendered":"<p>T\u018fRK\u0130B\u0130: H\u0259r ml-d\u0259: Diminazene Aseturat \u2026\u2026\u2026\u2026\u202670 mq Fenazon \u2026\u2026\u2026\u2026\u2026\u2026\u2026\u2026\u2026\u2026\u2026\u2026375 mq \u0130nyeksiya \u00fc\u00e7\u00fcn su \u2026\u2026\u2026\u2026\u2026\u2026\u2026q.s. G\u00d6ST\u018fR\u0130\u015eL\u018fR: H\u0259d\u0259f n\u00f6vl\u0259r: \u0130n\u0259k, qoyun, ke\u00e7i, at v\u0259 itl\u0259r MURTRYP RTU a\u015fa\u011f\u0131dak\u0131 x\u0259st\u0259likl\u0259rin m\u00fcalic\u0259si \u00fc\u00e7\u00fcn istifad\u0259 olunur: Trypanosomiaza s\u0259b\u0259b olan Trypanosoma congolense, T. vivax, T. brucei v\u0259 T. evansi Babesioza s\u0259b\u0259b olan Babesia bovis, B. bigemina, B. ovis, B. motasi, B&#8230;.<\/p>","protected":false},"featured_media":989042,"comment_status":"closed","ping_status":"closed","template":"","meta":{"nf_dc_page":"","_monsterinsights_skip_tracking":false,"_monsterinsights_sitenote_active":false,"_monsterinsights_sitenote_note":"","_monsterinsights_sitenote_category":0},"product_brand":[],"product_cat":[108,251],"product_tag":[],"class_list":{"0":"post-989041","1":"product","2":"type-product","3":"status-publish","4":"has-post-thumbnail","6":"product_cat-cow","7":"product_cat-veterinary-products","9":"first","10":"instock","11":"shipping-taxable","12":"product-type-simple"},"jetpack_sharing_enabled":true,"_links":{"self":[{"href":"https:\/\/agrovetazerbaijan.az\/en\/wp-json\/wp\/v2\/product\/989041","targetHints":{"allow":["GET"]}}],"collection":[{"href":"https:\/\/agrovetazerbaijan.az\/en\/wp-json\/wp\/v2\/product"}],"about":[{"href":"https:\/\/agrovetazerbaijan.az\/en\/wp-json\/wp\/v2\/types\/product"}],"replies":[{"embeddable":true,"href":"https:\/\/agrovetazerbaijan.az\/en\/wp-json\/wp\/v2\/comments?post=989041"}],"version-history":[{"count":2,"href":"https:\/\/agrovetazerbaijan.az\/en\/wp-json\/wp\/v2\/product\/989041\/revisions"}],"predecessor-version":[{"id":989778,"href":"https:\/\/agrovetazerbaijan.az\/en\/wp-json\/wp\/v2\/product\/989041\/revisions\/989778"}],"wp:featuredmedia":[{"embeddable":true,"href":"https:\/\/agrovetazerbaijan.az\/en\/wp-json\/wp\/v2\/media\/989042"}],"wp:attachment":[{"href":"https:\/\/agrovetazerbaijan.az\/en\/wp-json\/wp\/v2\/media?parent=989041"}],"wp:term":[{"taxonomy":"product_brand","embeddable":true,"href":"https:\/\/agrovetazerbaijan.az\/en\/wp-json\/wp\/v2\/product_brand?post=989041"},{"taxonomy":"product_cat","embeddable":true,"href":"https:\/\/agrovetazerbaijan.az\/en\/wp-json\/wp\/v2\/product_cat?post=989041"},{"taxonomy":"product_tag","embeddable":true,"href":"https:\/\/agrovetazerbaijan.az\/en\/wp-json\/wp\/v2\/product_tag?post=989041"}],"curies":[{"name":"wp","href":"https:\/\/api.w.org\/{rel}","templated":true}]}}