{"id":989008,"date":"2025-03-20T10:54:22","date_gmt":"2025-03-20T10:54:22","guid":{"rendered":"https:\/\/agrovetazerbaijan.az\/?post_type=product&#038;p=989008"},"modified":"2025-07-14T21:47:02","modified_gmt":"2025-07-14T21:47:02","slug":"flumax-pour-on","status":"publish","type":"product","link":"https:\/\/agrovetazerbaijan.az\/en\/product\/flumax-pour-on\/","title":{"rendered":"FLUMAX Pour-On"},"content":{"rendered":"<div class=\"vgblk-rw-wrapper limit-wrapper\">\n<h3 data-start=\"44\" data-end=\"56\">Ingredients:<\/h3>\n<p data-start=\"58\" data-end=\"78\">In each milliliter:<\/p>\n<ul data-start=\"79\" data-end=\"197\">\n<li data-start=\"79\" data-end=\"142\">\n<p data-start=\"81\" data-end=\"142\">Flumetrin &#8230;&#8230;&#8230;&#8230;&#8230;&#8230;&#8230;&#8230;&#8230;&#8230;&#8230;&#8230;&#8230;&#8230;. 10 mg<\/p>\n<\/li>\n<li data-start=\"143\" data-end=\"197\">\n<p data-start=\"145\" data-end=\"197\">H\u0259lledicil\u0259r v\u0259 da\u015f\u0131y\u0131c\u0131lar &#8230;&#8230;&#8230;&#8230;&#8230;.. q.s.<\/p>\n<\/li>\n<\/ul>\n<hr data-start=\"199\" data-end=\"202\" \/>\n<h3 data-start=\"204\" data-end=\"224\">Area of use:<\/h3>\n<p data-start=\"226\" data-end=\"476\">For the control and eradication of ants (larvae, nymphs and adults), lice and psoroptic mites in cattle, sheep and goats. Also effective against species resistant to carbamates, chlorinated hydrocarbons, organophosphates and organochlorine compounds.<\/p>\n<hr data-start=\"478\" data-end=\"481\" \/>\n<h3 data-start=\"483\" data-end=\"504\">Instructions for use:<\/h3>\n<p data-start=\"506\" data-end=\"535\">For external use only.<\/p>\n<p data-start=\"537\" data-end=\"738\">The dose is 1 mg flumethrin per 1 kg of body weight, i.e. 1 ml of FLUMAX pour-on liquid per 10 kg of body weight. Apply the product evenly from the middle of the back, from the front of the shoulder to the tail.<\/p>\n<\/div>\n<p><!-- .vgblk-rw-wrapper --><\/p>","protected":false},"excerpt":{"rendered":"<p>T\u0259rkibi: H\u0259r millilitrind\u0259: Flumetrin &#8230;&#8230;&#8230;&#8230;&#8230;&#8230;&#8230;&#8230;&#8230;&#8230;&#8230;&#8230;&#8230;&#8230;. 10 mg H\u0259lledicil\u0259r v\u0259 da\u015f\u0131y\u0131c\u0131lar &#8230;&#8230;&#8230;&#8230;&#8230;.. q.s. \u0130stifad\u0259 sah\u0259si: S\u0131\u011f\u0131r, qoyun v\u0259 ke\u00e7il\u0259rd\u0259 qar\u0131\u015fqalar (larva, nymph v\u0259 yetkin), bitl\u0259r v\u0259 psoroptik g\u0259n\u0259l\u0259r\u0259 qar\u015f\u0131 m\u00fcbariz\u0259 v\u0259 yox etm\u0259k \u00fc\u00e7\u00fcn. Karbamatlara, xlorlu hidrokarbonlara, orqanofosfatlara v\u0259 orqanklorlu birl\u0259\u015fm\u0259l\u0259r\u0259 davaml\u0131 olan n\u00f6vl\u0259r\u0259 qar\u015f\u0131 da t\u0259sirlidir. \u0130stifad\u0259 qaydas\u0131: Yaln\u0131z xarici t\u0259tbiq \u00fc\u00e7\u00fcnd\u00fcr. B\u0259d\u0259n \u00e7\u0259kisinin h\u0259r&#8230;<\/p>","protected":false},"featured_media":989009,"comment_status":"closed","ping_status":"closed","template":"","meta":{"nf_dc_page":"","_monsterinsights_skip_tracking":false,"_monsterinsights_sitenote_active":false,"_monsterinsights_sitenote_note":"","_monsterinsights_sitenote_category":0},"product_brand":[],"product_cat":[108,251],"product_tag":[],"class_list":{"0":"post-989008","1":"product","2":"type-product","3":"status-publish","4":"has-post-thumbnail","6":"product_cat-cow","7":"product_cat-veterinary-products","9":"first","10":"instock","11":"shipping-taxable","12":"product-type-simple"},"jetpack_sharing_enabled":true,"_links":{"self":[{"href":"https:\/\/agrovetazerbaijan.az\/en\/wp-json\/wp\/v2\/product\/989008","targetHints":{"allow":["GET"]}}],"collection":[{"href":"https:\/\/agrovetazerbaijan.az\/en\/wp-json\/wp\/v2\/product"}],"about":[{"href":"https:\/\/agrovetazerbaijan.az\/en\/wp-json\/wp\/v2\/types\/product"}],"replies":[{"embeddable":true,"href":"https:\/\/agrovetazerbaijan.az\/en\/wp-json\/wp\/v2\/comments?post=989008"}],"version-history":[{"count":2,"href":"https:\/\/agrovetazerbaijan.az\/en\/wp-json\/wp\/v2\/product\/989008\/revisions"}],"predecessor-version":[{"id":990003,"href":"https:\/\/agrovetazerbaijan.az\/en\/wp-json\/wp\/v2\/product\/989008\/revisions\/990003"}],"wp:featuredmedia":[{"embeddable":true,"href":"https:\/\/agrovetazerbaijan.az\/en\/wp-json\/wp\/v2\/media\/989009"}],"wp:attachment":[{"href":"https:\/\/agrovetazerbaijan.az\/en\/wp-json\/wp\/v2\/media?parent=989008"}],"wp:term":[{"taxonomy":"product_brand","embeddable":true,"href":"https:\/\/agrovetazerbaijan.az\/en\/wp-json\/wp\/v2\/product_brand?post=989008"},{"taxonomy":"product_cat","embeddable":true,"href":"https:\/\/agrovetazerbaijan.az\/en\/wp-json\/wp\/v2\/product_cat?post=989008"},{"taxonomy":"product_tag","embeddable":true,"href":"https:\/\/agrovetazerbaijan.az\/en\/wp-json\/wp\/v2\/product_tag?post=989008"}],"curies":[{"name":"wp","href":"https:\/\/api.w.org\/{rel}","templated":true}]}}