{"id":989004,"date":"2025-03-20T10:53:02","date_gmt":"2025-03-20T10:53:02","guid":{"rendered":"https:\/\/agrovetazerbaijan.az\/?post_type=product&#038;p=989004"},"modified":"2025-06-30T23:02:42","modified_gmt":"2025-06-30T23:02:42","slug":"fenacure-750-bolus","status":"publish","type":"product","link":"https:\/\/agrovetazerbaijan.az\/en\/product\/fenacure-750-bolus\/","title":{"rendered":"FENACURE 750 Bolus"},"content":{"rendered":"<div class=\"vgblk-rw-wrapper limit-wrapper\">\n<p data-start=\"0\" data-end=\"12\"><strong data-start=\"0\" data-end=\"12\">COMPOSITION:<\/strong><\/p>\n<p data-start=\"14\" data-end=\"63\">In each bolus:<br data-start=\"30\" data-end=\"33\" \/>Fenbendazole \u2026\u2026\u2026\u2026\u2026\u2026..\u2026.\u2026.750 mg<\/p>\n<hr data-start=\"65\" data-end=\"68\" \/>\n<p data-start=\"70\" data-end=\"86\"><strong data-start=\"70\" data-end=\"86\">INDICATIONS:<\/strong><\/p>\n<p data-start=\"88\" data-end=\"176\"><strong data-start=\"88\" data-end=\"104\">FENACURE 750<\/strong> It is used to remove and control the following parasites:<\/p>\n<ul data-start=\"177\" data-end=\"355\">\n<li data-start=\"177\" data-end=\"245\">\n<p data-start=\"179\" data-end=\"245\">Gastrointestinal roundworms (adults and 4th stage larvae)<\/p>\n<\/li>\n<li data-start=\"246\" data-end=\"298\">\n<p data-start=\"248\" data-end=\"298\">Lungworms (adult and larval stages)<\/p>\n<\/li>\n<li data-start=\"299\" data-end=\"318\">\n<p data-start=\"301\" data-end=\"318\">Hookworms<\/p>\n<\/li>\n<li data-start=\"319\" data-end=\"355\">\n<p data-start=\"321\" data-end=\"355\">Tapeworms (head and segments)<\/p>\n<\/li>\n<\/ul>\n<hr data-start=\"357\" data-end=\"360\" \/>\n<p data-start=\"362\" data-end=\"390\"><strong data-start=\"362\" data-end=\"390\">DOSAGE AND APPLICATION PROCEDURE:<\/strong><\/p>\n<ul data-start=\"392\" data-end=\"552\" data-is-last-node=\"\" data-is-only-node=\"\">\n<li data-start=\"392\" data-end=\"469\">\n<p data-start=\"394\" data-end=\"469\"><strong data-start=\"394\" data-end=\"403\">Cow:<\/strong> 1 bolus per 75 kg of live weight <strong data-start=\"435\" data-end=\"451\">FENACURE 750<\/strong> given orally<\/p>\n<\/li>\n<li data-start=\"470\" data-end=\"552\" data-is-last-node=\"\">\n<p data-start=\"472\" data-end=\"552\" data-is-last-node=\"\"><strong data-start=\"472\" data-end=\"487\">Horse and Camel:<\/strong> 2 boluses per 100 kg of live weight <strong data-start=\"520\" data-end=\"536\">FENACURE 750<\/strong> given orally<\/p>\n<\/li>\n<\/ul>\n<\/div>\n<p><!-- .vgblk-rw-wrapper --><\/p>","protected":false},"excerpt":{"rendered":"<p>T\u018fRK\u0130B\u0130: H\u0259r bir bolusda:Fenbendazol \u2026\u2026\u2026\u2026\u2026\u2026..\u2026.\u2026.750 mq G\u00d6ST\u018fR\u0130\u015eL\u018fR: FENACURE 750 a\u015fa\u011f\u0131dak\u0131 parazitl\u0259rin xaric edilm\u0259si v\u0259 n\u0259zar\u0259tind\u0259 istifad\u0259 olunur: M\u0259d\u0259-ba\u011f\u0131rsaq yumruqurdlar\u0131 (b\u00f6y\u00fckl\u0259r v\u0259 4-c\u00fc m\u0259rh\u0259l\u0259 s\u00fcrf\u0259l\u0259ri) A\u011fciy\u0259r qurdlar\u0131 (b\u00f6y\u00fckl\u0259r v\u0259 s\u00fcrf\u0259 m\u0259rh\u0259l\u0259l\u0259ri) Qarmaq qurdlar\u0131 Lent qurdlar\u0131 (ba\u015f v\u0259 seqmentl\u0259ri) DOZAJ V\u018f T\u018fTB\u0130Q QAYDASI: \u0130n\u0259k: H\u0259r 75 kq canl\u0131 \u00e7\u0259kiy\u0259 1 bolus FENACURE 750 a\u011f\u0131zdan verilir At v\u0259&#8230;<\/p>","protected":false},"featured_media":989005,"comment_status":"closed","ping_status":"closed","template":"","meta":{"nf_dc_page":"","_monsterinsights_skip_tracking":false,"_monsterinsights_sitenote_active":false,"_monsterinsights_sitenote_note":"","_monsterinsights_sitenote_category":0},"product_brand":[],"product_cat":[108,45,251],"product_tag":[],"class_list":{"0":"post-989004","1":"product","2":"type-product","3":"status-publish","4":"has-post-thumbnail","6":"product_cat-cow","7":"product_cat-horse","8":"product_cat-veterinary-products","10":"first","11":"instock","12":"shipping-taxable","13":"product-type-simple"},"jetpack_sharing_enabled":true,"_links":{"self":[{"href":"https:\/\/agrovetazerbaijan.az\/en\/wp-json\/wp\/v2\/product\/989004","targetHints":{"allow":["GET"]}}],"collection":[{"href":"https:\/\/agrovetazerbaijan.az\/en\/wp-json\/wp\/v2\/product"}],"about":[{"href":"https:\/\/agrovetazerbaijan.az\/en\/wp-json\/wp\/v2\/types\/product"}],"replies":[{"embeddable":true,"href":"https:\/\/agrovetazerbaijan.az\/en\/wp-json\/wp\/v2\/comments?post=989004"}],"version-history":[{"count":2,"href":"https:\/\/agrovetazerbaijan.az\/en\/wp-json\/wp\/v2\/product\/989004\/revisions"}],"predecessor-version":[{"id":989760,"href":"https:\/\/agrovetazerbaijan.az\/en\/wp-json\/wp\/v2\/product\/989004\/revisions\/989760"}],"wp:featuredmedia":[{"embeddable":true,"href":"https:\/\/agrovetazerbaijan.az\/en\/wp-json\/wp\/v2\/media\/989005"}],"wp:attachment":[{"href":"https:\/\/agrovetazerbaijan.az\/en\/wp-json\/wp\/v2\/media?parent=989004"}],"wp:term":[{"taxonomy":"product_brand","embeddable":true,"href":"https:\/\/agrovetazerbaijan.az\/en\/wp-json\/wp\/v2\/product_brand?post=989004"},{"taxonomy":"product_cat","embeddable":true,"href":"https:\/\/agrovetazerbaijan.az\/en\/wp-json\/wp\/v2\/product_cat?post=989004"},{"taxonomy":"product_tag","embeddable":true,"href":"https:\/\/agrovetazerbaijan.az\/en\/wp-json\/wp\/v2\/product_tag?post=989004"}],"curies":[{"name":"wp","href":"https:\/\/api.w.org\/{rel}","templated":true}]}}