{"id":988803,"date":"2025-03-20T09:12:17","date_gmt":"2025-03-20T09:12:17","guid":{"rendered":"https:\/\/agrovetazerbaijan.az\/?post_type=product&#038;p=988803"},"modified":"2025-06-30T23:00:36","modified_gmt":"2025-06-30T23:00:36","slug":"butacure-injection","status":"publish","type":"product","link":"https:\/\/agrovetazerbaijan.az\/en\/product\/butacure-injection\/","title":{"rendered":"BUTACURE Injection"},"content":{"rendered":"<div class=\"vgblk-rw-wrapper limit-wrapper\">\n<p data-start=\"0\" data-end=\"12\"><strong data-start=\"0\" data-end=\"12\">COMPOSITION:<\/strong><\/p>\n<p data-start=\"14\" data-end=\"142\">In each ml:<br data-start=\"24\" data-end=\"27\" \/>Buparvacone\u2026\u2026\u2026\u2026\u2026\u2026\u2026\u2026\u2026\u2026.50 mg<br data-start=\"53\" data-end=\"56\" \/>Sorbitan monooleate\u2026\u2026\u2026\u2026\u2026\u2026100 mg<br data-start=\"85\" data-end=\"88\" \/>(As a keeper)<br data-start=\"104\" data-end=\"107\" \/>Oil-based excipient\u2026\u2026\u2026\u2026\u2026\u2026\u2026\u2026qs<\/p>\n<hr data-start=\"144\" data-end=\"147\" \/>\n<p data-start=\"149\" data-end=\"165\"><strong data-start=\"149\" data-end=\"165\">INDICATIONS:<\/strong><\/p>\n<p data-start=\"167\" data-end=\"403\">This medicine is intended for the treatment of theileriosis in cows caused by Theileria parva (East African fever), T. annulata (tropical theileriosis), T. bovis, T. lawrencei, T. mutans and T. orientalis sergenti.<\/p>\n<hr data-start=\"405\" data-end=\"408\" \/>\n<p data-start=\"410\" data-end=\"438\"><strong data-start=\"410\" data-end=\"438\">DOSAGE AND APPLICATION PROCEDURE:<\/strong><\/p>\n<p data-start=\"440\" data-end=\"524\">It is administered only by intramuscular (IM) injection into the muscles of the neck.<\/p>\n<p data-start=\"526\" data-end=\"759\" data-is-last-node=\"\" data-is-only-node=\"\"><strong data-start=\"526\" data-end=\"543\">For cows:<\/strong> 5 ml per 100 kg of live weight <strong data-start=\"573\" data-end=\"585\">BUTACURE<\/strong> The injection is administered once. In severe cases, treatment may be repeated 3\u20135 days after the initial injection. No more than 10 ml of the drug should be injected into a single injection site.<\/p>\n<\/div>\n<p><!-- .vgblk-rw-wrapper --><\/p>","protected":false},"excerpt":{"rendered":"<p>T\u018fRK\u0130B\u0130: H\u0259r ml-d\u0259:Buparvakon\u2026\u2026\u2026\u2026\u2026\u2026\u2026\u2026\u2026\u2026.50 mqSorbitanmonooleat\u2026\u2026\u2026\u2026\u2026\u2026100 mq(Saxlay\u0131c\u0131 kimi)Ya\u011f \u0259sasl\u0131 k\u00f6m\u0259k\u00e7i madd\u0259\u2026\u2026\u2026\u2026\u2026\u2026\u2026q.s. G\u00d6ST\u018fR\u0130\u015eL\u018fR: Bu d\u0259rman in\u0259kl\u0259rd\u0259 Theileria parva (\u015e\u0259rqi Afrika q\u0131zd\u0131rmas\u0131), T. annulata (tropik theilerioz), T. bovis, T. lawrencei, T. mutans v\u0259 T. orientalis sergenti t\u0259r\u0259find\u0259n t\u00f6r\u0259dil\u0259n theilerioz x\u0259st\u0259liyinin m\u00fcalic\u0259si \u00fc\u00e7\u00fcn n\u0259z\u0259rd\u0259 tutulmu\u015fdur. DOZAJ V\u018f T\u018fTB\u0130Q QAYDASI: Yaln\u0131z \u0259z\u0259l\u0259daxili (IM) inyeksiya yolu il\u0259, boyun nahiy\u0259sinin \u0259z\u0259l\u0259l\u0259rin\u0259 yeridilir. \u0130n\u0259kl\u0259r&#8230;<\/p>","protected":false},"featured_media":988804,"comment_status":"closed","ping_status":"closed","template":"","meta":{"nf_dc_page":"","_monsterinsights_skip_tracking":false,"_monsterinsights_sitenote_active":false,"_monsterinsights_sitenote_note":"","_monsterinsights_sitenote_category":0},"product_brand":[],"product_cat":[108,251],"product_tag":[],"class_list":{"0":"post-988803","1":"product","2":"type-product","3":"status-publish","4":"has-post-thumbnail","6":"product_cat-cow","7":"product_cat-veterinary-products","9":"first","10":"instock","11":"shipping-taxable","12":"product-type-simple"},"jetpack_sharing_enabled":true,"_links":{"self":[{"href":"https:\/\/agrovetazerbaijan.az\/en\/wp-json\/wp\/v2\/product\/988803","targetHints":{"allow":["GET"]}}],"collection":[{"href":"https:\/\/agrovetazerbaijan.az\/en\/wp-json\/wp\/v2\/product"}],"about":[{"href":"https:\/\/agrovetazerbaijan.az\/en\/wp-json\/wp\/v2\/types\/product"}],"replies":[{"embeddable":true,"href":"https:\/\/agrovetazerbaijan.az\/en\/wp-json\/wp\/v2\/comments?post=988803"}],"version-history":[{"count":2,"href":"https:\/\/agrovetazerbaijan.az\/en\/wp-json\/wp\/v2\/product\/988803\/revisions"}],"predecessor-version":[{"id":989759,"href":"https:\/\/agrovetazerbaijan.az\/en\/wp-json\/wp\/v2\/product\/988803\/revisions\/989759"}],"wp:featuredmedia":[{"embeddable":true,"href":"https:\/\/agrovetazerbaijan.az\/en\/wp-json\/wp\/v2\/media\/988804"}],"wp:attachment":[{"href":"https:\/\/agrovetazerbaijan.az\/en\/wp-json\/wp\/v2\/media?parent=988803"}],"wp:term":[{"taxonomy":"product_brand","embeddable":true,"href":"https:\/\/agrovetazerbaijan.az\/en\/wp-json\/wp\/v2\/product_brand?post=988803"},{"taxonomy":"product_cat","embeddable":true,"href":"https:\/\/agrovetazerbaijan.az\/en\/wp-json\/wp\/v2\/product_cat?post=988803"},{"taxonomy":"product_tag","embeddable":true,"href":"https:\/\/agrovetazerbaijan.az\/en\/wp-json\/wp\/v2\/product_tag?post=988803"}],"curies":[{"name":"wp","href":"https:\/\/api.w.org\/{rel}","templated":true}]}}