{"id":988787,"date":"2025-03-20T08:33:42","date_gmt":"2025-03-20T08:33:42","guid":{"rendered":"https:\/\/agrovetazerbaijan.az\/?post_type=product&#038;p=988787"},"modified":"2025-06-30T23:30:42","modified_gmt":"2025-06-30T23:30:42","slug":"zerokrim-ch-tablet","status":"publish","type":"product","link":"https:\/\/agrovetazerbaijan.az\/en\/product\/zerokrim-ch-tablet\/","title":{"rendered":"ZEROKRIM CH Tablet"},"content":{"rendered":"<div class=\"vgblk-rw-wrapper limit-wrapper\">\n<p data-start=\"36\" data-end=\"74\">Each chewable tablet contains:<\/p>\n<ul data-start=\"75\" data-end=\"348\">\n<li data-start=\"75\" data-end=\"149\">\n<p data-start=\"77\" data-end=\"149\">Praziquantel &#8230;&#8230;&#8230;&#8230;&#8230;&#8230;&#8230;&#8230;&#8230;&#8230;&#8230;&#8230;&#8230;&#8230;&#8230;&#8230;&#8230; 50 mg<\/p>\n<\/li>\n<li data-start=\"150\" data-end=\"216\">\n<p data-start=\"152\" data-end=\"216\">Pyrantel Pamoate USP &#8230;&#8230;&#8230;&#8230;&#8230;&#8230;&#8230;&#8230;&#8230;&#8230;&#8230;. 144 mg<\/p>\n<\/li>\n<li data-start=\"217\" data-end=\"289\">\n<p data-start=\"219\" data-end=\"289\">Fenbendazole &#8230;&#8230;&#8230;&#8230;&#8230;&#8230;&#8230;&#8230;&#8230;&#8230;&#8230;&#8230;&#8230;&#8230;&#8230;&#8230; 500 mg<\/p>\n<\/li>\n<li data-start=\"290\" data-end=\"348\">\n<p data-start=\"292\" data-end=\"348\">Yard\u0131m\u00e7\u0131 madd\u0259l\u0259r (Excipients) &#8230;&#8230;&#8230;&#8230;&#8230;&#8230;.. q.s.<\/p>\n<\/li>\n<\/ul>\n<hr data-start=\"350\" data-end=\"353\" \/>\n<p data-start=\"355\" data-end=\"536\"><strong data-start=\"355\" data-end=\"371\">INDICATIONS:<\/strong><br data-start=\"371\" data-end=\"374\" \/>For the treatment and control of gastrointestinal roundworms and hookworms (both adult and juvenile stages) in adult dogs, puppies and cats.<\/p>\n<hr data-start=\"538\" data-end=\"541\" \/>\n<p data-start=\"543\" data-end=\"566\"><strong data-start=\"543\" data-end=\"564\">USE AND DOSAGE:<\/strong><\/p>\n<ul data-start=\"567\" data-end=\"829\">\n<li data-start=\"567\" data-end=\"641\">\n<p data-start=\"569\" data-end=\"641\">For dogs and cats, 1 ZEROKRIM CH tablet per 10 kg of body weight.<\/p>\n<\/li>\n<li data-start=\"642\" data-end=\"709\">\n<p data-start=\"644\" data-end=\"709\">The chewable tablet can be given directly into the mouth or added to food.<\/p>\n<\/li>\n<li data-start=\"710\" data-end=\"760\">\n<p data-start=\"712\" data-end=\"760\">Fasting is not required before or after treatment.<\/p>\n<\/li>\n<li data-start=\"761\" data-end=\"829\">\n<p data-start=\"763\" data-end=\"829\">To increase effectiveness, the treatment can be repeated for 2\u20133 days.<\/p>\n<\/li>\n<\/ul>\n<\/div>\n<p><!-- .vgblk-rw-wrapper --><\/p>","protected":false},"excerpt":{"rendered":"<p>H\u0259r \u00e7eyn\u0259n\u0259n tabletd\u0259: Praziquantel &#8230;&#8230;&#8230;&#8230;&#8230;&#8230;&#8230;&#8230;&#8230;&#8230;&#8230;&#8230;&#8230;&#8230;&#8230;&#8230;&#8230; 50 mg Pyrantel Pamoate USP &#8230;&#8230;&#8230;&#8230;&#8230;&#8230;&#8230;&#8230;&#8230;&#8230;&#8230;. 144 mg Fenbendazole &#8230;&#8230;&#8230;&#8230;&#8230;&#8230;&#8230;&#8230;&#8230;&#8230;&#8230;&#8230;&#8230;&#8230;&#8230;&#8230; 500 mg Yard\u0131m\u00e7\u0131 madd\u0259l\u0259r (Excipients) &#8230;&#8230;&#8230;&#8230;&#8230;&#8230;.. q.s. G\u00d6ST\u018fR\u0130\u015eL\u018fR:Yetkin itl\u0259r, balalar v\u0259 pi\u015fikl\u0259rd\u0259 m\u0259d\u0259-ba\u011f\u0131rsaq yuvarlaq v\u0259 qurtdurmaq parazitl\u0259rinin (h\u0259m yetkin, h\u0259m d\u0259 inki\u015faf m\u0259rh\u0259l\u0259sind\u0259 olan) m\u00fcalic\u0259si v\u0259 n\u0259zar\u0259ti \u00fc\u00e7\u00fcn. QULLANMA V\u018f DOZA: \u0130tl\u0259r v\u0259 pi\u015fikl\u0259r \u00fc\u00e7\u00fcn h\u0259r 10 kq b\u0259d\u0259n \u00e7\u0259kisin\u0259&#8230;<\/p>","protected":false},"featured_media":988788,"comment_status":"closed","ping_status":"closed","template":"","meta":{"nf_dc_page":"","_monsterinsights_skip_tracking":false,"_monsterinsights_sitenote_active":false,"_monsterinsights_sitenote_note":"","_monsterinsights_sitenote_category":0},"product_brand":[],"product_cat":[58,251,246,244,51],"product_tag":[],"class_list":{"0":"post-988787","1":"product","2":"type-product","3":"status-publish","4":"has-post-thumbnail","6":"product_cat-dog","7":"product_cat-veterinary-products","8":"product_cat-dermanlar","9":"product_cat-it-ve-pisik-mehsullari","10":"product_cat-cat","12":"first","13":"instock","14":"shipping-taxable","15":"product-type-simple"},"jetpack_sharing_enabled":true,"_links":{"self":[{"href":"https:\/\/agrovetazerbaijan.az\/en\/wp-json\/wp\/v2\/product\/988787","targetHints":{"allow":["GET"]}}],"collection":[{"href":"https:\/\/agrovetazerbaijan.az\/en\/wp-json\/wp\/v2\/product"}],"about":[{"href":"https:\/\/agrovetazerbaijan.az\/en\/wp-json\/wp\/v2\/types\/product"}],"replies":[{"embeddable":true,"href":"https:\/\/agrovetazerbaijan.az\/en\/wp-json\/wp\/v2\/comments?post=988787"}],"version-history":[{"count":2,"href":"https:\/\/agrovetazerbaijan.az\/en\/wp-json\/wp\/v2\/product\/988787\/revisions"}],"predecessor-version":[{"id":989624,"href":"https:\/\/agrovetazerbaijan.az\/en\/wp-json\/wp\/v2\/product\/988787\/revisions\/989624"}],"wp:featuredmedia":[{"embeddable":true,"href":"https:\/\/agrovetazerbaijan.az\/en\/wp-json\/wp\/v2\/media\/988788"}],"wp:attachment":[{"href":"https:\/\/agrovetazerbaijan.az\/en\/wp-json\/wp\/v2\/media?parent=988787"}],"wp:term":[{"taxonomy":"product_brand","embeddable":true,"href":"https:\/\/agrovetazerbaijan.az\/en\/wp-json\/wp\/v2\/product_brand?post=988787"},{"taxonomy":"product_cat","embeddable":true,"href":"https:\/\/agrovetazerbaijan.az\/en\/wp-json\/wp\/v2\/product_cat?post=988787"},{"taxonomy":"product_tag","embeddable":true,"href":"https:\/\/agrovetazerbaijan.az\/en\/wp-json\/wp\/v2\/product_tag?post=988787"}],"curies":[{"name":"wp","href":"https:\/\/api.w.org\/{rel}","templated":true}]}}