{"id":988781,"date":"2025-03-20T08:30:57","date_gmt":"2025-03-20T08:30:57","guid":{"rendered":"https:\/\/agrovetazerbaijan.az\/?post_type=product&#038;p=988781"},"modified":"2025-07-01T00:00:27","modified_gmt":"2025-07-01T00:00:27","slug":"nutripoweroral-paste","status":"publish","type":"product","link":"https:\/\/agrovetazerbaijan.az\/en\/product\/nutripoweroral-paste\/","title":{"rendered":"NUTRIPOWER(Oral Paste)"},"content":{"rendered":"<div class=\"vgblk-rw-wrapper limit-wrapper\">\n<p data-start=\"36\" data-end=\"85\"><strong data-start=\"36\" data-end=\"48\">Ingredients:<\/strong><br data-start=\"48\" data-end=\"51\" \/>H\u0259r 6 qramda (Z\u0259man\u0259tli analiz):<\/p>\n<ul data-start=\"86\" data-end=\"1674\">\n<li data-start=\"86\" data-end=\"153\">\n<p data-start=\"88\" data-end=\"153\">Vitamin A &#8230;&#8230;&#8230;&#8230;&#8230;&#8230;&#8230;&#8230;&#8230;&#8230;&#8230;&#8230;&#8230;&#8230;&#8230;. 800 IU<\/p>\n<\/li>\n<li data-start=\"154\" data-end=\"220\">\n<p data-start=\"156\" data-end=\"220\">Vitamin D3 &#8230;&#8230;&#8230;&#8230;&#8230;&#8230;&#8230;&#8230;&#8230;&#8230;&#8230;&#8230;&#8230;&#8230;&#8230; 12 IU<\/p>\n<\/li>\n<li data-start=\"221\" data-end=\"288\">\n<p data-start=\"223\" data-end=\"288\">Vitamin E &#8230;&#8230;&#8230;&#8230;&#8230;&#8230;&#8230;&#8230;&#8230;&#8230;&#8230;&#8230;&#8230;&#8230;&#8230;&#8230; 7 IU<\/p>\n<\/li>\n<li data-start=\"289\" data-end=\"357\">\n<p data-start=\"291\" data-end=\"357\">Vitamin B1 &#8230;&#8230;&#8230;&#8230;&#8230;&#8230;&#8230;&#8230;&#8230;&#8230;&#8230;&#8230;&#8230;&#8230;&#8230; 1.52 mg<\/p>\n<\/li>\n<li data-start=\"358\" data-end=\"427\">\n<p data-start=\"360\" data-end=\"427\">Vitamin B2 &#8230;&#8230;&#8230;&#8230;&#8230;&#8230;&#8230;&#8230;&#8230;&#8230;&#8230;&#8230;&#8230;&#8230;&#8230; 0.011 mg<\/p>\n<\/li>\n<li data-start=\"428\" data-end=\"492\">\n<p data-start=\"430\" data-end=\"492\">Pantotenik Asid &#8230;&#8230;&#8230;&#8230;&#8230;&#8230;&#8230;&#8230;&#8230;&#8230;&#8230;&#8230; 1.74 mg<\/p>\n<\/li>\n<li data-start=\"493\" data-end=\"559\">\n<p data-start=\"495\" data-end=\"559\">Niasinamid &#8230;&#8230;&#8230;&#8230;&#8230;&#8230;&#8230;&#8230;&#8230;&#8230;&#8230;&#8230;&#8230;&#8230;. 1.90 mg<\/p>\n<\/li>\n<li data-start=\"560\" data-end=\"628\">\n<p data-start=\"562\" data-end=\"628\">Vitamin B6 &#8230;&#8230;&#8230;&#8230;&#8230;&#8230;&#8230;&#8230;&#8230;&#8230;&#8230;&#8230;&#8230;&#8230;&#8230; 0.73 mg<\/p>\n<\/li>\n<li data-start=\"629\" data-end=\"697\">\n<p data-start=\"631\" data-end=\"697\">Vitamin B12 &#8230;&#8230;&#8230;&#8230;&#8230;&#8230;&#8230;&#8230;&#8230;&#8230;&#8230;&#8230;&#8230;&#8230;. 1.83 mcg<\/p>\n<\/li>\n<li data-start=\"698\" data-end=\"767\">\n<p data-start=\"700\" data-end=\"767\">Fol tur\u015fusu &#8230;&#8230;&#8230;&#8230;&#8230;&#8230;&#8230;&#8230;&#8230;&#8230;&#8230;&#8230;&#8230;&#8230;&#8230; 0.19 mg<\/p>\n<\/li>\n<li data-start=\"768\" data-end=\"838\">\n<p data-start=\"770\" data-end=\"838\">Kalsium &#8230;&#8230;&#8230;&#8230;&#8230;&#8230;&#8230;&#8230;&#8230;&#8230;&#8230;&#8230;&#8230;&#8230;&#8230;&#8230;.. 0.16 mg<\/p>\n<\/li>\n<li data-start=\"839\" data-end=\"910\">\n<p data-start=\"841\" data-end=\"910\">Fosfor &#8230;&#8230;&#8230;&#8230;&#8230;&#8230;&#8230;&#8230;&#8230;&#8230;&#8230;&#8230;&#8230;&#8230;&#8230;&#8230;&#8230;. 0.02 mg<\/p>\n<\/li>\n<li data-start=\"911\" data-end=\"981\">\n<p data-start=\"913\" data-end=\"981\">Kalium &#8230;&#8230;&#8230;&#8230;&#8230;&#8230;&#8230;&#8230;&#8230;&#8230;&#8230;&#8230;&#8230;&#8230;&#8230;&#8230;&#8230; 0.15 mg<\/p>\n<\/li>\n<li data-start=\"982\" data-end=\"1051\">\n<p data-start=\"984\" data-end=\"1051\">Natrium &#8230;&#8230;&#8230;&#8230;&#8230;&#8230;&#8230;&#8230;&#8230;&#8230;&#8230;&#8230;&#8230;&#8230;&#8230;&#8230;. 1.01 mg<\/p>\n<\/li>\n<li data-start=\"1052\" data-end=\"1123\">\n<p data-start=\"1054\" data-end=\"1123\">Xlorid &#8230;&#8230;&#8230;&#8230;&#8230;&#8230;&#8230;&#8230;&#8230;&#8230;&#8230;&#8230;&#8230;&#8230;&#8230;&#8230;&#8230;. 0.33 mg<\/p>\n<\/li>\n<li data-start=\"1124\" data-end=\"1189\">\n<p data-start=\"1126\" data-end=\"1189\">Maqnezium &#8230;&#8230;&#8230;&#8230;&#8230;&#8230;&#8230;&#8230;&#8230;&#8230;&#8230;&#8230;&#8230;&#8230;. 0.38 mg<\/p>\n<\/li>\n<li data-start=\"1190\" data-end=\"1261\">\n<p data-start=\"1192\" data-end=\"1261\">D\u0259mir &#8230;&#8230;&#8230;&#8230;&#8230;&#8230;&#8230;&#8230;&#8230;&#8230;&#8230;&#8230;&#8230;&#8230;&#8230;&#8230;&#8230;.. 0.53 mg<\/p>\n<\/li>\n<li data-start=\"1262\" data-end=\"1331\">\n<p data-start=\"1264\" data-end=\"1331\">Mangan &#8230;&#8230;&#8230;&#8230;&#8230;&#8230;&#8230;&#8230;&#8230;&#8230;&#8230;&#8230;&#8230;&#8230;&#8230;&#8230;.. 0.90 mg<\/p>\n<\/li>\n<li data-start=\"1332\" data-end=\"1403\">\n<p data-start=\"1334\" data-end=\"1403\">\u0130yod &#8230;&#8230;&#8230;&#8230;&#8230;&#8230;&#8230;&#8230;&#8230;&#8230;&#8230;&#8230;&#8230;&#8230;&#8230;&#8230;&#8230;&#8230; 0.48 mg<\/p>\n<\/li>\n<li data-start=\"1404\" data-end=\"1454\">\n<p data-start=\"1406\" data-end=\"1454\">Yard\u0131m\u00e7\u0131 madd\u0259l\u0259r (Excipients) &#8230;&#8230;&#8230;&#8230; q.s.<\/p>\n<\/li>\n<li data-start=\"1456\" data-end=\"1520\">\n<p data-start=\"1458\" data-end=\"1520\">Xam z\u00fclal (Crude Protein) &#8230;&#8230;&#8230;&#8230;&#8230;&#8230;&#8230;. 1% (\u0259n az\u0131)<\/p>\n<\/li>\n<li data-start=\"1521\" data-end=\"1588\">\n<p data-start=\"1523\" data-end=\"1588\">Xam ya\u011f (Crude Fat) &#8230;&#8230;&#8230;&#8230;&#8230;&#8230;&#8230;&#8230;&#8230;&#8230; 27% (\u0259n az\u0131)<\/p>\n<\/li>\n<li data-start=\"1589\" data-end=\"1674\">\n<p data-start=\"1591\" data-end=\"1674\">Kalori miqdar\u0131: &#8230;&#8230;&#8230;&#8230;&#8230;&#8230;&#8230;&#8230;&#8230;&#8230;&#8230;&#8230; 4200 Kcal\/kg (25.2 Kcal \/ 6 q)<\/p>\n<\/li>\n<\/ul>\n<hr data-start=\"1676\" data-end=\"1679\" \/>\n<p data-start=\"1681\" data-end=\"1696\"><strong data-start=\"1681\" data-end=\"1694\">\u0130ST\u0130FAD\u018f:<\/strong><\/p>\n<ul data-start=\"1697\" data-end=\"1861\">\n<li data-start=\"1697\" data-end=\"1722\">\n<p data-start=\"1699\" data-end=\"1722\">\u018fla enerji m\u0259nb\u0259yidir<\/p>\n<\/li>\n<li data-start=\"1723\" data-end=\"1813\">\n<p data-start=\"1725\" data-end=\"1813\">Vitaminl\u0259r, minerallar, vacib amin tur\u015fular\u0131 v\u0259 ya\u011f tur\u015fular\u0131 il\u0259 z\u0259nginl\u0259\u015fdirilmi\u015fdir<\/p>\n<\/li>\n<li data-start=\"1814\" data-end=\"1861\">\n<p data-start=\"1816\" data-end=\"1861\">\u0130nki\u015faf\u0131, aktivliyi v\u0259 parlaq t\u00fckl\u0259ri qoruyur<\/p>\n<\/li>\n<\/ul>\n<hr data-start=\"1863\" data-end=\"1866\" \/>\n<p data-start=\"1868\" data-end=\"1879\"><strong data-start=\"1868\" data-end=\"1877\">DOZA:<\/strong><\/p>\n<ul data-start=\"1880\" data-end=\"2036\">\n<li data-start=\"1880\" data-end=\"1928\">\n<p data-start=\"1882\" data-end=\"1928\">H\u0259r 5 kq b\u0259d\u0259n \u00e7\u0259kisin\u0259 g\u00fcnd\u0259 1-2 \u00e7ay qa\u015f\u0131\u011f\u0131<\/p>\n<\/li>\n<li data-start=\"1929\" data-end=\"2036\">\n<p data-start=\"1931\" data-end=\"2036\">Yem yem\u0259kd\u0259n imtina ed\u0259n v\u0259 ya tam rasion almayan heyvanlarda doza g\u00fcnd\u0259 2-3 \u00e7ay qa\u015f\u0131\u011f\u0131na qald\u0131r\u0131la bil\u0259r<\/p>\n<\/li>\n<\/ul>\n<\/div>\n<p><!-- .vgblk-rw-wrapper --><\/p>","protected":false},"excerpt":{"rendered":"<p>T\u0259rkibi:H\u0259r 6 qramda (Z\u0259man\u0259tli analiz): Vitamin A &#8230;&#8230;&#8230;&#8230;&#8230;&#8230;&#8230;&#8230;&#8230;&#8230;&#8230;&#8230;&#8230;&#8230;&#8230;. 800 IU Vitamin D3 &#8230;&#8230;&#8230;&#8230;&#8230;&#8230;&#8230;&#8230;&#8230;&#8230;&#8230;&#8230;&#8230;&#8230;&#8230; 12 IU Vitamin E &#8230;&#8230;&#8230;&#8230;&#8230;&#8230;&#8230;&#8230;&#8230;&#8230;&#8230;&#8230;&#8230;&#8230;&#8230;&#8230; 7 IU Vitamin B1 &#8230;&#8230;&#8230;&#8230;&#8230;&#8230;&#8230;&#8230;&#8230;&#8230;&#8230;&#8230;&#8230;&#8230;&#8230; 1.52 mg Vitamin B2 &#8230;&#8230;&#8230;&#8230;&#8230;&#8230;&#8230;&#8230;&#8230;&#8230;&#8230;&#8230;&#8230;&#8230;&#8230; 0.011 mg Pantotenik Asid &#8230;&#8230;&#8230;&#8230;&#8230;&#8230;&#8230;&#8230;&#8230;&#8230;&#8230;&#8230; 1.74 mg Niasinamid &#8230;&#8230;&#8230;&#8230;&#8230;&#8230;&#8230;&#8230;&#8230;&#8230;&#8230;&#8230;&#8230;&#8230;. 1.90 mg Vitamin B6 &#8230;&#8230;&#8230;&#8230;&#8230;&#8230;&#8230;&#8230;&#8230;&#8230;&#8230;&#8230;&#8230;&#8230;&#8230; 0.73 mg Vitamin B12 &#8230;&#8230;&#8230;&#8230;&#8230;&#8230;&#8230;&#8230;&#8230;&#8230;&#8230;&#8230;&#8230;&#8230;. 1.83 mcg Fol tur\u015fusu &#8230;&#8230;&#8230;&#8230;&#8230;&#8230;&#8230;&#8230;&#8230;&#8230;&#8230;&#8230;&#8230;&#8230;&#8230; 0.19 mg Kalsium&#8230;<\/p>","protected":false},"featured_media":988782,"comment_status":"closed","ping_status":"closed","template":"","meta":{"nf_dc_page":"","_monsterinsights_skip_tracking":false,"_monsterinsights_sitenote_active":false,"_monsterinsights_sitenote_note":"","_monsterinsights_sitenote_category":0},"product_brand":[],"product_cat":[58,251,246,244,51],"product_tag":[],"class_list":{"0":"post-988781","1":"product","2":"type-product","3":"status-publish","4":"has-post-thumbnail","6":"product_cat-dog","7":"product_cat-veterinary-products","8":"product_cat-dermanlar","9":"product_cat-it-ve-pisik-mehsullari","10":"product_cat-cat","12":"first","13":"instock","14":"shipping-taxable","15":"product-type-simple"},"jetpack_sharing_enabled":true,"_links":{"self":[{"href":"https:\/\/agrovetazerbaijan.az\/en\/wp-json\/wp\/v2\/product\/988781","targetHints":{"allow":["GET"]}}],"collection":[{"href":"https:\/\/agrovetazerbaijan.az\/en\/wp-json\/wp\/v2\/product"}],"about":[{"href":"https:\/\/agrovetazerbaijan.az\/en\/wp-json\/wp\/v2\/types\/product"}],"replies":[{"embeddable":true,"href":"https:\/\/agrovetazerbaijan.az\/en\/wp-json\/wp\/v2\/comments?post=988781"}],"version-history":[{"count":2,"href":"https:\/\/agrovetazerbaijan.az\/en\/wp-json\/wp\/v2\/product\/988781\/revisions"}],"predecessor-version":[{"id":989623,"href":"https:\/\/agrovetazerbaijan.az\/en\/wp-json\/wp\/v2\/product\/988781\/revisions\/989623"}],"wp:featuredmedia":[{"embeddable":true,"href":"https:\/\/agrovetazerbaijan.az\/en\/wp-json\/wp\/v2\/media\/988782"}],"wp:attachment":[{"href":"https:\/\/agrovetazerbaijan.az\/en\/wp-json\/wp\/v2\/media?parent=988781"}],"wp:term":[{"taxonomy":"product_brand","embeddable":true,"href":"https:\/\/agrovetazerbaijan.az\/en\/wp-json\/wp\/v2\/product_brand?post=988781"},{"taxonomy":"product_cat","embeddable":true,"href":"https:\/\/agrovetazerbaijan.az\/en\/wp-json\/wp\/v2\/product_cat?post=988781"},{"taxonomy":"product_tag","embeddable":true,"href":"https:\/\/agrovetazerbaijan.az\/en\/wp-json\/wp\/v2\/product_tag?post=988781"}],"curies":[{"name":"wp","href":"https:\/\/api.w.org\/{rel}","templated":true}]}}