{"id":988778,"date":"2025-03-20T08:26:20","date_gmt":"2025-03-20T08:26:20","guid":{"rendered":"https:\/\/agrovetazerbaijan.az\/?post_type=product&#038;p=988778"},"modified":"2025-06-20T17:24:03","modified_gmt":"2025-06-20T17:24:03","slug":"methipower-oral-paste","status":"publish","type":"product","link":"https:\/\/agrovetazerbaijan.az\/en\/product\/methipower-oral-paste\/","title":{"rendered":"METHIPOWER (Oral Paste)"},"content":{"rendered":"<div class=\"vgblk-rw-wrapper limit-wrapper\">\n<h3 data-start=\"72\" data-end=\"140\"><strong data-start=\"76\" data-end=\"140\">Methipower \u2013 Urinary Health Support for Dogs and Cats<\/strong><\/h3>\n<hr data-start=\"142\" data-end=\"145\" \/>\n<h4 data-start=\"147\" data-end=\"181\"><strong data-start=\"152\" data-end=\"179\">Ingredients (per 6 grams):<\/strong><\/h4>\n<ul data-start=\"182\" data-end=\"246\">\n<li data-start=\"182\" data-end=\"209\">\n<p data-start=\"184\" data-end=\"209\"><strong data-start=\"184\" data-end=\"200\">DL-Methionine:<\/strong> 480 mg<\/p>\n<\/li>\n<li data-start=\"210\" data-end=\"246\">\n<p data-start=\"212\" data-end=\"246\"><strong data-start=\"212\" data-end=\"225\">Extras:<\/strong> enough (qs)<\/p>\n<\/li>\n<\/ul>\n<hr data-start=\"248\" data-end=\"251\" \/>\n<h4 data-start=\"253\" data-end=\"279\"><strong data-start=\"258\" data-end=\"277\">Ingredients:<\/strong><\/h4>\n<p data-start=\"280\" data-end=\"384\">Sweet Syrup, Soybean Oil, DL-Methionine, Fish Oil (Cod Oil), Methylcellulose, Water, Sodium Benzoate (preservative)<\/p>\n<hr data-start=\"386\" data-end=\"389\" \/>\n<h4 data-start=\"391\" data-end=\"419\"><strong data-start=\"396\" data-end=\"417\">Purpose of use:<\/strong><\/h4>\n<ul data-start=\"420\" data-end=\"523\">\n<li data-start=\"420\" data-end=\"487\">\n<p data-start=\"422\" data-end=\"487\">Helps prevent lower urinary tract diseases<\/p>\n<\/li>\n<li data-start=\"488\" data-end=\"523\">\n<p data-start=\"490\" data-end=\"523\">Controls urine odor<\/p>\n<\/li>\n<\/ul>\n<hr data-start=\"525\" data-end=\"528\" \/>\n<h4 data-start=\"530\" data-end=\"558\"><strong data-start=\"535\" data-end=\"556\">Instructions for use:<\/strong><\/h4>\n<p data-start=\"559\" data-end=\"649\">To attract the attention of dogs and cats, rub a small amount of Methipower on their noses.<\/p>\n<ul data-start=\"651\" data-end=\"723\">\n<li data-start=\"651\" data-end=\"684\">\n<p data-start=\"653\" data-end=\"684\"><strong data-start=\"653\" data-end=\"663\">Dogs:<\/strong> 1 teaspoon per day<\/p>\n<\/li>\n<li data-start=\"685\" data-end=\"723\">\n<p data-start=\"687\" data-end=\"723\"><strong data-start=\"687\" data-end=\"700\">Cats:<\/strong> \u00bd \u2013 1 teaspoon per day<\/p>\n<\/li>\n<\/ul>\n<hr data-start=\"725\" data-end=\"728\" \/>\n<h4 data-start=\"730\" data-end=\"796\"><strong data-start=\"735\" data-end=\"794\">Minimum Guaranteed Analysis (per 6 grams \u2013 1 teaspoon):<\/strong><\/h4>\n<ul data-start=\"797\" data-end=\"958\">\n<li data-start=\"797\" data-end=\"822\">\n<p data-start=\"799\" data-end=\"822\">Crude Protein: minimum 5%<\/p>\n<\/li>\n<li data-start=\"823\" data-end=\"846\">\n<p data-start=\"825\" data-end=\"846\">Crude Oil: minimum 5%<\/p>\n<\/li>\n<li data-start=\"847\" data-end=\"873\">\n<p data-start=\"849\" data-end=\"873\">Raw Fiber: maximum 1.0%<\/p>\n<\/li>\n<li data-start=\"874\" data-end=\"900\">\n<p data-start=\"876\" data-end=\"900\">Humidity: maximum 20.0%<\/p>\n<\/li>\n<li data-start=\"901\" data-end=\"923\">\n<p data-start=\"903\" data-end=\"923\">Ash: maximum 1.0%<\/p>\n<\/li>\n<li data-start=\"924\" data-end=\"958\">\n<p data-start=\"926\" data-end=\"958\">Energy: minimum 18 Kcal \/ 6 grams<\/p>\n<\/li>\n<\/ul>\n<hr data-start=\"960\" data-end=\"963\" \/>\n<p data-start=\"965\" data-end=\"986\"><strong data-start=\"965\" data-end=\"984\">Features:<\/strong><\/p>\n<ul data-start=\"987\" data-end=\"1084\">\n<li data-start=\"987\" data-end=\"1034\">\n<p data-start=\"989\" data-end=\"1034\">Urine acidifier for dogs and cats<\/p>\n<\/li>\n<li data-start=\"1035\" data-end=\"1051\">\n<p data-start=\"1037\" data-end=\"1051\">It is very tasty.<\/p>\n<\/li>\n<li data-start=\"1052\" data-end=\"1084\">\n<p data-start=\"1054\" data-end=\"1084\">Has a high nutritional content<\/p>\n<\/li>\n<\/ul>\n<\/div>\n<p><!-- .vgblk-rw-wrapper --><\/p>","protected":false},"excerpt":{"rendered":"<p>Methipower \u2013 \u0130tl\u0259r v\u0259 Pi\u015fikl\u0259r \u00fc\u00e7\u00fcn Sidik Sa\u011flaml\u0131\u011f\u0131 D\u0259st\u0259yi T\u0259rkibi (h\u0259r 6 qramda): DL-Metionin: 480 mq \u018flav\u0259l\u0259r: kifay\u0259t q\u0259d\u0259r (q.s.) \u0130ngrediyentl\u0259r: \u015eirin \u015e\u0259rb\u0259t, Soya Ya\u011f\u0131, DL-Metionin, Bal\u0131q Ya\u011f\u0131 (Kod ya\u011f\u0131), Metilsel\u00fcloz, Su, Sodyum Benzoat (qoruyucu) \u0130stifad\u0259 m\u0259qs\u0259di: A\u015fa\u011f\u0131 sidik yollar\u0131 x\u0259st\u0259likl\u0259rinin qar\u015f\u0131s\u0131n\u0131 alma\u011fa k\u00f6m\u0259k edir Sidik qoxusunu n\u0259zar\u0259td\u0259 saxlay\u0131r \u0130stifad\u0259 qaydas\u0131: \u0130tl\u0259rin v\u0259 pi\u015fikl\u0259rin diqq\u0259tini&#8230;<\/p>","protected":false},"featured_media":988779,"comment_status":"closed","ping_status":"closed","template":"","meta":{"nf_dc_page":"","_monsterinsights_skip_tracking":false,"_monsterinsights_sitenote_active":false,"_monsterinsights_sitenote_note":"","_monsterinsights_sitenote_category":0},"product_brand":[],"product_cat":[58,51],"product_tag":[],"class_list":{"0":"post-988778","1":"product","2":"type-product","3":"status-publish","4":"has-post-thumbnail","6":"product_cat-dog","7":"product_cat-cat","9":"first","10":"instock","11":"shipping-taxable","12":"product-type-simple"},"jetpack_sharing_enabled":true,"_links":{"self":[{"href":"https:\/\/agrovetazerbaijan.az\/en\/wp-json\/wp\/v2\/product\/988778","targetHints":{"allow":["GET"]}}],"collection":[{"href":"https:\/\/agrovetazerbaijan.az\/en\/wp-json\/wp\/v2\/product"}],"about":[{"href":"https:\/\/agrovetazerbaijan.az\/en\/wp-json\/wp\/v2\/types\/product"}],"replies":[{"embeddable":true,"href":"https:\/\/agrovetazerbaijan.az\/en\/wp-json\/wp\/v2\/comments?post=988778"}],"version-history":[{"count":2,"href":"https:\/\/agrovetazerbaijan.az\/en\/wp-json\/wp\/v2\/product\/988778\/revisions"}],"predecessor-version":[{"id":989752,"href":"https:\/\/agrovetazerbaijan.az\/en\/wp-json\/wp\/v2\/product\/988778\/revisions\/989752"}],"wp:featuredmedia":[{"embeddable":true,"href":"https:\/\/agrovetazerbaijan.az\/en\/wp-json\/wp\/v2\/media\/988779"}],"wp:attachment":[{"href":"https:\/\/agrovetazerbaijan.az\/en\/wp-json\/wp\/v2\/media?parent=988778"}],"wp:term":[{"taxonomy":"product_brand","embeddable":true,"href":"https:\/\/agrovetazerbaijan.az\/en\/wp-json\/wp\/v2\/product_brand?post=988778"},{"taxonomy":"product_cat","embeddable":true,"href":"https:\/\/agrovetazerbaijan.az\/en\/wp-json\/wp\/v2\/product_cat?post=988778"},{"taxonomy":"product_tag","embeddable":true,"href":"https:\/\/agrovetazerbaijan.az\/en\/wp-json\/wp\/v2\/product_tag?post=988778"}],"curies":[{"name":"wp","href":"https:\/\/api.w.org\/{rel}","templated":true}]}}