{"id":988731,"date":"2025-03-19T23:06:58","date_gmt":"2025-03-19T23:06:58","guid":{"rendered":"https:\/\/agrovetazerbaijan.az\/?post_type=product&#038;p=988731"},"modified":"2025-06-16T21:17:12","modified_gmt":"2025-06-16T21:17:12","slug":"exfree-spot-on-dogs","status":"publish","type":"product","link":"https:\/\/agrovetazerbaijan.az\/en\/product\/exfree-spot-on-dogs\/","title":{"rendered":"EXFREE SPOT ON DOGS"},"content":{"rendered":"<div class=\"vgblk-rw-wrapper limit-wrapper\">\n<p data-start=\"36\" data-end=\"48\"><strong data-start=\"36\" data-end=\"48\">COMPOSITION:<\/strong><\/p>\n<p data-start=\"50\" data-end=\"64\">In every 1 ml:<\/p>\n<ul data-start=\"65\" data-end=\"139\">\n<li data-start=\"65\" data-end=\"98\">\n<p data-start=\"67\" data-end=\"98\">Fipronil \u2026\u2026\u2026\u2026\u2026\u2026\u2026\u2026\u2026\u2026\u2026 10 % v\/v<\/p>\n<\/li>\n<li data-start=\"99\" data-end=\"139\">\n<p data-start=\"101\" data-end=\"139\">Excipients \u2026\u2026 qs<\/p>\n<\/li>\n<\/ul>\n<hr data-start=\"141\" data-end=\"144\" \/>\n<p data-start=\"146\" data-end=\"257\"><strong data-start=\"146\" data-end=\"162\">INDICATIONS:<\/strong><br data-start=\"162\" data-end=\"165\" \/><strong data-start=\"165\" data-end=\"188\">EXFREE SPOT ON DOGS<\/strong> It is used to protect and treat dogs from worms and lice.<\/p>\n<hr data-start=\"259\" data-end=\"262\" \/>\n<p data-start=\"264\" data-end=\"295\"><strong data-start=\"264\" data-end=\"293\">DOSAGE AND DIRECTIONS FOR USE:<\/strong><\/p>\n<p data-start=\"297\" data-end=\"332\">It is applied topically to the skin.<\/p>\n<ul data-start=\"334\" data-end=\"715\">\n<li data-start=\"334\" data-end=\"448\">\n<p data-start=\"336\" data-end=\"448\">Hold the pipette upright. Gently tap the narrow end of the pipette several times to collect the liquid in the base of the pipette.<\/p>\n<\/li>\n<li data-start=\"449\" data-end=\"498\">\n<p data-start=\"451\" data-end=\"498\">Break the break line at the ends of the pipette.<\/p>\n<\/li>\n<li data-start=\"499\" data-end=\"548\">\n<p data-start=\"501\" data-end=\"548\">Part the animal&#039;s fur and see its skin.<\/p>\n<\/li>\n<li data-start=\"549\" data-end=\"651\">\n<p data-start=\"551\" data-end=\"651\">Place the tip of the pipette directly on the exposed skin and squeeze lightly several times to release the liquid.<\/p>\n<\/li>\n<li data-start=\"652\" data-end=\"715\">\n<p data-start=\"654\" data-end=\"715\">Repeat this procedure at 1-2 different points on the animal&#039;s back.<\/p>\n<\/li>\n<\/ul>\n<p data-start=\"717\" data-end=\"745\">Choosing a pipette according to weight:<\/p>\n<div class=\"_tableContainer_16hzy_1\">\n<div class=\"_tableWrapper_16hzy_14 group flex w-fit flex-col-reverse\" tabindex=\"-1\">\n<table class=\"w-fit min-w-(--thread-content-width)\" data-start=\"747\" data-end=\"967\">\n<thead data-start=\"747\" data-end=\"791\">\n<tr data-start=\"747\" data-end=\"791\">\n<th data-start=\"747\" data-end=\"770\" data-col-size=\"sm\">Animal weight (kg)<\/th>\n<th data-start=\"770\" data-end=\"791\" data-col-size=\"sm\">Pipette quantity<\/th>\n<\/tr>\n<\/thead>\n<tbody data-start=\"836\" data-end=\"967\">\n<tr data-start=\"836\" data-end=\"879\">\n<td data-start=\"836\" data-end=\"859\" data-col-size=\"sm\">2 \u2013 10<\/td>\n<td data-col-size=\"sm\" data-start=\"859\" data-end=\"879\">0.67 ml<\/td>\n<\/tr>\n<tr data-start=\"880\" data-end=\"923\">\n<td data-start=\"880\" data-end=\"903\" data-col-size=\"sm\">10 \u2013 20<\/td>\n<td data-col-size=\"sm\" data-start=\"903\" data-end=\"923\">1.34 ml<\/td>\n<\/tr>\n<tr data-start=\"924\" data-end=\"967\">\n<td data-start=\"924\" data-end=\"947\" data-col-size=\"sm\">20 \u2013 40<\/td>\n<td data-col-size=\"sm\" data-start=\"947\" data-end=\"967\">2.68 ml<\/td>\n<\/tr>\n<\/tbody>\n<\/table>\n<\/div>\n<\/div>\n<\/div>\n<p><!-- .vgblk-rw-wrapper --><\/p>","protected":false},"excerpt":{"rendered":"<p>T\u018fRK\u0130B\u0130: H\u0259r 1 ml-d\u0259: Fipronil \u2026\u2026\u2026\u2026\u2026\u2026\u2026\u2026\u2026\u2026\u2026 10 % v\/v Yard\u0131m\u00e7\u0131 madd\u0259l\u0259r (Excipients) \u2026\u2026 q.s. G\u00d6ST\u018fR\u0130\u015eL\u018fR:EXFREE SPOT ON DOGS iti qurd v\u0259 bitl\u0259rd\u0259n qorumaq v\u0259 m\u00fcalic\u0259 etm\u0259k \u00fc\u00e7\u00fcn istifad\u0259 olunur. DOZA V\u018f \u0130ST\u0130FAD\u018f QAYDASI: D\u0259ri \u00fcz\u0259rin\u0259 topikal t\u0259tbiq olunur. Pipeti dik tutun. Pipetin dar hiss\u0259sini bir ne\u00e7\u0259 d\u0259f\u0259 yum\u015faqca vurun ki, maye pipetin \u0259sas hiss\u0259sin\u0259 y\u0131\u011f\u0131\u015fs\u0131n&#8230;.<\/p>","protected":false},"featured_media":988732,"comment_status":"closed","ping_status":"closed","template":"","meta":{"nf_dc_page":"","_monsterinsights_skip_tracking":false,"_monsterinsights_sitenote_active":false,"_monsterinsights_sitenote_note":"","_monsterinsights_sitenote_category":0},"product_brand":[],"product_cat":[58,246,244],"product_tag":[],"class_list":{"0":"post-988731","1":"product","2":"type-product","3":"status-publish","4":"has-post-thumbnail","6":"product_cat-dog","7":"product_cat-dermanlar","8":"product_cat-it-ve-pisik-mehsullari","10":"first","11":"instock","12":"shipping-taxable","13":"product-type-simple"},"jetpack_sharing_enabled":true,"_links":{"self":[{"href":"https:\/\/agrovetazerbaijan.az\/en\/wp-json\/wp\/v2\/product\/988731","targetHints":{"allow":["GET"]}}],"collection":[{"href":"https:\/\/agrovetazerbaijan.az\/en\/wp-json\/wp\/v2\/product"}],"about":[{"href":"https:\/\/agrovetazerbaijan.az\/en\/wp-json\/wp\/v2\/types\/product"}],"replies":[{"embeddable":true,"href":"https:\/\/agrovetazerbaijan.az\/en\/wp-json\/wp\/v2\/comments?post=988731"}],"version-history":[{"count":2,"href":"https:\/\/agrovetazerbaijan.az\/en\/wp-json\/wp\/v2\/product\/988731\/revisions"}],"predecessor-version":[{"id":989621,"href":"https:\/\/agrovetazerbaijan.az\/en\/wp-json\/wp\/v2\/product\/988731\/revisions\/989621"}],"wp:featuredmedia":[{"embeddable":true,"href":"https:\/\/agrovetazerbaijan.az\/en\/wp-json\/wp\/v2\/media\/988732"}],"wp:attachment":[{"href":"https:\/\/agrovetazerbaijan.az\/en\/wp-json\/wp\/v2\/media?parent=988731"}],"wp:term":[{"taxonomy":"product_brand","embeddable":true,"href":"https:\/\/agrovetazerbaijan.az\/en\/wp-json\/wp\/v2\/product_brand?post=988731"},{"taxonomy":"product_cat","embeddable":true,"href":"https:\/\/agrovetazerbaijan.az\/en\/wp-json\/wp\/v2\/product_cat?post=988731"},{"taxonomy":"product_tag","embeddable":true,"href":"https:\/\/agrovetazerbaijan.az\/en\/wp-json\/wp\/v2\/product_tag?post=988731"}],"curies":[{"name":"wp","href":"https:\/\/api.w.org\/{rel}","templated":true}]}}