{"id":988728,"date":"2025-03-19T23:05:16","date_gmt":"2025-03-19T23:05:16","guid":{"rendered":"https:\/\/agrovetazerbaijan.az\/?post_type=product&#038;p=988728"},"modified":"2025-07-01T00:02:13","modified_gmt":"2025-07-01T00:02:13","slug":"durotic-injection","status":"publish","type":"product","link":"https:\/\/agrovetazerbaijan.az\/en\/product\/durotic-injection\/","title":{"rendered":"DUROTIC Injection"},"content":{"rendered":"<div class=\"vgblk-rw-wrapper limit-wrapper\">\n<h3 data-start=\"93\" data-end=\"142\"><strong data-start=\"97\" data-end=\"142\">FUROSEMIDE 50 mg\/ml Solution for injection<\/strong><\/h3>\n<hr data-start=\"144\" data-end=\"147\" \/>\n<h4 data-start=\"149\" data-end=\"166\"><strong data-start=\"154\" data-end=\"166\">Ingredients:<\/strong><\/h4>\n<p data-start=\"168\" data-end=\"210\">Each 1 ml of solution contains:<\/p>\n<ul data-start=\"212\" data-end=\"318\">\n<li data-start=\"212\" data-end=\"256\">\n<p data-start=\"214\" data-end=\"256\"><strong data-start=\"214\" data-end=\"227\">Furosemide<\/strong> \u2026\u2026\u2026\u2026\u2026\u2026\u2026\u2026\u2026\u2026\u2026\u2026\u2026\u2026\u2026\u2026\u2026\u2026\u2026 <strong data-start=\"245\" data-end=\"254\">50 mg<\/strong><\/p>\n<\/li>\n<li data-start=\"257\" data-end=\"318\">\n<p data-start=\"259\" data-end=\"318\"><strong data-start=\"259\" data-end=\"280\">Water for injection<\/strong> \u2026\u2026\u2026\u2026\u2026\u2026\u2026\u2026\u2026\u2026\u2026\u2026 <strong data-start=\"294\" data-end=\"318\">enough (enough)<\/strong><\/p>\n<\/li>\n<\/ul>\n<hr data-start=\"320\" data-end=\"323\" \/>\n<h4 data-start=\"325\" data-end=\"356\"><strong data-start=\"330\" data-end=\"356\">Instructions for use:<\/strong><\/h4>\n<p data-start=\"358\" data-end=\"392\"><strong data-start=\"358\" data-end=\"392\">For Dogs, Cats and Horses:<\/strong><\/p>\n<ul data-start=\"393\" data-end=\"772\">\n<li data-start=\"393\" data-end=\"452\">\n<p data-start=\"395\" data-end=\"452\">Removal of excess extracellular fluid accumulated in the body.<\/p>\n<\/li>\n<li data-start=\"453\" data-end=\"627\">\n<p data-start=\"455\" data-end=\"491\"><strong data-start=\"455\" data-end=\"489\">Conditions accompanied by edema:<\/strong><\/p>\n<ul data-start=\"494\" data-end=\"627\">\n<li data-start=\"494\" data-end=\"511\">\n<p data-start=\"496\" data-end=\"511\">Pulmonary edema<\/p>\n<\/li>\n<li data-start=\"514\" data-end=\"589\">\n<p data-start=\"516\" data-end=\"589\">Ascites (fluid accumulation in the abdominal cavity) \u2013 associated with heart failure<\/p>\n<\/li>\n<li data-start=\"592\" data-end=\"627\">\n<p data-start=\"594\" data-end=\"627\">Fluid accumulation in the tissues (edema)<\/p>\n<\/li>\n<\/ul>\n<\/li>\n<li data-start=\"628\" data-end=\"772\">\n<p data-start=\"630\" data-end=\"652\"><strong data-start=\"630\" data-end=\"650\">In racehorses:<\/strong><\/p>\n<ul data-start=\"655\" data-end=\"772\">\n<li data-start=\"655\" data-end=\"772\">\n<p data-start=\"657\" data-end=\"772\">Prevention of exercise-induced pulmonary hemorrhage (EID)<\/p>\n<\/li>\n<\/ul>\n<\/li>\n<\/ul>\n<p data-start=\"774\" data-end=\"791\"><strong data-start=\"774\" data-end=\"791\">For cows:<\/strong><\/p>\n<ul data-start=\"792\" data-end=\"894\">\n<li data-start=\"792\" data-end=\"894\">\n<p data-start=\"794\" data-end=\"894\"><strong data-start=\"794\" data-end=\"844\">Edema of the mammary glands in the postpartum period<\/strong> (post parturient udder edema) elimination<\/p>\n<\/li>\n<\/ul>\n<hr data-start=\"896\" data-end=\"899\" \/>\n<h4 data-start=\"901\" data-end=\"934\"><strong data-start=\"906\" data-end=\"934\">Dosage and Application Instructions:<\/strong><\/h4>\n<p data-start=\"936\" data-end=\"1022\"><strong data-start=\"936\" data-end=\"1022\">It is administered only as an intramuscular (IM) or intravenous (IV) injection.<\/strong><\/p>\n<hr data-start=\"1024\" data-end=\"1027\" \/>\n<h5 data-start=\"1029\" data-end=\"1057\"><strong data-start=\"1035\" data-end=\"1057\">Dogs and Cats:<\/strong><\/h5>\n<ul data-start=\"1059\" data-end=\"1229\">\n<li data-start=\"1059\" data-end=\"1122\">\n<p data-start=\"1061\" data-end=\"1122\"><strong data-start=\"1061\" data-end=\"1076\">2 \u2013 5 mg\/kg<\/strong> according to body weight <strong data-start=\"1098\" data-end=\"1114\">once a day<\/strong> or<\/p>\n<\/li>\n<li data-start=\"1123\" data-end=\"1165\">\n<p data-start=\"1125\" data-end=\"1165\"><strong data-start=\"1125\" data-end=\"1163\">2 times a day every 6-8 hours<\/strong><\/p>\n<\/li>\n<li data-start=\"1166\" data-end=\"1229\">\n<p data-start=\"1168\" data-end=\"1229\">Natural size: <strong data-start=\"1180\" data-end=\"1219\">0.5 \u2013 1 ml per 10 kg animal<\/strong> injection<\/p>\n<\/li>\n<\/ul>\n<hr data-start=\"1231\" data-end=\"1234\" \/>\n<h5 data-start=\"1236\" data-end=\"1263\"><strong data-start=\"1242\" data-end=\"1263\">Cows and Horses:<\/strong><\/h5>\n<ul data-start=\"1265\" data-end=\"1443\">\n<li data-start=\"1265\" data-end=\"1307\">\n<p data-start=\"1267\" data-end=\"1307\"><strong data-start=\"1267\" data-end=\"1284\">0.5 \u2013 1 mg\/kg<\/strong> according to body weight<\/p>\n<\/li>\n<li data-start=\"1308\" data-end=\"1367\">\n<p data-start=\"1310\" data-end=\"1367\"><strong data-start=\"1310\" data-end=\"1334\">1 or 2 times a day<\/strong>, <strong data-start=\"1336\" data-end=\"1365\">At intervals of 6 \u2013 8 hours<\/strong><\/p>\n<\/li>\n<li data-start=\"1368\" data-end=\"1443\">\n<p data-start=\"1370\" data-end=\"1443\">Natural size: <strong data-start=\"1382\" data-end=\"1395\">5 \u2013 10 ml<\/strong> injection, <strong data-start=\"1407\" data-end=\"1443\">until the desired effect is achieved<\/strong><\/p>\n<\/li>\n<\/ul>\n<p data-start=\"1445\" data-end=\"1456\"><strong data-start=\"1445\" data-end=\"1454\">Note:<\/strong><\/p>\n<ul data-start=\"1457\" data-end=\"1537\">\n<li data-start=\"1457\" data-end=\"1537\">\n<p data-start=\"1459\" data-end=\"1537\">Treatment in cows <strong data-start=\"1477\" data-end=\"1512\">maximum 48 hours after birth<\/strong> should continue throughout.<\/p>\n<\/li>\n<\/ul>\n<\/div>\n<p><!-- .vgblk-rw-wrapper --><\/p>","protected":false},"excerpt":{"rendered":"<p>FUROSEMIDE 50 mg\/ml \u0130njeksiya \u00fc\u00e7\u00fcn m\u0259hlul T\u0259rkibi: H\u0259r 1 ml m\u0259hlul a\u015fa\u011f\u0131dak\u0131lar\u0131 ehtiva edir: Furosemid \u2026\u2026\u2026\u2026\u2026\u2026\u2026\u2026\u2026\u2026\u2026\u2026\u2026\u2026\u2026\u2026 50 mq \u0130nyeksiya \u00fc\u00e7\u00fcn su \u2026\u2026\u2026\u2026\u2026\u2026\u2026\u2026\u2026\u2026\u2026\u2026 q.s. (kifay\u0259t q\u0259d\u0259r) \u0130stifad\u0259 g\u00f6st\u0259ri\u015fl\u0259ri: \u0130tl\u0259r, Pi\u015fikl\u0259r v\u0259 Atlar \u00fc\u00e7\u00fcn: B\u0259d\u0259n\u0259 y\u0131\u011f\u0131lan art\u0131q ekstrasellulyar mayenin \u00e7\u0131xar\u0131lmas\u0131. \u00d6deml\u0259 m\u00fc\u015fayi\u0259t olunan hallar: A\u011fciy\u0259r \u00f6demi Assit (qar\u0131n bo\u015flu\u011funda maye y\u0131\u011f\u0131lmas\u0131) \u2013 \u00fcr\u0259k \u00e7at\u0131\u015fmazl\u0131\u011f\u0131 il\u0259 \u0259laq\u0259li Toxumalarda&#8230;<\/p>","protected":false},"featured_media":988729,"comment_status":"closed","ping_status":"closed","template":"","meta":{"nf_dc_page":"","_monsterinsights_skip_tracking":false,"_monsterinsights_sitenote_active":false,"_monsterinsights_sitenote_note":"","_monsterinsights_sitenote_category":0},"product_brand":[],"product_cat":[58,251],"product_tag":[],"class_list":{"0":"post-988728","1":"product","2":"type-product","3":"status-publish","4":"has-post-thumbnail","6":"product_cat-dog","7":"product_cat-veterinary-products","9":"first","10":"instock","11":"shipping-taxable","12":"product-type-simple"},"jetpack_sharing_enabled":true,"_links":{"self":[{"href":"https:\/\/agrovetazerbaijan.az\/en\/wp-json\/wp\/v2\/product\/988728","targetHints":{"allow":["GET"]}}],"collection":[{"href":"https:\/\/agrovetazerbaijan.az\/en\/wp-json\/wp\/v2\/product"}],"about":[{"href":"https:\/\/agrovetazerbaijan.az\/en\/wp-json\/wp\/v2\/types\/product"}],"replies":[{"embeddable":true,"href":"https:\/\/agrovetazerbaijan.az\/en\/wp-json\/wp\/v2\/comments?post=988728"}],"version-history":[{"count":2,"href":"https:\/\/agrovetazerbaijan.az\/en\/wp-json\/wp\/v2\/product\/988728\/revisions"}],"predecessor-version":[{"id":989750,"href":"https:\/\/agrovetazerbaijan.az\/en\/wp-json\/wp\/v2\/product\/988728\/revisions\/989750"}],"wp:featuredmedia":[{"embeddable":true,"href":"https:\/\/agrovetazerbaijan.az\/en\/wp-json\/wp\/v2\/media\/988729"}],"wp:attachment":[{"href":"https:\/\/agrovetazerbaijan.az\/en\/wp-json\/wp\/v2\/media?parent=988728"}],"wp:term":[{"taxonomy":"product_brand","embeddable":true,"href":"https:\/\/agrovetazerbaijan.az\/en\/wp-json\/wp\/v2\/product_brand?post=988728"},{"taxonomy":"product_cat","embeddable":true,"href":"https:\/\/agrovetazerbaijan.az\/en\/wp-json\/wp\/v2\/product_cat?post=988728"},{"taxonomy":"product_tag","embeddable":true,"href":"https:\/\/agrovetazerbaijan.az\/en\/wp-json\/wp\/v2\/product_tag?post=988728"}],"curies":[{"name":"wp","href":"https:\/\/api.w.org\/{rel}","templated":true}]}}