{"id":988725,"date":"2025-03-19T23:02:17","date_gmt":"2025-03-19T23:02:17","guid":{"rendered":"https:\/\/agrovetazerbaijan.az\/?post_type=product&#038;p=988725"},"modified":"2025-06-30T23:56:15","modified_gmt":"2025-06-30T23:56:15","slug":"diroheart-tablet","status":"publish","type":"product","link":"https:\/\/agrovetazerbaijan.az\/en\/product\/diroheart-tablet\/","title":{"rendered":"DIROHEART Tablet"},"content":{"rendered":"<div class=\"vgblk-rw-wrapper limit-wrapper\">\n<p data-start=\"50\" data-end=\"142\"><strong data-start=\"50\" data-end=\"66\">Diroheart-SS<\/strong><br data-start=\"66\" data-end=\"69\" \/>For small dogs (up to 5.6 kg)<br data-start=\"109\" data-end=\"112\" \/>Each chewable tablet contains:<\/p>\n<ul data-start=\"143\" data-end=\"312\">\n<li data-start=\"143\" data-end=\"182\">\n<p data-start=\"145\" data-end=\"182\">Ivermectin \u2026\u2026\u2026\u2026\u2026\u2026\u2026\u2026\u2026\u2026\u2026\u2026\u2026\u2026\u2026 34.0 mcg<\/p>\n<\/li>\n<li data-start=\"183\" data-end=\"267\">\n<p data-start=\"185\" data-end=\"267\">Pyrantel Pamoate (Pyrantel Pamoate)<br data-start=\"220\" data-end=\"223\" \/>Pyrantel USP equivalent\u2026\u2026\u2026\u2026\u2026\u2026\u2026\u2026\u2026 28.5 mg<\/p>\n<\/li>\n<li data-start=\"268\" data-end=\"312\">\n<p data-start=\"270\" data-end=\"312\">Excipients \u2026\u2026\u2026\u2026\u2026\u2026 qs<\/p>\n<\/li>\n<\/ul>\n<p data-start=\"314\" data-end=\"404\"><strong data-start=\"314\" data-end=\"329\">Diroheart-S<\/strong><br data-start=\"329\" data-end=\"332\" \/>For small dogs (up to 11 kg)<br data-start=\"371\" data-end=\"374\" \/>Each chewable tablet contains:<\/p>\n<ul data-start=\"405\" data-end=\"544\">\n<li data-start=\"405\" data-end=\"443\">\n<p data-start=\"407\" data-end=\"443\">Ivermectin BP \u2026\u2026\u2026\u2026\u2026\u2026\u2026\u2026\u2026\u2026\u2026\u2026\u2026 68 mcg<\/p>\n<\/li>\n<li data-start=\"444\" data-end=\"507\">\n<p data-start=\"446\" data-end=\"507\">Pyrantel Pamoate<br data-start=\"462\" data-end=\"465\" \/>Pyrantel USP equivalent\u2026\u2026\u2026\u2026\u2026\u2026\u2026\u2026\u2026 57 mg<\/p>\n<\/li>\n<li data-start=\"508\" data-end=\"544\">\n<p data-start=\"510\" data-end=\"544\">Excipients \u2026\u2026\u2026\u2026\u2026\u2026\u2026\u2026\u2026\u2026\u2026\u2026\u2026 qs<\/p>\n<\/li>\n<\/ul>\n<p data-start=\"546\" data-end=\"630\"><strong data-start=\"546\" data-end=\"561\">Diroheart-M<\/strong><br data-start=\"561\" data-end=\"564\" \/>For medium-sized dogs (12\u201322 kg)<br data-start=\"597\" data-end=\"600\" \/>Each chewable tablet contains:<\/p>\n<ul data-start=\"631\" data-end=\"772\">\n<li data-start=\"631\" data-end=\"670\">\n<p data-start=\"633\" data-end=\"670\">Ivermectin BP \u2026\u2026\u2026\u2026\u2026\u2026\u2026\u2026\u2026\u2026\u2026\u2026\u2026 136 mcg<\/p>\n<\/li>\n<li data-start=\"671\" data-end=\"735\">\n<p data-start=\"673\" data-end=\"735\">Pyrantel Pamoate<br data-start=\"689\" data-end=\"692\" \/>Pyrantel USP equivalent\u2026\u2026\u2026\u2026\u2026\u2026\u2026\u2026\u2026 114 mg<\/p>\n<\/li>\n<li data-start=\"736\" data-end=\"772\">\n<p data-start=\"738\" data-end=\"772\">Excipients \u2026\u2026\u2026\u2026\u2026\u2026\u2026\u2026\u2026\u2026\u2026\u2026\u2026 qs<\/p>\n<\/li>\n<\/ul>\n<p data-start=\"774\" data-end=\"859\"><strong data-start=\"774\" data-end=\"789\">Diroheart-L<\/strong><br data-start=\"789\" data-end=\"792\" \/>For large dogs (23\u201345 kg)<br data-start=\"826\" data-end=\"829\" \/>Each chewable tablet contains:<\/p>\n<ul data-start=\"860\" data-end=\"1001\">\n<li data-start=\"860\" data-end=\"899\">\n<p data-start=\"862\" data-end=\"899\">Ivermectin BP \u2026\u2026\u2026\u2026\u2026\u2026\u2026\u2026\u2026\u2026\u2026\u2026\u2026 272 mcg<\/p>\n<\/li>\n<li data-start=\"900\" data-end=\"964\">\n<p data-start=\"902\" data-end=\"964\">Pyrantel Pamoate<br data-start=\"918\" data-end=\"921\" \/>Pyrantel equivalent to USP\u2026\u2026\u2026\u2026\u2026\u2026\u2026\u2026\u2026 227 mg<\/p>\n<\/li>\n<li data-start=\"965\" data-end=\"1001\">\n<p data-start=\"967\" data-end=\"1001\">Excipients \u2026\u2026\u2026\u2026\u2026\u2026\u2026\u2026\u2026\u2026\u2026\u2026\u2026 qs<\/p>\n<\/li>\n<\/ul>\n<hr data-start=\"1003\" data-end=\"1006\" \/>\n<p data-start=\"1008\" data-end=\"1424\"><strong data-start=\"1008\" data-end=\"1024\">INDICATIONS:<\/strong><br data-start=\"1024\" data-end=\"1027\" \/>Diroheart, which causes heart disease in dogs <strong data-start=\"1073\" data-end=\"1096\">Dirofilaria immitis<\/strong> It is used to eliminate the tissue stage of heartworm larvae within 30 days (one month) of infection. It is also used for the treatment and control of Toxocara canis, Toxascaris leonina (roundworms) and Ancylostoma caninum, Uncinaria stenocephala, Ancylostoma braziliense (hookworms).<\/p>\n<hr data-start=\"1426\" data-end=\"1429\" \/>\n<p data-start=\"1431\" data-end=\"1462\"><strong data-start=\"1431\" data-end=\"1460\">DOSAGE AND DIRECTIONS FOR USE:<\/strong><\/p>\n<p data-start=\"1464\" data-end=\"1569\">Give Diroheart (ivermectin\/pyrantel) tablets by mouth at monthly intervals, in the following doses:<\/p>\n<ul data-start=\"1570\" data-end=\"1723\">\n<li data-start=\"1570\" data-end=\"1637\">\n<p data-start=\"1572\" data-end=\"1637\">Ivermectin: 6 mcg per kilogram of body weight (2.72 mcg\/lb)<\/p>\n<\/li>\n<li data-start=\"1638\" data-end=\"1723\">\n<p data-start=\"1640\" data-end=\"1723\">Pyrantel (as pamoate salt): 5 mg per kilogram of body weight (2.27 mg\/lb)<\/p>\n<\/li>\n<\/ul>\n<div class=\"_tableContainer_16hzy_1\">\n<div class=\"_tableWrapper_16hzy_14 group flex w-fit flex-col-reverse\" tabindex=\"-1\">\n<table class=\"w-fit min-w-(--thread-content-width)\" data-start=\"1725\" data-end=\"2247\">\n<thead data-start=\"1725\" data-end=\"1812\">\n<tr data-start=\"1725\" data-end=\"1812\">\n<th data-start=\"1725\" data-end=\"1742\" data-col-size=\"sm\">Dog weight (kg)<\/th>\n<th data-start=\"1742\" data-end=\"1771\" data-col-size=\"sm\">Number of tablets given each month<\/th>\n<th data-start=\"1771\" data-end=\"1792\" data-col-size=\"sm\">Ivermectin quantity<\/th>\n<th data-start=\"1792\" data-end=\"1812\" data-col-size=\"sm\">Pyrantel quantity<\/th>\n<\/tr>\n<\/thead>\n<tbody data-start=\"1900\" data-end=\"2247\">\n<tr data-start=\"1900\" data-end=\"1986\">\n<td data-start=\"1900\" data-end=\"1917\" data-col-size=\"sm\">Up to 5.6 kg<\/td>\n<td data-col-size=\"sm\" data-start=\"1917\" data-end=\"1946\">1<\/td>\n<td data-col-size=\"sm\" data-start=\"1946\" data-end=\"1966\">34 mcg<\/td>\n<td data-col-size=\"sm\" data-start=\"1966\" data-end=\"1986\">28.5 mg<\/td>\n<\/tr>\n<tr data-start=\"1987\" data-end=\"2073\">\n<td data-start=\"1987\" data-end=\"2004\" data-col-size=\"sm\">Up to 11 kg<\/td>\n<td data-col-size=\"sm\" data-start=\"2004\" data-end=\"2033\">1<\/td>\n<td data-col-size=\"sm\" data-start=\"2033\" data-end=\"2053\">68 mcg<\/td>\n<td data-col-size=\"sm\" data-start=\"2053\" data-end=\"2073\">57 mg<\/td>\n<\/tr>\n<tr data-start=\"2074\" data-end=\"2160\">\n<td data-start=\"2074\" data-end=\"2091\" data-col-size=\"sm\">12\u201322 kg<\/td>\n<td data-col-size=\"sm\" data-start=\"2091\" data-end=\"2120\">1<\/td>\n<td data-col-size=\"sm\" data-start=\"2120\" data-end=\"2140\">136 mcg<\/td>\n<td data-col-size=\"sm\" data-start=\"2140\" data-end=\"2160\">114 mg<\/td>\n<\/tr>\n<tr data-start=\"2161\" data-end=\"2247\">\n<td data-start=\"2161\" data-end=\"2178\" data-col-size=\"sm\">23\u201345 kg<\/td>\n<td data-col-size=\"sm\" data-start=\"2178\" data-end=\"2207\">1<\/td>\n<td data-col-size=\"sm\" data-start=\"2207\" data-end=\"2227\">272 mcg<\/td>\n<td data-col-size=\"sm\" data-start=\"2227\" data-end=\"2247\">227 mg<\/td>\n<\/tr>\n<\/tbody>\n<\/table>\n<div class=\"sticky end-(--thread-content-margin) h-0 self-end select-none\">\n<div class=\"absolute end-0 flex items-end\"><\/div>\n<\/div>\n<\/div>\n<\/div>\n<ul data-start=\"2249\" data-end=\"2416\">\n<li data-start=\"2249\" data-end=\"2320\">\n<p data-start=\"2251\" data-end=\"2320\">Diroheart is recommended for dogs 6 weeks of age and older.<\/p>\n<\/li>\n<li data-start=\"2321\" data-end=\"2416\">\n<p data-start=\"2323\" data-end=\"2416\">A mixture of these tablets should be given to ensure appropriate dosages in dogs larger than 45 kg.<\/p>\n<\/li>\n<\/ul>\n<\/div>\n<p><!-- .vgblk-rw-wrapper --><\/p>","protected":false},"excerpt":{"rendered":"<p>Diroheart-SSKi\u00e7ik \u00f6l\u00e7\u00fcl\u00fc itl\u0259r \u00fc\u00e7\u00fcn (5.6 kq-a q\u0259d\u0259r)H\u0259r \u00e7eyn\u0259n\u0259n tablet t\u0259rkibi: \u0130vermektin \u2026\u2026\u2026\u2026\u2026\u2026\u2026\u2026\u2026\u2026\u2026\u2026\u2026\u2026\u2026 34.0 mkq P\u0131rantel Pamoyat (Pyrantel Pamoate)Pyrantel USP-\u0259 b\u0259rab\u0259r \u2026\u2026\u2026\u2026\u2026\u2026\u2026\u2026\u2026 28.5 mq Yard\u0131m\u00e7\u0131 madd\u0259l\u0259r (Excipients) \u2026\u2026\u2026\u2026\u2026\u2026 q.s. Diroheart-SKi\u00e7ik \u00f6l\u00e7\u00fcl\u00fc itl\u0259r \u00fc\u00e7\u00fcn (11 kq-a q\u0259d\u0259r)H\u0259r \u00e7eyn\u0259n\u0259n tablet t\u0259rkibi: \u0130vermektin BP \u2026\u2026\u2026\u2026\u2026\u2026\u2026\u2026\u2026\u2026\u2026\u2026\u2026 68 mkq P\u0131rantel PamoyatPyrantel USP-\u0259 b\u0259rab\u0259r \u2026\u2026\u2026\u2026\u2026\u2026\u2026\u2026\u2026 57 mq Yard\u0131m\u00e7\u0131 madd\u0259l\u0259r \u2026\u2026\u2026\u2026\u2026\u2026\u2026\u2026\u2026\u2026\u2026 q.s. Diroheart-MOrta&#8230;<\/p>","protected":false},"featured_media":988726,"comment_status":"closed","ping_status":"closed","template":"","meta":{"nf_dc_page":"","_monsterinsights_skip_tracking":false,"_monsterinsights_sitenote_active":false,"_monsterinsights_sitenote_note":"","_monsterinsights_sitenote_category":0},"product_brand":[],"product_cat":[58,251,246,244],"product_tag":[],"class_list":{"0":"post-988725","1":"product","2":"type-product","3":"status-publish","4":"has-post-thumbnail","6":"product_cat-dog","7":"product_cat-veterinary-products","8":"product_cat-dermanlar","9":"product_cat-it-ve-pisik-mehsullari","11":"first","12":"instock","13":"shipping-taxable","14":"product-type-simple"},"jetpack_sharing_enabled":true,"_links":{"self":[{"href":"https:\/\/agrovetazerbaijan.az\/en\/wp-json\/wp\/v2\/product\/988725","targetHints":{"allow":["GET"]}}],"collection":[{"href":"https:\/\/agrovetazerbaijan.az\/en\/wp-json\/wp\/v2\/product"}],"about":[{"href":"https:\/\/agrovetazerbaijan.az\/en\/wp-json\/wp\/v2\/types\/product"}],"replies":[{"embeddable":true,"href":"https:\/\/agrovetazerbaijan.az\/en\/wp-json\/wp\/v2\/comments?post=988725"}],"version-history":[{"count":2,"href":"https:\/\/agrovetazerbaijan.az\/en\/wp-json\/wp\/v2\/product\/988725\/revisions"}],"predecessor-version":[{"id":989620,"href":"https:\/\/agrovetazerbaijan.az\/en\/wp-json\/wp\/v2\/product\/988725\/revisions\/989620"}],"wp:featuredmedia":[{"embeddable":true,"href":"https:\/\/agrovetazerbaijan.az\/en\/wp-json\/wp\/v2\/media\/988726"}],"wp:attachment":[{"href":"https:\/\/agrovetazerbaijan.az\/en\/wp-json\/wp\/v2\/media?parent=988725"}],"wp:term":[{"taxonomy":"product_brand","embeddable":true,"href":"https:\/\/agrovetazerbaijan.az\/en\/wp-json\/wp\/v2\/product_brand?post=988725"},{"taxonomy":"product_cat","embeddable":true,"href":"https:\/\/agrovetazerbaijan.az\/en\/wp-json\/wp\/v2\/product_cat?post=988725"},{"taxonomy":"product_tag","embeddable":true,"href":"https:\/\/agrovetazerbaijan.az\/en\/wp-json\/wp\/v2\/product_tag?post=988725"}],"curies":[{"name":"wp","href":"https:\/\/api.w.org\/{rel}","templated":true}]}}