{"id":988721,"date":"2025-03-19T19:47:18","date_gmt":"2025-03-19T19:47:18","guid":{"rendered":"https:\/\/agrovetazerbaijan.az\/?post_type=product&#038;p=988721"},"modified":"2025-06-20T17:14:16","modified_gmt":"2025-06-20T17:14:16","slug":"aurimodermeyes-ear-drops","status":"publish","type":"product","link":"https:\/\/agrovetazerbaijan.az\/en\/product\/aurimodermeyes-ear-drops\/","title":{"rendered":"AURIMODERM(Eyes &amp; Ear Drops)"},"content":{"rendered":"<div class=\"vgblk-rw-wrapper limit-wrapper\">\n<h3 data-start=\"83\" data-end=\"130\"><strong data-start=\"87\" data-end=\"130\">AURIMODERM \u2013 ear drops (for dogs)<\/strong><\/h3>\n<hr data-start=\"132\" data-end=\"135\" \/>\n<h4 data-start=\"137\" data-end=\"154\"><strong data-start=\"142\" data-end=\"154\">Ingredients:<\/strong><\/h4>\n<p data-start=\"156\" data-end=\"200\">Each 1 gram of product contains the following:<\/p>\n<ul data-start=\"202\" data-end=\"421\">\n<li data-start=\"202\" data-end=\"282\">\n<p data-start=\"204\" data-end=\"282\"><strong data-start=\"204\" data-end=\"229\">Gentamicin sulfate USP<\/strong><br data-start=\"229\" data-end=\"232\" \/>(in gentamicin base equivalent) \u2026\u2026\u2026\u2026\u2026\u2026 <strong data-start=\"274\" data-end=\"282\">3 mg<\/strong><\/p>\n<\/li>\n<li data-start=\"284\" data-end=\"364\">\n<p data-start=\"286\" data-end=\"364\"><strong data-start=\"286\" data-end=\"313\">Betamethasone valerate USP<\/strong><br data-start=\"313\" data-end=\"316\" \/>(in betamethasone equivalent) \u2026\u2026\u2026\u2026\u2026\u2026\u2026\u2026 <strong data-start=\"356\" data-end=\"364\">1 mg<\/strong><\/p>\n<\/li>\n<li data-start=\"366\" data-end=\"421\">\n<p data-start=\"368\" data-end=\"421\"><strong data-start=\"368\" data-end=\"387\">Clotrimazole USP<\/strong> \u2026\u2026\u2026\u2026\u2026\u2026\u2026\u2026\u2026\u2026\u2026\u2026\u2026\u2026\u2026\u2026\u2026\u2026\u2026\u2026\u2026\u2026\u2026\u2026\u2026 <strong data-start=\"412\" data-end=\"421\">10 mg<\/strong><\/p>\n<\/li>\n<\/ul>\n<hr data-start=\"423\" data-end=\"426\" \/>\n<h4 data-start=\"428\" data-end=\"459\"><strong data-start=\"433\" data-end=\"459\">Instructions for use:<\/strong><\/h4>\n<p data-start=\"461\" data-end=\"524\"><strong data-start=\"461\" data-end=\"475\">AURIMODERM<\/strong> It is used in the treatment of the following conditions:<\/p>\n<ul data-start=\"526\" data-end=\"726\">\n<li data-start=\"526\" data-end=\"600\">\n<p data-start=\"528\" data-end=\"600\"><strong data-start=\"528\" data-end=\"579\">Acute and chronic external otitis in dogs<\/strong> (<em data-start=\"581\" data-end=\"597\">otitis externa<\/em>)<\/p>\n<\/li>\n<li data-start=\"601\" data-end=\"726\">\n<p data-start=\"603\" data-end=\"726\"><strong data-start=\"603\" data-end=\"632\">Especially yeast fungi<\/strong> (Malassezia pachydermatis, formerly known as Pityrosporum canis)-related infections<\/p>\n<\/li>\n<\/ul>\n<hr data-start=\"728\" data-end=\"731\" \/>\n<h4 data-start=\"733\" data-end=\"766\"><strong data-start=\"738\" data-end=\"766\">Dosage and Application Instructions:<\/strong><\/h4>\n<p data-start=\"768\" data-end=\"833\">Before application <strong data-start=\"784\" data-end=\"832\">Make sure the eardrum is not damaged.<\/strong>.<\/p>\n<ul data-start=\"835\" data-end=\"1065\">\n<li data-start=\"835\" data-end=\"945\">\n<p data-start=\"837\" data-end=\"945\"><strong data-start=\"837\" data-end=\"889\">For dogs weighing less than 30 pounds (\u224813.6 kg):<\/strong><br data-start=\"889\" data-end=\"892\" \/>Into the ear canal <strong data-start=\"909\" data-end=\"933\">4 drops 2 times a day<\/strong> Make it drip.<\/p>\n<\/li>\n<li data-start=\"947\" data-end=\"1065\">\n<p data-start=\"949\" data-end=\"1065\"><strong data-start=\"949\" data-end=\"1009\">For dogs weighing 30 pounds (\u224813.6 kg) and over:<\/strong><br data-start=\"1009\" data-end=\"1012\" \/>Into the ear canal <strong data-start=\"1029\" data-end=\"1053\">8 drops 2 times a day<\/strong> Make it drip.<\/p>\n<\/li>\n<\/ul>\n<p data-start=\"1067\" data-end=\"1185\"><strong data-start=\"1067\" data-end=\"1086\">After application<\/strong> the outer ear <strong data-start=\"1111\" data-end=\"1135\">massage carefully<\/strong>, to ensure even distribution of the drug.<\/p>\n<p data-start=\"1187\" data-end=\"1209\"><strong data-start=\"1187\" data-end=\"1207\">Treatment duration:<\/strong><\/p>\n<ul data-start=\"1210\" data-end=\"1249\">\n<li data-start=\"1210\" data-end=\"1249\">\n<p data-start=\"1212\" data-end=\"1249\"><strong data-start=\"1212\" data-end=\"1229\">7 days in a row<\/strong> should be applied.<\/p>\n<\/li>\n<\/ul>\n<\/div>\n<p><!-- .vgblk-rw-wrapper --><\/p>","protected":false},"excerpt":{"rendered":"<p>AURIMODERM \u2013 qulaq damc\u0131s\u0131 (itl\u0259r \u00fc\u00e7\u00fcn) T\u0259rkibi: H\u0259r 1 qram m\u0259hsul a\u015fa\u011f\u0131dak\u0131lar\u0131 ehtiva edir: Gentamisin sulfat USP(gentamisin baza ekvivalentind\u0259) \u2026\u2026\u2026\u2026\u2026\u2026 3 mq Betametazon valerat USP(betametazon ekvivalentind\u0259) \u2026\u2026\u2026\u2026\u2026\u2026\u2026\u2026 1 mq Klotrimazol USP \u2026\u2026\u2026\u2026\u2026\u2026\u2026\u2026\u2026\u2026\u2026\u2026\u2026\u2026\u2026\u2026\u2026\u2026\u2026\u2026\u2026\u2026\u2026 10 mq \u0130stifad\u0259 g\u00f6st\u0259ri\u015fl\u0259ri: AURIMODERM a\u015fa\u011f\u0131dak\u0131 hallar\u0131n m\u00fcalic\u0259sind\u0259 istifad\u0259 olunur: \u0130tl\u0259rd\u0259 k\u0259skin v\u0259 xroniki xarici qulaq iltihab\u0131 (otitis externa) X\u00fcsusil\u0259 maya g\u00f6b\u0259l\u0259kl\u0259ri (Malassezia&#8230;<\/p>","protected":false},"featured_media":988722,"comment_status":"closed","ping_status":"closed","template":"","meta":{"nf_dc_page":"","_monsterinsights_skip_tracking":false,"_monsterinsights_sitenote_active":false,"_monsterinsights_sitenote_note":"","_monsterinsights_sitenote_category":0},"product_brand":[],"product_cat":[58],"product_tag":[],"class_list":{"0":"post-988721","1":"product","2":"type-product","3":"status-publish","4":"has-post-thumbnail","6":"product_cat-dog","8":"first","9":"instock","10":"shipping-taxable","11":"product-type-simple"},"jetpack_sharing_enabled":true,"_links":{"self":[{"href":"https:\/\/agrovetazerbaijan.az\/en\/wp-json\/wp\/v2\/product\/988721","targetHints":{"allow":["GET"]}}],"collection":[{"href":"https:\/\/agrovetazerbaijan.az\/en\/wp-json\/wp\/v2\/product"}],"about":[{"href":"https:\/\/agrovetazerbaijan.az\/en\/wp-json\/wp\/v2\/types\/product"}],"replies":[{"embeddable":true,"href":"https:\/\/agrovetazerbaijan.az\/en\/wp-json\/wp\/v2\/comments?post=988721"}],"version-history":[{"count":2,"href":"https:\/\/agrovetazerbaijan.az\/en\/wp-json\/wp\/v2\/product\/988721\/revisions"}],"predecessor-version":[{"id":989749,"href":"https:\/\/agrovetazerbaijan.az\/en\/wp-json\/wp\/v2\/product\/988721\/revisions\/989749"}],"wp:featuredmedia":[{"embeddable":true,"href":"https:\/\/agrovetazerbaijan.az\/en\/wp-json\/wp\/v2\/media\/988722"}],"wp:attachment":[{"href":"https:\/\/agrovetazerbaijan.az\/en\/wp-json\/wp\/v2\/media?parent=988721"}],"wp:term":[{"taxonomy":"product_brand","embeddable":true,"href":"https:\/\/agrovetazerbaijan.az\/en\/wp-json\/wp\/v2\/product_brand?post=988721"},{"taxonomy":"product_cat","embeddable":true,"href":"https:\/\/agrovetazerbaijan.az\/en\/wp-json\/wp\/v2\/product_cat?post=988721"},{"taxonomy":"product_tag","embeddable":true,"href":"https:\/\/agrovetazerbaijan.az\/en\/wp-json\/wp\/v2\/product_tag?post=988721"}],"curies":[{"name":"wp","href":"https:\/\/api.w.org\/{rel}","templated":true}]}}