{"id":988718,"date":"2025-03-19T19:33:47","date_gmt":"2025-03-19T19:33:47","guid":{"rendered":"https:\/\/agrovetazerbaijan.az\/?post_type=product&#038;p=988718"},"modified":"2025-06-30T23:15:38","modified_gmt":"2025-06-30T23:15:38","slug":"ashiver-plus-tablet","status":"publish","type":"product","link":"https:\/\/agrovetazerbaijan.az\/en\/product\/ashiver-plus-tablet\/","title":{"rendered":"ASHIVER PLUS Tablet"},"content":{"rendered":"<div class=\"vgblk-rw-wrapper limit-wrapper\">\n<p data-start=\"36\" data-end=\"50\"><strong data-start=\"36\" data-end=\"48\">COMPOSITION:<\/strong><\/p>\n<ul data-start=\"51\" data-end=\"159\">\n<li data-start=\"51\" data-end=\"81\">\n<p data-start=\"53\" data-end=\"81\">Ivermectin \u2026\u2026\u2026\u2026\u2026\u2026\u2026\u2026 2 mg<\/p>\n<\/li>\n<li data-start=\"82\" data-end=\"113\">\n<p data-start=\"84\" data-end=\"113\">Praziquantel \u2026\u2026\u2026\u2026\u2026\u2026\u2026\u2026 50 mg<\/p>\n<\/li>\n<li data-start=\"114\" data-end=\"159\">\n<p data-start=\"116\" data-end=\"159\">Excipient \u2026\u2026\u2026\u2026\u2026\u2026\u2026 qs (enough)<\/p>\n<\/li>\n<\/ul>\n<p data-start=\"161\" data-end=\"566\"><strong data-start=\"161\" data-end=\"185\">PURPOSES OF USE:<\/strong><br data-start=\"185\" data-end=\"188\" \/>ASHIVER PLUS is indicated for the treatment and prevention of heartworm disease caused by Dirofilaria immitis (3rd and 4th larval stages) in dogs and cats, as well as for the treatment of gastrointestinal roundworm (Ancylostoma caninum, Trichuris vulpis, Toxocara canis, Capillaria aerophila) and tapeworm (Dipylidium caninum, Taenia pisiformis) infections.<\/p>\n<p data-start=\"568\" data-end=\"599\"><strong data-start=\"568\" data-end=\"597\">DOSAGE AND DIRECTIONS FOR USE:<\/strong><\/p>\n<ul data-start=\"600\" data-end=\"695\">\n<li data-start=\"600\" data-end=\"646\">\n<p data-start=\"602\" data-end=\"646\">For dogs: 1 tablet per 10 kg body weight.<\/p>\n<\/li>\n<li data-start=\"647\" data-end=\"695\">\n<p data-start=\"649\" data-end=\"695\">For cats: \u00bd tablet per 5 kg of body weight.<\/p>\n<\/li>\n<\/ul>\n<p data-start=\"697\" data-end=\"879\">In the treatment of Taenia spp. infection, treatment should be repeated after 21 days. As a preventive measure against filariasis, the dose should be given after consultation with a veterinarian.<\/p>\n<\/div>\n<p><!-- .vgblk-rw-wrapper --><\/p>","protected":false},"excerpt":{"rendered":"<p>T\u018fRK\u0130B\u0130: \u0130vermektin \u2026\u2026\u2026\u2026\u2026\u2026\u2026\u2026\u2026\u2026 2 mq Praziquantel \u2026\u2026\u2026\u2026\u2026\u2026\u2026\u2026 50 mq Yard\u0131m\u00e7\u0131 madd\u0259 \u2026\u2026\u2026\u2026\u2026\u2026\u2026 q.s. (kifay\u0259t q\u0259d\u0259r) \u0130ST\u0130FAD\u018f M\u018fQS\u018fDL\u018fR\u0130:ASHIVER PLUS itl\u0259r v\u0259 pi\u015fikl\u0259rd\u0259 Dirofilaria immitis (3-c\u00fc v\u0259 4-c\u00fc larva m\u0259rh\u0259l\u0259l\u0259ri) t\u0259r\u0259find\u0259n t\u00f6r\u0259dil\u0259n \u00fcr\u0259k qurdu x\u0259st\u0259liyinin m\u00fcalic\u0259si v\u0259 qar\u015f\u0131s\u0131n\u0131n al\u0131nmas\u0131, h\u0259m\u00e7inin m\u0259d\u0259-ba\u011f\u0131rsaq yuvarlaq qurdlar\u0131n (Ancylostoma caninum, Trichuris vulpis, Toxocara canis, Capillaria aerophila) v\u0259 qurdlardan (Dipylidium caninum, Taenia pisiformis)&#8230;<\/p>","protected":false},"featured_media":988719,"comment_status":"closed","ping_status":"closed","template":"","meta":{"nf_dc_page":"","_monsterinsights_skip_tracking":false,"_monsterinsights_sitenote_active":false,"_monsterinsights_sitenote_note":"","_monsterinsights_sitenote_category":0},"product_brand":[],"product_cat":[58,251,246,244,51],"product_tag":[],"class_list":{"0":"post-988718","1":"product","2":"type-product","3":"status-publish","4":"has-post-thumbnail","6":"product_cat-dog","7":"product_cat-veterinary-products","8":"product_cat-dermanlar","9":"product_cat-it-ve-pisik-mehsullari","10":"product_cat-cat","12":"first","13":"instock","14":"shipping-taxable","15":"product-type-simple"},"jetpack_sharing_enabled":true,"_links":{"self":[{"href":"https:\/\/agrovetazerbaijan.az\/en\/wp-json\/wp\/v2\/product\/988718","targetHints":{"allow":["GET"]}}],"collection":[{"href":"https:\/\/agrovetazerbaijan.az\/en\/wp-json\/wp\/v2\/product"}],"about":[{"href":"https:\/\/agrovetazerbaijan.az\/en\/wp-json\/wp\/v2\/types\/product"}],"replies":[{"embeddable":true,"href":"https:\/\/agrovetazerbaijan.az\/en\/wp-json\/wp\/v2\/comments?post=988718"}],"version-history":[{"count":2,"href":"https:\/\/agrovetazerbaijan.az\/en\/wp-json\/wp\/v2\/product\/988718\/revisions"}],"predecessor-version":[{"id":989618,"href":"https:\/\/agrovetazerbaijan.az\/en\/wp-json\/wp\/v2\/product\/988718\/revisions\/989618"}],"wp:featuredmedia":[{"embeddable":true,"href":"https:\/\/agrovetazerbaijan.az\/en\/wp-json\/wp\/v2\/media\/988719"}],"wp:attachment":[{"href":"https:\/\/agrovetazerbaijan.az\/en\/wp-json\/wp\/v2\/media?parent=988718"}],"wp:term":[{"taxonomy":"product_brand","embeddable":true,"href":"https:\/\/agrovetazerbaijan.az\/en\/wp-json\/wp\/v2\/product_brand?post=988718"},{"taxonomy":"product_cat","embeddable":true,"href":"https:\/\/agrovetazerbaijan.az\/en\/wp-json\/wp\/v2\/product_cat?post=988718"},{"taxonomy":"product_tag","embeddable":true,"href":"https:\/\/agrovetazerbaijan.az\/en\/wp-json\/wp\/v2\/product_tag?post=988718"}],"curies":[{"name":"wp","href":"https:\/\/api.w.org\/{rel}","templated":true}]}}