{"id":988692,"date":"2025-03-19T18:18:37","date_gmt":"2025-03-19T18:18:37","guid":{"rendered":"https:\/\/agrovetazerbaijan.az\/?post_type=product&#038;p=988692"},"modified":"2025-06-30T23:20:05","modified_gmt":"2025-06-30T23:20:05","slug":"ashoxy-5-injection","status":"publish","type":"product","link":"https:\/\/agrovetazerbaijan.az\/en\/product\/ashoxy-5-injection\/","title":{"rendered":"ASHOXY 5% Injection"},"content":{"rendered":"<div class=\"vgblk-rw-wrapper limit-wrapper\">&nbsp;<\/p>\n<p data-start=\"0\" data-end=\"12\"><strong data-start=\"0\" data-end=\"12\">COMPOSITION:<\/strong><\/p>\n<p data-start=\"14\" data-end=\"95\">In each ml:<br data-start=\"24\" data-end=\"27\" \/>Oxytetracycline hydrochloride\u2026\u2026\u2026\u202650 mg<br data-start=\"63\" data-end=\"66\" \/>Excipient\u2026\u2026\u2026\u2026\u2026\u2026\u2026\u2026\u2026\u2026\u2026\u2026\u2026\u2026qs<\/p>\n<hr data-start=\"97\" data-end=\"100\" \/>\n<p data-start=\"102\" data-end=\"118\"><strong data-start=\"102\" data-end=\"118\">INDICATIONS:<\/strong><\/p>\n<p data-start=\"120\" data-end=\"434\"><strong data-start=\"120\" data-end=\"143\">ASHOXY 5% injection<\/strong> It is used to treat diseases caused by microorganisms sensitive to oxytetracycline. These include:<br data-start=\"282\" data-end=\"285\" \/>Bordetella, Campylobacter, Chlamydia, E. coli, Haemophilus, Mycoplasma, Pasteurella, Rickettsia, Salmonella, Staphylococcus and Streptococcus species.<\/p>\n<p data-start=\"436\" data-end=\"483\">Animal species: cow, goat, sheep, pig and horse.<\/p>\n<hr data-start=\"485\" data-end=\"488\" \/>\n<p data-start=\"490\" data-end=\"518\"><strong data-start=\"490\" data-end=\"518\">DOSAGE AND APPLICATION PROCEDURE:<\/strong><\/p>\n<p data-start=\"520\" data-end=\"596\">For intramuscular (IM), intravenous (IV), or subcutaneous (SC) injection only.<\/p>\n<ul data-start=\"598\" data-end=\"800\" data-is-last-node=\"\" data-is-only-node=\"\">\n<li data-start=\"598\" data-end=\"701\">\n<p data-start=\"600\" data-end=\"701\"><strong data-start=\"600\" data-end=\"620\">Large animals:<\/strong> 1 ml per 5-10 kg of live weight per day <strong data-start=\"657\" data-end=\"670\">ASHOXY 5%<\/strong> injection, lasting 3-5 days<\/p>\n<\/li>\n<li data-start=\"702\" data-end=\"800\" data-is-last-node=\"\">\n<p data-start=\"704\" data-end=\"800\" data-is-last-node=\"\"><strong data-start=\"704\" data-end=\"724\">Small animals:<\/strong> 1 ml per 5 kg of live weight per day <strong data-start=\"758\" data-end=\"771\">ASHOXY 5%<\/strong> injection, lasting 3-5 days<\/p>\n<\/li>\n<\/ul>\n<\/div>\n<p><!-- .vgblk-rw-wrapper --><\/p>","protected":false},"excerpt":{"rendered":"<p>&nbsp; T\u018fRK\u0130B\u0130: H\u0259r ml-d\u0259:Oksitetrasiklin hidroxlorid\u2026\u2026\u2026\u202650 mqK\u00f6m\u0259k\u00e7i madd\u0259\u2026\u2026\u2026\u2026\u2026\u2026\u2026\u2026\u2026\u2026\u2026\u2026q.s. G\u00d6ST\u018fR\u0130\u015eL\u018fR: ASHOXY 5% inyeksiya oksitetrasiklin\u0259 h\u0259ssas mikroorqanizml\u0259r t\u0259r\u0259find\u0259n t\u00f6r\u0259dil\u0259n x\u0259st\u0259likl\u0259rin m\u00fcalic\u0259si \u00fc\u00e7\u00fcn istifad\u0259 olunur. Bunlara a\u015fa\u011f\u0131dak\u0131lar daxildir:Bordetella, Campylobacter, Chlamydia, E. coli, Haemophilus, Mycoplasma, Pasteurella, Rickettsia, Salmonella, Staphylococcus v\u0259 Streptococcus n\u00f6vl\u0259ri. Heyvan n\u00f6vl\u0259ri: in\u0259k, ke\u00e7i, qoyun, donuz v\u0259 at. DOZAJ V\u018f T\u018fTB\u0130Q QAYDASI: Yaln\u0131z \u0259z\u0259l\u0259daxili (IM), venadaxili (IV) v\u0259&#8230;<\/p>","protected":false},"featured_media":988693,"comment_status":"closed","ping_status":"closed","template":"","meta":{"nf_dc_page":"","_monsterinsights_skip_tracking":false,"_monsterinsights_sitenote_active":false,"_monsterinsights_sitenote_note":"","_monsterinsights_sitenote_category":0},"product_brand":[],"product_cat":[108,251,114],"product_tag":[],"class_list":{"0":"post-988692","1":"product","2":"type-product","3":"status-publish","4":"has-post-thumbnail","6":"product_cat-cow","7":"product_cat-veterinary-products","8":"product_cat-sheep","10":"first","11":"instock","12":"shipping-taxable","13":"product-type-simple"},"jetpack_sharing_enabled":true,"_links":{"self":[{"href":"https:\/\/agrovetazerbaijan.az\/en\/wp-json\/wp\/v2\/product\/988692","targetHints":{"allow":["GET"]}}],"collection":[{"href":"https:\/\/agrovetazerbaijan.az\/en\/wp-json\/wp\/v2\/product"}],"about":[{"href":"https:\/\/agrovetazerbaijan.az\/en\/wp-json\/wp\/v2\/types\/product"}],"replies":[{"embeddable":true,"href":"https:\/\/agrovetazerbaijan.az\/en\/wp-json\/wp\/v2\/comments?post=988692"}],"version-history":[{"count":2,"href":"https:\/\/agrovetazerbaijan.az\/en\/wp-json\/wp\/v2\/product\/988692\/revisions"}],"predecessor-version":[{"id":989769,"href":"https:\/\/agrovetazerbaijan.az\/en\/wp-json\/wp\/v2\/product\/988692\/revisions\/989769"}],"wp:featuredmedia":[{"embeddable":true,"href":"https:\/\/agrovetazerbaijan.az\/en\/wp-json\/wp\/v2\/media\/988693"}],"wp:attachment":[{"href":"https:\/\/agrovetazerbaijan.az\/en\/wp-json\/wp\/v2\/media?parent=988692"}],"wp:term":[{"taxonomy":"product_brand","embeddable":true,"href":"https:\/\/agrovetazerbaijan.az\/en\/wp-json\/wp\/v2\/product_brand?post=988692"},{"taxonomy":"product_cat","embeddable":true,"href":"https:\/\/agrovetazerbaijan.az\/en\/wp-json\/wp\/v2\/product_cat?post=988692"},{"taxonomy":"product_tag","embeddable":true,"href":"https:\/\/agrovetazerbaijan.az\/en\/wp-json\/wp\/v2\/product_tag?post=988692"}],"curies":[{"name":"wp","href":"https:\/\/api.w.org\/{rel}","templated":true}]}}