{"id":988689,"date":"2025-03-19T18:17:02","date_gmt":"2025-03-19T18:17:02","guid":{"rendered":"https:\/\/agrovetazerbaijan.az\/?post_type=product&#038;p=988689"},"modified":"2025-06-30T23:23:33","modified_gmt":"2025-06-30T23:23:33","slug":"ashoxy-20-la-injection","status":"publish","type":"product","link":"https:\/\/agrovetazerbaijan.az\/en\/product\/ashoxy-20-la-injection\/","title":{"rendered":"ASHOXY 20 % LA Injection"},"content":{"rendered":"<div class=\"vgblk-rw-wrapper limit-wrapper\">\n<p data-start=\"69\" data-end=\"81\"><strong data-start=\"69\" data-end=\"81\">COMPOSITION:<\/strong><\/p>\n<p data-start=\"83\" data-end=\"208\">In each ml:<br data-start=\"93\" data-end=\"96\" \/>Oxytetracycline dihydrate (Oxytetracycline equivalent)\u2026\u2026\u2026\u2026..200 mg<br data-start=\"161\" data-end=\"164\" \/>Excipient\u2026\u2026\u2026\u2026\u2026\u2026\u2026\u2026\u2026\u2026\u2026\u2026\u2026\u2026\u2026\u2026\u2026\u2026\u2026\u2026\u2026\u2026\u2026\u2026\u2026\u2026\u2026\u2026\u2026\u2026qs<\/p>\n<hr data-start=\"210\" data-end=\"213\" \/>\n<p data-start=\"215\" data-end=\"231\"><strong data-start=\"215\" data-end=\"231\">INDICATIONS:<\/strong><\/p>\n<p data-start=\"233\" data-end=\"602\"><strong data-start=\"233\" data-end=\"250\">ASHOXY 20% LA<\/strong> It is used to treat infections of the gastrointestinal, respiratory and genital tracts caused by microorganisms sensitive to oxytetracycline. These include the following microorganisms:<br data-start=\"454\" data-end=\"457\" \/>Bordetella, Campylobacter, Chlamydia, E. coli, Haemophilus, Mycoplasma, Pasteurella, Rickettsia, Salmonella, Staphylococcus and Streptococcus spp.<\/p>\n<p data-start=\"604\" data-end=\"637\"><strong data-start=\"604\" data-end=\"635\">Animal tips:<\/strong><\/p>\n<ul data-start=\"638\" data-end=\"889\">\n<li data-start=\"638\" data-end=\"779\">\n<p data-start=\"640\" data-end=\"779\"><strong data-start=\"640\" data-end=\"649\">Cow:<\/strong> Treatment of pasteurellosis, pneumonia, metritis, pyometra, mastitis, keratoconjunctivitis (pink eye) and foot rot<\/p>\n<\/li>\n<li data-start=\"780\" data-end=\"828\">\n<p data-start=\"782\" data-end=\"828\"><strong data-start=\"782\" data-end=\"792\">Sheep:<\/strong> Pneumonia and bacterial dysentery<\/p>\n<\/li>\n<li data-start=\"829\" data-end=\"889\">\n<p data-start=\"831\" data-end=\"889\"><strong data-start=\"831\" data-end=\"841\">Pig:<\/strong> Pasteurella pneumonia and MMA complex<\/p>\n<\/li>\n<\/ul>\n<hr data-start=\"891\" data-end=\"894\" \/>\n<p data-start=\"896\" data-end=\"924\"><strong data-start=\"896\" data-end=\"924\">DOSAGE AND APPLICATION PROCEDURE:<\/strong><\/p>\n<p data-start=\"926\" data-end=\"998\">1 ml per 10 kg of live weight <strong data-start=\"954\" data-end=\"971\">ASHOXY 20% LA<\/strong> injection is applied.<\/p>\n<ul data-start=\"1000\" data-end=\"1244\" data-is-last-node=\"\" data-is-only-node=\"\">\n<li data-start=\"1000\" data-end=\"1076\">\n<p data-start=\"1002\" data-end=\"1076\"><strong data-start=\"1002\" data-end=\"1013\">In the cow:<\/strong> No more than 10 ml of medication should be injected into a single injection site.<\/p>\n<\/li>\n<li data-start=\"1077\" data-end=\"1164\">\n<p data-start=\"1079\" data-end=\"1164\"><strong data-start=\"1079\" data-end=\"1103\">In sheep and pigs:<\/strong> No more than 5 ml should be administered per injection site.<\/p>\n<\/li>\n<li data-start=\"1165\" data-end=\"1244\" data-is-last-node=\"\">\n<p data-start=\"1167\" data-end=\"1244\" data-is-last-node=\"\"><strong data-start=\"1167\" data-end=\"1208\">In pigs weighing less than 10 kg:<\/strong> A maximum of 1 ml should be used.<\/p>\n<\/li>\n<\/ul>\n<\/div>\n<p><!-- .vgblk-rw-wrapper --><\/p>","protected":false},"excerpt":{"rendered":"<p>T\u018fRK\u0130B\u0130: H\u0259r ml-d\u0259:Oksitetrasiklin dihidrat (Oksitetrasiklin ekvivalent)\u2026\u2026\u2026\u2026..200 mqK\u00f6m\u0259k\u00e7i madd\u0259\u2026\u2026\u2026\u2026\u2026\u2026\u2026\u2026\u2026\u2026\u2026\u2026\u2026\u2026\u2026\u2026\u2026\u2026\u2026\u2026\u2026\u2026\u2026\u2026\u2026\u2026\u2026q.s. G\u00d6ST\u018fR\u0130\u015eL\u018fR: ASHOXY 20% LA oksitetrasiklin\u0259 h\u0259ssas mikroorqanizml\u0259r t\u0259r\u0259find\u0259n t\u00f6r\u0259dil\u0259n m\u0259d\u0259-ba\u011f\u0131rsaq, t\u0259n\u0259ff\u00fcs v\u0259 cinsiyy\u0259t yollar\u0131n\u0131n infeksiyalar\u0131n\u0131n m\u00fcalic\u0259si \u00fc\u00e7\u00fcn istifad\u0259 olunur. Bunlara a\u015fa\u011f\u0131dak\u0131 mikroorqanizml\u0259r daxildir:Bordetella, Campylobacter, Chlamydia, E. coli, Haemophilus, Mycoplasma, Pasteurella, Rickettsia, Salmonella, Staphylococcus v\u0259 Streptococcus spp. Heyvanlar \u00fczr\u0259 g\u00f6st\u0259ri\u015fl\u0259r: \u0130n\u0259k: Pasteurelloz, pnevmoniya, metrit, piyometra, mastit, keratokonyunktivit (g\u00f6z&#8230;<\/p>","protected":false},"featured_media":988690,"comment_status":"closed","ping_status":"closed","template":"","meta":{"nf_dc_page":"","_monsterinsights_skip_tracking":false,"_monsterinsights_sitenote_active":false,"_monsterinsights_sitenote_note":"","_monsterinsights_sitenote_category":0},"product_brand":[],"product_cat":[114,251,108],"product_tag":[],"class_list":{"0":"post-988689","1":"product","2":"type-product","3":"status-publish","4":"has-post-thumbnail","6":"product_cat-sheep","7":"product_cat-veterinary-products","8":"product_cat-cow","10":"first","11":"instock","12":"shipping-taxable","13":"product-type-simple"},"jetpack_sharing_enabled":true,"_links":{"self":[{"href":"https:\/\/agrovetazerbaijan.az\/en\/wp-json\/wp\/v2\/product\/988689","targetHints":{"allow":["GET"]}}],"collection":[{"href":"https:\/\/agrovetazerbaijan.az\/en\/wp-json\/wp\/v2\/product"}],"about":[{"href":"https:\/\/agrovetazerbaijan.az\/en\/wp-json\/wp\/v2\/types\/product"}],"replies":[{"embeddable":true,"href":"https:\/\/agrovetazerbaijan.az\/en\/wp-json\/wp\/v2\/comments?post=988689"}],"version-history":[{"count":2,"href":"https:\/\/agrovetazerbaijan.az\/en\/wp-json\/wp\/v2\/product\/988689\/revisions"}],"predecessor-version":[{"id":989770,"href":"https:\/\/agrovetazerbaijan.az\/en\/wp-json\/wp\/v2\/product\/988689\/revisions\/989770"}],"wp:featuredmedia":[{"embeddable":true,"href":"https:\/\/agrovetazerbaijan.az\/en\/wp-json\/wp\/v2\/media\/988690"}],"wp:attachment":[{"href":"https:\/\/agrovetazerbaijan.az\/en\/wp-json\/wp\/v2\/media?parent=988689"}],"wp:term":[{"taxonomy":"product_brand","embeddable":true,"href":"https:\/\/agrovetazerbaijan.az\/en\/wp-json\/wp\/v2\/product_brand?post=988689"},{"taxonomy":"product_cat","embeddable":true,"href":"https:\/\/agrovetazerbaijan.az\/en\/wp-json\/wp\/v2\/product_cat?post=988689"},{"taxonomy":"product_tag","embeddable":true,"href":"https:\/\/agrovetazerbaijan.az\/en\/wp-json\/wp\/v2\/product_tag?post=988689"}],"curies":[{"name":"wp","href":"https:\/\/api.w.org\/{rel}","templated":true}]}}