{"id":988686,"date":"2025-03-19T18:14:01","date_gmt":"2025-03-19T18:14:01","guid":{"rendered":"https:\/\/agrovetazerbaijan.az\/?post_type=product&#038;p=988686"},"modified":"2025-06-30T23:24:41","modified_gmt":"2025-06-30T23:24:41","slug":"ashoxy-10-injection","status":"publish","type":"product","link":"https:\/\/agrovetazerbaijan.az\/en\/product\/ashoxy-10-injection\/","title":{"rendered":"ASHOXY 10% Injection"},"content":{"rendered":"<div class=\"vgblk-rw-wrapper limit-wrapper\">\n<p data-start=\"0\" data-end=\"12\"><strong data-start=\"0\" data-end=\"12\">COMPOSITION:<\/strong><\/p>\n<p data-start=\"14\" data-end=\"102\">In each ml:<br data-start=\"24\" data-end=\"27\" \/>Oxytetracycline hydrochloride BP \u2026\u2026\u2026100 mg<br data-start=\"67\" data-end=\"70\" \/>Excipient \u2026\u2026\u2026\u2026\u2026\u2026\u2026\u2026\u2026\u2026\u2026\u2026\u2026\u2026\u2026\u2026qs<\/p>\n<hr data-start=\"104\" data-end=\"107\" \/>\n<p data-start=\"109\" data-end=\"125\"><strong data-start=\"109\" data-end=\"125\">INDICATIONS:<\/strong><\/p>\n<p data-start=\"127\" data-end=\"431\"><strong data-start=\"127\" data-end=\"151\">ASHOXY 10% injection<\/strong> It is intended for the treatment of diseases caused by microorganisms sensitive to oxytetracycline. These include:<br data-start=\"281\" data-end=\"284\" \/>Bordetella, Campylobacter, Chlamydia, E. coli, Haemophilus, Mycoplasma, Pasteurella, Rickettsia, Salmonella, Staphylococcus and Streptococcus spp.<\/p>\n<p data-start=\"433\" data-end=\"489\">Applicable animals: Cow, sheep, goat, pig and horse.<\/p>\n<hr data-start=\"491\" data-end=\"494\" \/>\n<p data-start=\"496\" data-end=\"524\"><strong data-start=\"496\" data-end=\"524\">DOSAGE AND APPLICATION PROCEDURE:<\/strong><\/p>\n<p data-start=\"526\" data-end=\"618\">It is used only for intramuscular (IM), intravenous (IV), or subcutaneous (SC) injection.<\/p>\n<ul data-start=\"620\" data-end=\"800\" data-is-last-node=\"\" data-is-only-node=\"\">\n<li data-start=\"620\" data-end=\"712\">\n<p data-start=\"622\" data-end=\"712\"><strong data-start=\"622\" data-end=\"642\">Large animals:<\/strong> 1 ml per 5-10 kg of live weight per day <strong data-start=\"679\" data-end=\"693\">ASHOXY 10%<\/strong>, lasting 3-5 days<\/p>\n<\/li>\n<li data-start=\"713\" data-end=\"800\" data-is-last-node=\"\">\n<p data-start=\"715\" data-end=\"800\" data-is-last-node=\"\"><strong data-start=\"715\" data-end=\"735\">Small animals:<\/strong> 1 ml per 5 kg of live weight per day <strong data-start=\"769\" data-end=\"783\">ASHOXY 10%<\/strong>, lasting 3-5 days<\/p>\n<\/li>\n<\/ul>\n<\/div>\n<p><!-- .vgblk-rw-wrapper --><\/p>","protected":false},"excerpt":{"rendered":"<p>T\u018fRK\u0130B\u0130: H\u0259r ml-d\u0259:Oksitetrasiklin hidroxlod\u00fcr BP \u2026\u2026\u2026100 mqK\u00f6m\u0259k\u00e7i madd\u0259 \u2026\u2026\u2026\u2026\u2026\u2026\u2026\u2026\u2026\u2026\u2026\u2026\u2026\u2026q.s. G\u00d6ST\u018fR\u0130\u015eL\u018fR: ASHOXY 10% inyeksiya oksitetrasiklin\u0259 h\u0259ssas mikroorqanizml\u0259r t\u0259r\u0259find\u0259n t\u00f6r\u0259dil\u0259n x\u0259st\u0259likl\u0259rin m\u00fcalic\u0259si \u00fc\u00e7\u00fcn n\u0259z\u0259rd\u0259 tutulmu\u015fdur. Bunlara daxildir:Bordetella, Campylobacter, Chlamydia, E. coli, Haemophilus, Mycoplasma, Pasteurella, Rickettsia, Salmonella, Staphylococcus v\u0259 Streptococcus spp. T\u0259tbiq olunan heyvanlar: \u0130n\u0259k, qoyun, ke\u00e7i, donuz v\u0259 at. DOZAJ V\u018f T\u018fTB\u0130Q QAYDASI: Yaln\u0131z \u0259z\u0259l\u0259daxili (IM), venadaxili&#8230;<\/p>","protected":false},"featured_media":988687,"comment_status":"closed","ping_status":"closed","template":"","meta":{"nf_dc_page":"","_monsterinsights_skip_tracking":false,"_monsterinsights_sitenote_active":false,"_monsterinsights_sitenote_note":"","_monsterinsights_sitenote_category":0},"product_brand":[],"product_cat":[108,251,114],"product_tag":[],"class_list":{"0":"post-988686","1":"product","2":"type-product","3":"status-publish","4":"has-post-thumbnail","6":"product_cat-cow","7":"product_cat-veterinary-products","8":"product_cat-sheep","10":"first","11":"instock","12":"shipping-taxable","13":"product-type-simple"},"jetpack_sharing_enabled":true,"_links":{"self":[{"href":"https:\/\/agrovetazerbaijan.az\/en\/wp-json\/wp\/v2\/product\/988686","targetHints":{"allow":["GET"]}}],"collection":[{"href":"https:\/\/agrovetazerbaijan.az\/en\/wp-json\/wp\/v2\/product"}],"about":[{"href":"https:\/\/agrovetazerbaijan.az\/en\/wp-json\/wp\/v2\/types\/product"}],"replies":[{"embeddable":true,"href":"https:\/\/agrovetazerbaijan.az\/en\/wp-json\/wp\/v2\/comments?post=988686"}],"version-history":[{"count":3,"href":"https:\/\/agrovetazerbaijan.az\/en\/wp-json\/wp\/v2\/product\/988686\/revisions"}],"predecessor-version":[{"id":989771,"href":"https:\/\/agrovetazerbaijan.az\/en\/wp-json\/wp\/v2\/product\/988686\/revisions\/989771"}],"wp:featuredmedia":[{"embeddable":true,"href":"https:\/\/agrovetazerbaijan.az\/en\/wp-json\/wp\/v2\/media\/988687"}],"wp:attachment":[{"href":"https:\/\/agrovetazerbaijan.az\/en\/wp-json\/wp\/v2\/media?parent=988686"}],"wp:term":[{"taxonomy":"product_brand","embeddable":true,"href":"https:\/\/agrovetazerbaijan.az\/en\/wp-json\/wp\/v2\/product_brand?post=988686"},{"taxonomy":"product_cat","embeddable":true,"href":"https:\/\/agrovetazerbaijan.az\/en\/wp-json\/wp\/v2\/product_cat?post=988686"},{"taxonomy":"product_tag","embeddable":true,"href":"https:\/\/agrovetazerbaijan.az\/en\/wp-json\/wp\/v2\/product_tag?post=988686"}],"curies":[{"name":"wp","href":"https:\/\/api.w.org\/{rel}","templated":true}]}}