{"id":988670,"date":"2025-03-19T18:05:07","date_gmt":"2025-03-19T18:05:07","guid":{"rendered":"https:\/\/agrovetazerbaijan.az\/?post_type=product&#038;p=988670"},"modified":"2025-06-30T23:11:23","modified_gmt":"2025-06-30T23:11:23","slug":"ashiver-injection","status":"publish","type":"product","link":"https:\/\/agrovetazerbaijan.az\/en\/product\/ashiver-injection\/","title":{"rendered":"ASHIVER Injection"},"content":{"rendered":"<div class=\"vgblk-rw-wrapper limit-wrapper\">\n<p data-start=\"0\" data-end=\"12\"><strong data-start=\"0\" data-end=\"12\">COMPOSITION:<\/strong><\/p>\n<p data-start=\"14\" data-end=\"92\">In each ml:<br data-start=\"24\" data-end=\"27\" \/>Ivermectin \u2026\u2026\u2026\u2026\u2026\u2026\u2026\u2026\u2026\u2026\u2026\u202610 mg<br data-start=\"55\" data-end=\"58\" \/>Benzyl alcohol \u2026\u2026\u2026\u2026\u2026\u2026\u2026\u2026\u2026\u2026\u2026..1.5% v\/v<\/p>\n<hr data-start=\"94\" data-end=\"97\" \/>\n<p data-start=\"99\" data-end=\"115\"><strong data-start=\"99\" data-end=\"115\">INDICATIONS:<\/strong><\/p>\n<p data-start=\"117\" data-end=\"202\">This drug is used in the treatment and control of the following parasitic diseases:<\/p>\n<ul data-start=\"204\" data-end=\"378\">\n<li data-start=\"204\" data-end=\"235\">\n<p data-start=\"206\" data-end=\"235\">Gastrointestinal roundworms<\/p>\n<\/li>\n<li data-start=\"236\" data-end=\"256\">\n<p data-start=\"238\" data-end=\"256\">Lungworms<\/p>\n<\/li>\n<li data-start=\"257\" data-end=\"273\">\n<p data-start=\"259\" data-end=\"273\">Eye worms<\/p>\n<\/li>\n<li data-start=\"274\" data-end=\"318\">\n<p data-start=\"276\" data-end=\"318\">Subcutaneous worm infestations (warbles)<\/p>\n<\/li>\n<li data-start=\"319\" data-end=\"378\">\n<p data-start=\"321\" data-end=\"378\">External parasites: ticks, scabies mites (mange), lice<\/p>\n<\/li>\n<\/ul>\n<p data-start=\"380\" data-end=\"472\">It is applied in the following animal species:<br data-start=\"422\" data-end=\"425\" \/>Cow, buffalo, horse, sheep, goat, camel, pig and dog<\/p>\n<hr data-start=\"474\" data-end=\"477\" \/>\n<p data-start=\"479\" data-end=\"507\"><strong data-start=\"479\" data-end=\"507\">DOSAGE AND APPLICATION PROCEDURE:<\/strong><\/p>\n<p data-start=\"509\" data-end=\"545\">For subcutaneous (SC) injection only.<\/p>\n<p data-start=\"547\" data-end=\"645\"><strong data-start=\"547\" data-end=\"604\">In cows, buffaloes, horses, sheep, goats, pigs, camels and dogs:<\/strong><br data-start=\"604\" data-end=\"607\" \/>1 ml injection per 50 kg of live weight.<\/p>\n<p data-start=\"647\" data-end=\"729\" data-is-last-node=\"\" data-is-only-node=\"\"><strong data-start=\"647\" data-end=\"656\">Note:<\/strong> In large animals, a maximum of 10 ml should be injected per injection site.<\/p>\n<\/div>\n<p><!-- .vgblk-rw-wrapper --><\/p>","protected":false},"excerpt":{"rendered":"<p>T\u018fRK\u0130B\u0130: H\u0259r ml-d\u0259:\u0130vermektin \u2026\u2026\u2026\u2026\u2026\u2026\u2026\u2026\u2026\u2026\u2026\u202610 mqBenzil spirt \u2026\u2026\u2026\u2026\u2026\u2026\u2026\u2026\u2026\u2026\u2026..1.5% v\/v G\u00d6ST\u018fR\u0130\u015eL\u018fR: Bu preparat a\u015fa\u011f\u0131dak\u0131 parazitar x\u0259st\u0259likl\u0259rin m\u00fcalic\u0259 v\u0259 n\u0259zar\u0259tind\u0259 istifad\u0259 olunur: M\u0259d\u0259-ba\u011f\u0131rsaq yumruqurdlar\u0131 A\u011fciy\u0259r qurdlar\u0131 G\u00f6z qurdlar\u0131 D\u0259ri alt\u0131 qurd infestasiyalar\u0131 (warbles) Xarici parazitl\u0259r: g\u0259n\u0259l\u0259r, uyuz g\u0259n\u0259l\u0259ri (mange), bitl\u0259r A\u015fa\u011f\u0131dak\u0131 heyvan n\u00f6vl\u0259rind\u0259 t\u0259tbiq olunur:\u0130nek, cam\u0131\u015f, at, qoyun, ke\u00e7i, d\u0259v\u0259, donuz v\u0259 it DOZAJ V\u018f T\u018fTB\u0130Q QAYDASI: Yaln\u0131z&#8230;<\/p>","protected":false},"featured_media":988671,"comment_status":"closed","ping_status":"closed","template":"","meta":{"nf_dc_page":"","_monsterinsights_skip_tracking":false,"_monsterinsights_sitenote_active":false,"_monsterinsights_sitenote_note":"","_monsterinsights_sitenote_category":0},"product_brand":[],"product_cat":[114,251,108],"product_tag":[],"class_list":{"0":"post-988670","1":"product","2":"type-product","3":"status-publish","4":"has-post-thumbnail","6":"product_cat-sheep","7":"product_cat-veterinary-products","8":"product_cat-cow","10":"first","11":"instock","12":"shipping-taxable","13":"product-type-simple"},"jetpack_sharing_enabled":true,"_links":{"self":[{"href":"https:\/\/agrovetazerbaijan.az\/en\/wp-json\/wp\/v2\/product\/988670","targetHints":{"allow":["GET"]}}],"collection":[{"href":"https:\/\/agrovetazerbaijan.az\/en\/wp-json\/wp\/v2\/product"}],"about":[{"href":"https:\/\/agrovetazerbaijan.az\/en\/wp-json\/wp\/v2\/types\/product"}],"replies":[{"embeddable":true,"href":"https:\/\/agrovetazerbaijan.az\/en\/wp-json\/wp\/v2\/comments?post=988670"}],"version-history":[{"count":2,"href":"https:\/\/agrovetazerbaijan.az\/en\/wp-json\/wp\/v2\/product\/988670\/revisions"}],"predecessor-version":[{"id":989765,"href":"https:\/\/agrovetazerbaijan.az\/en\/wp-json\/wp\/v2\/product\/988670\/revisions\/989765"}],"wp:featuredmedia":[{"embeddable":true,"href":"https:\/\/agrovetazerbaijan.az\/en\/wp-json\/wp\/v2\/media\/988671"}],"wp:attachment":[{"href":"https:\/\/agrovetazerbaijan.az\/en\/wp-json\/wp\/v2\/media?parent=988670"}],"wp:term":[{"taxonomy":"product_brand","embeddable":true,"href":"https:\/\/agrovetazerbaijan.az\/en\/wp-json\/wp\/v2\/product_brand?post=988670"},{"taxonomy":"product_cat","embeddable":true,"href":"https:\/\/agrovetazerbaijan.az\/en\/wp-json\/wp\/v2\/product_cat?post=988670"},{"taxonomy":"product_tag","embeddable":true,"href":"https:\/\/agrovetazerbaijan.az\/en\/wp-json\/wp\/v2\/product_tag?post=988670"}],"curies":[{"name":"wp","href":"https:\/\/api.w.org\/{rel}","templated":true}]}}