{"id":988585,"date":"2025-03-10T09:38:52","date_gmt":"2025-03-10T09:38:52","guid":{"rendered":"https:\/\/agrovetazerbaijan.az\/?post_type=product&#038;p=988585"},"modified":"2025-06-30T23:35:16","modified_gmt":"2025-06-30T23:35:16","slug":"albectin-suspension","status":"publish","type":"product","link":"https:\/\/agrovetazerbaijan.az\/en\/product\/albectin-suspension\/","title":{"rendered":"ALBECTIN Suspension"},"content":{"rendered":"<div class=\"vgblk-rw-wrapper limit-wrapper\">\n<div class=\"woocommerce-product-details__short-description\">\n<p data-start=\"0\" data-end=\"12\"><strong data-start=\"0\" data-end=\"12\">COMPOSITION:<\/strong><\/p>\n<p data-start=\"14\" data-end=\"101\">In each ml:<br data-start=\"24\" data-end=\"27\" \/>Albendazole \u2026\u2026\u2026\u2026\u2026\u2026100 mg<br data-start=\"50\" data-end=\"53\" \/>Ivermectin \u2026\u2026\u2026\u2026\u2026\u20262 mg<br data-start=\"74\" data-end=\"77\" \/>Excipients \u2026\u2026\u2026qs<\/p>\n<hr data-start=\"103\" data-end=\"106\" \/>\n<p data-start=\"108\" data-end=\"124\"><strong data-start=\"108\" data-end=\"124\">INDICATIONS:<\/strong><\/p>\n<p data-start=\"126\" data-end=\"342\"><strong data-start=\"126\" data-end=\"151\">ALBECTIN suspension<\/strong> It is used for the elimination and control of both adult and larval (4th stage) forms of gastrointestinal nematodes, as well as external parasites, in cows, sheep and goats.<\/p>\n<ul data-start=\"344\" data-end=\"877\">\n<li data-start=\"344\" data-end=\"520\">\n<p data-start=\"346\" data-end=\"520\">Roundworms (adults and 4th stage larvae): Ostertagia spp., Cooperia spp., Strongyloides spp., Nematodirus spp., Bunostomum spp., Trichuris spp., Oesophagostomum spp.<\/p>\n<\/li>\n<li data-start=\"521\" data-end=\"578\">\n<p data-start=\"523\" data-end=\"578\">Lungworms (adult and larva): Dictyocaulus spp.<\/p>\n<\/li>\n<li data-start=\"579\" data-end=\"613\">\n<p data-start=\"581\" data-end=\"613\">Stomach worms: Haemonchus spp.<\/p>\n<\/li>\n<li data-start=\"614\" data-end=\"662\">\n<p data-start=\"616\" data-end=\"662\">Tapeworms (head and segments): Taenia spp.<\/p>\n<\/li>\n<li data-start=\"663\" data-end=\"877\">\n<p data-start=\"665\" data-end=\"685\">External parasites:<\/p>\n<ul data-start=\"688\" data-end=\"877\">\n<li data-start=\"688\" data-end=\"727\">\n<p data-start=\"690\" data-end=\"727\">Cow ticks (Boophilus microplus)<\/p>\n<\/li>\n<li data-start=\"730\" data-end=\"781\">\n<p data-start=\"732\" data-end=\"781\">Scabies mites (Sarcoptes bovis, Psoroptes ovis)<\/p>\n<\/li>\n<li data-start=\"784\" data-end=\"836\">\n<p data-start=\"786\" data-end=\"836\">Oestrid larvae (Hypoderma ovis, Oestrus ovis)<\/p>\n<\/li>\n<li data-start=\"839\" data-end=\"877\">\n<p data-start=\"841\" data-end=\"877\">Milk-sucking lice (Linognathus vituli)<\/p>\n<\/li>\n<\/ul>\n<\/li>\n<\/ul>\n<hr data-start=\"879\" data-end=\"882\" \/>\n<p data-start=\"884\" data-end=\"912\"><strong data-start=\"884\" data-end=\"912\">DOSAGE AND APPLICATION PROCEDURE:<\/strong><\/p>\n<p data-start=\"914\" data-end=\"969\">It is administered only through the mouth (in the form of a drip).<\/p>\n<p data-start=\"971\" data-end=\"1071\"><strong data-start=\"971\" data-end=\"1003\">For cows, sheep and goats:<\/strong><br data-start=\"1003\" data-end=\"1006\" \/>1 ml per 10-13 kg of live weight <strong data-start=\"1037\" data-end=\"1049\">ALBECTIN<\/strong> suspension is given.<\/p>\n<hr data-start=\"1073\" data-end=\"1076\" \/>\n<p data-start=\"1078\" data-end=\"1129\"><strong data-start=\"1078\" data-end=\"1094\">PACKAGING:<\/strong><br data-start=\"1094\" data-end=\"1097\" \/>It is presented in a 1000 ml container.<\/p>\n<\/div>\n<\/div>\n<p><!-- .vgblk-rw-wrapper --><\/p>","protected":false},"excerpt":{"rendered":"<p>T\u018fRK\u0130B\u0130: H\u0259r ml-d\u0259:Albendazol \u2026\u2026\u2026\u2026\u2026\u2026100 mq\u0130vermektin \u2026\u2026\u2026\u2026\u2026\u20262 mqK\u00f6m\u0259k\u00e7i madd\u0259l\u0259r \u2026\u2026\u2026q.s. G\u00d6ST\u018fR\u0130\u015eL\u018fR: ALBECTIN suspenziyas\u0131 in\u0259k, qoyun v\u0259 ke\u00e7il\u0259rd\u0259 m\u0259d\u0259-ba\u011f\u0131rsaq nematodlar\u0131n\u0131n h\u0259m yetkin, h\u0259m d\u0259 s\u00fcrf\u0259 (4-c\u00fc m\u0259rh\u0259l\u0259) formalar\u0131n\u0131n, h\u0259m\u00e7inin xarici parazitl\u0259rin aradan qald\u0131r\u0131lmas\u0131 v\u0259 n\u0259zar\u0259ti \u00fc\u00e7\u00fcn istifad\u0259 olunur. Yumruqurdlar (yetkin v\u0259 4-c\u00fc m\u0259rh\u0259l\u0259 s\u00fcrf\u0259l\u0259ri): Ostertagia spp., Cooperia spp., Strongyloides spp., Nematodirus spp., Bunostomum spp., Trichuris spp., Oesophagostomum&#8230;<\/p>","protected":false},"featured_media":988586,"comment_status":"closed","ping_status":"closed","template":"","meta":{"nf_dc_page":"","_monsterinsights_skip_tracking":false,"_monsterinsights_sitenote_active":false,"_monsterinsights_sitenote_note":"","_monsterinsights_sitenote_category":0},"product_brand":[],"product_cat":[251,108],"product_tag":[],"class_list":{"0":"post-988585","1":"product","2":"type-product","3":"status-publish","4":"has-post-thumbnail","6":"product_cat-veterinary-products","7":"product_cat-cow","9":"first","10":"instock","11":"virtual","12":"product-type-simple"},"jetpack_sharing_enabled":true,"_links":{"self":[{"href":"https:\/\/agrovetazerbaijan.az\/en\/wp-json\/wp\/v2\/product\/988585","targetHints":{"allow":["GET"]}}],"collection":[{"href":"https:\/\/agrovetazerbaijan.az\/en\/wp-json\/wp\/v2\/product"}],"about":[{"href":"https:\/\/agrovetazerbaijan.az\/en\/wp-json\/wp\/v2\/types\/product"}],"replies":[{"embeddable":true,"href":"https:\/\/agrovetazerbaijan.az\/en\/wp-json\/wp\/v2\/comments?post=988585"}],"version-history":[{"count":2,"href":"https:\/\/agrovetazerbaijan.az\/en\/wp-json\/wp\/v2\/product\/988585\/revisions"}],"predecessor-version":[{"id":989774,"href":"https:\/\/agrovetazerbaijan.az\/en\/wp-json\/wp\/v2\/product\/988585\/revisions\/989774"}],"wp:featuredmedia":[{"embeddable":true,"href":"https:\/\/agrovetazerbaijan.az\/en\/wp-json\/wp\/v2\/media\/988586"}],"wp:attachment":[{"href":"https:\/\/agrovetazerbaijan.az\/en\/wp-json\/wp\/v2\/media?parent=988585"}],"wp:term":[{"taxonomy":"product_brand","embeddable":true,"href":"https:\/\/agrovetazerbaijan.az\/en\/wp-json\/wp\/v2\/product_brand?post=988585"},{"taxonomy":"product_cat","embeddable":true,"href":"https:\/\/agrovetazerbaijan.az\/en\/wp-json\/wp\/v2\/product_cat?post=988585"},{"taxonomy":"product_tag","embeddable":true,"href":"https:\/\/agrovetazerbaijan.az\/en\/wp-json\/wp\/v2\/product_tag?post=988585"}],"curies":[{"name":"wp","href":"https:\/\/api.w.org\/{rel}","templated":true}]}}